{"id":3626,"date":"2026-02-18T14:27:50","date_gmt":"2026-02-18T13:27:50","guid":{"rendered":"http:\/\/host.denisdental.com\/prices\/"},"modified":"2026-03-19T13:34:19","modified_gmt":"2026-03-19T12:34:19","slug":"prices","status":"publish","type":"page","link":"https:\/\/denisdental.com\/hu\/prices\/","title":{"rendered":"Fog\u00e1szati szolg\u00e1ltat\u00e1sok \u00e1rai"},"content":{"rendered":"<div class=\"wpb-content-wrapper\"><div class=\"text-center mb-2 tt_pt_34\"><p style=\"text-align: center\" class=\"vc_custom_heading\" >Ez a t\u00e1bl\u00e1zat CSAK \u00f6sszehasonl\u00edt\u00e1si p\u00e9ldak\u00e9nt szolg\u00e1l. A d\u00edjak v\u00e1ltozhatnak. Az egyes betegek teljes ell\u00e1t\u00e1si k\u00f6lts\u00e9gei elt\u00e9r\u0151ek, \u00e9s a szolg\u00e1ltat\u00f3ja tan\u00e1csot fog adni \u00d6nnek az \u00d6n ig\u00e9nyeihez legjobban illeszked\u0151 elj\u00e1r\u00e1sokr\u00f3l.<\/p><\/div><div class=\"nav nav-pills justify-content-center mt-4\" role=\"tablist\"><a class=\"nav-link active\" role=\"tab\" href=\"#tab-A\" data-toggle=\"pill\" aria-expanded=\"true\">Vizsg\u00e1latok \/ Tiszt\u00edt\u00e1s<\/a><a class=\"nav-link\" role=\"tab\" href=\"#tab-B\" data-toggle=\"pill\" aria-expanded=\"false\">Digit\u00e1lis r\u00f6ntgen<\/a><a class=\"nav-link\" role=\"tab\" href=\"#tab-C\" data-toggle=\"pill\" aria-expanded=\"false\">T\u00f6lt\u00e9s \/ Eszt\u00e9tika<\/a><a class=\"nav-link\" role=\"tab\" href=\"#tab-D\" data-toggle=\"pill\" aria-expanded=\"false\">Fogfeh\u00e9r\u00edt\u00e9s<\/a><a class=\"nav-link\" role=\"tab\" href=\"#tab-E\" data-toggle=\"pill\" aria-expanded=\"false\">Endodontiai fog\u00e1szat<\/a><a class=\"nav-link\" role=\"tab\" href=\"#tab-F\" data-toggle=\"pill\" aria-expanded=\"false\">Parodontol\u00f3giai fog\u00e1szat<\/a><a class=\"nav-link\" role=\"tab\" href=\"#tab-G\" data-toggle=\"pill\" aria-expanded=\"false\">Fogszab\u00e1lyoz\u00e1s<\/a><\/div>\n<div  id=\"tab-content\" class=\"tt-shortcode_vc_row 8 tab-content mt-4\" ><div class=\"tt-shortcode_vc_clmn tab-pane fade show active\" id=\"tab-A\"><div class=\"table-scroll\"><div class=\"shortcode_vc_text   table-wrap\" ><table class=\"table table-bordered price-table js-fixed-table\">\n<tbody>\n<tr>\n<th class=\"fixed-side\">Kezel\u00e9si t\u00edpusok<\/th>\n<th>Egys\u00e9g<\/th>\n<th>\u00c1r (USD)<\/th>\n<th># l\u00e1togat\u00e1sok<\/th>\n<\/tr>\n<tr>\n<td class=\"fixed-side\">\u00c1ltal\u00e1nos vizsg\u00e1lat \/ \u00c1ltal\u00e1nos konzult\u00e1ci\u00f3 \/ Kezel\u00e9si terv<\/td>\n<td>L\u00e1togasson el a  oldalra.<\/td>\n<td>Ingyenes<\/td>\n<td>1<\/td>\n<\/tr>\n<tr>\n<td class=\"fixed-side\">Speci\u00e1lis konzult\u00e1ci\u00f3 \u00e9s kezel\u00e9si terv<\/td>\n<td>L\u00e1togasson el a  oldalra.<\/td>\n<td>15 - 25<\/td>\n<td>1<\/td>\n<\/tr>\n<tr>\n<td class=\"fixed-side\">Tiszt\u00edt\u00e1s \u00e9s pol\u00edroz\u00e1s \u00e1ltal\u00e1nos fogorvossal (Norm\u00e1l)<\/td>\n<td>U&amp;L<\/td>\n<td>25<\/td>\n<td>1<\/td>\n<\/tr>\n<tr>\n<td class=\"fixed-side\">Tiszt\u00edt\u00e1s \u00e9s pol\u00edroz\u00e1s \u00e1ltal\u00e1nos fogorvossal (k\u00f6zepes)<\/td>\n<td>U&amp;L<\/td>\n<td>30<\/td>\n<td>1<\/td>\n<\/tr>\n<tr>\n<td class=\"fixed-side\">Tiszt\u00edt\u00e1s \u00e9s pol\u00edroz\u00e1s \u00e1ltal\u00e1nos fogorvossal (neh\u00e9z)<\/td>\n<td>U&amp;L<\/td>\n<td>35<\/td>\n<td>1<\/td>\n<\/tr>\n<tr>\n<td class=\"fixed-side\">Tiszt\u00edt\u00e1s \u00e9s pol\u00edroz\u00e1s vezet\u0151 fogorvossal (Norm\u00e1l)<\/td>\n<td>U&amp;L<\/td>\n<td>35<\/td>\n<td>1<\/td>\n<\/tr>\n<tr>\n<td class=\"fixed-side\">Tiszt\u00edt\u00e1s \u00e9s pol\u00edroz\u00e1s vezet\u0151 fogorvossal (k\u00f6zepes)<\/td>\n<td>U&amp;L<\/td>\n<td>40<\/td>\n<td>1<\/td>\n<\/tr>\n<tr>\n<td class=\"fixed-side\">Tiszt\u00edt\u00e1s \u00e9s pol\u00edroz\u00e1s a vezet\u0151 fogorvossal (neh\u00e9z)<\/td>\n<td>U&amp;L<\/td>\n<td>45<\/td>\n<td>1<\/td>\n<\/tr>\n<tr>\n<td class=\"fixed-side\">Tiszt\u00edt\u00e1s L.A negyed alatt<\/td>\n<td>Negyedik r\u00e9sz<\/td>\n<td>30<\/td>\n<td>1<\/td>\n<\/tr>\n<\/tbody>\n<\/table>\n<\/div><\/div><\/div><div class=\"tt-shortcode_vc_clmn tab-pane fade\" id=\"tab-B\"><div class=\"table-scroll\"><div class=\"shortcode_vc_text   table-wrap\" ><table class=\"table table-bordered price-table js-fixed-table\">\n<tbody>\n<tr>\n<th class=\"fixed-side\">KEZEL\u00c9SI T\u00cdPUSOK<\/th>\n<th>Egys\u00e9g<\/th>\n<th>\u00c1r (USD)<\/th>\n<th># l\u00e1togat\u00e1sok<\/th>\n<\/tr>\n<tr>\n<td class=\"fixed-side\">Tiszt\u00edt\u00e1s \u00e9s pol\u00edroz\u00e1s vezet\u0151 fogorvossal (Norm\u00e1l)<\/td>\n<td>U&amp;L<\/td>\n<td>35<\/td>\n<td>1<\/td>\n<\/tr>\n<tr>\n<td class=\"fixed-side\">Tiszt\u00edt\u00e1s \u00e9s pol\u00edroz\u00e1s vezet\u0151 fogorvossal (k\u00f6zepes)<\/td>\n<td>U&amp;L<\/td>\n<td>40<\/td>\n<td>1<\/td>\n<\/tr>\n<tr>\n<td class=\"fixed-side\">Tiszt\u00edt\u00e1s \u00e9s pol\u00edroz\u00e1s a vezet\u0151 fogorvossal (neh\u00e9z)<\/td>\n<td>U&amp;L<\/td>\n<td>45<\/td>\n<td>1<\/td>\n<\/tr>\n<tr>\n<td class=\"fixed-side\">Tiszt\u00edt\u00e1s L.A negyed alatt<\/td>\n<td>Negyedik r\u00e9sz<\/td>\n<td>30<\/td>\n<td>1<\/td>\n<\/tr>\n<tr>\n<td class=\"fixed-side\">\u00c1ltal\u00e1nos vizsg\u00e1lat \/ \u00c1ltal\u00e1nos konzult\u00e1ci\u00f3 \/ Kezel\u00e9si terv<\/td>\n<td>L\u00e1togasson el a  oldalra.<\/td>\n<td>Ingyenes<\/td>\n<td>1<\/td>\n<\/tr>\n<tr>\n<td class=\"fixed-side\">Speci\u00e1lis konzult\u00e1ci\u00f3 \u00e9s kezel\u00e9si terv<\/td>\n<td>L\u00e1togasson el a  oldalra.<\/td>\n<td>15 - 25<\/td>\n<td>1<\/td>\n<\/tr>\n<tr>\n<td class=\"fixed-side\">Tiszt\u00edt\u00e1s \u00e9s pol\u00edroz\u00e1s \u00e1ltal\u00e1nos fogorvossal (Norm\u00e1l)<\/td>\n<td>U&amp;L<\/td>\n<td>25<\/td>\n<td>1<\/td>\n<\/tr>\n<tr>\n<td class=\"fixed-side\">Tiszt\u00edt\u00e1s \u00e9s pol\u00edroz\u00e1s \u00e1ltal\u00e1nos fogorvossal (k\u00f6zepes)<\/td>\n<td>U&amp;L<\/td>\n<td>30<\/td>\n<td>1<\/td>\n<\/tr>\n<tr>\n<td class=\"fixed-side\">Tiszt\u00edt\u00e1s \u00e9s pol\u00edroz\u00e1s \u00e1ltal\u00e1nos fogorvossal (neh\u00e9z)<\/td>\n<td>U&amp;L<\/td>\n<td>35<\/td>\n<td>1<\/td>\n<\/tr>\n<\/tbody>\n<\/table>\n<\/div><\/div><\/div><div class=\"tt-shortcode_vc_clmn tab-pane fade\" id=\"tab-C\"><div class=\"table-scroll\"><div class=\"shortcode_vc_text   table-wrap\" ><table class=\"table table-bordered price-table js-fixed-table\">\n<tbody>\n<tr>\n<th class=\"fixed-side\">KEZEL\u00c9SI T\u00cdPUSOK<\/th>\n<th>Egys\u00e9g<\/th>\n<th>\u00c1r (USD)<\/th>\n<th># l\u00e1togat\u00e1sok<\/th>\n<\/tr>\n<tr>\n<td class=\"fixed-side\">Tiszt\u00edt\u00e1s L.A negyed alatt<\/td>\n<td>Negyedik r\u00e9sz<\/td>\n<td>30<\/td>\n<td>1<\/td>\n<\/tr>\n<tr>\n<td class=\"fixed-side\">\u00c1ltal\u00e1nos vizsg\u00e1lat \/ \u00c1ltal\u00e1nos konzult\u00e1ci\u00f3 \/ Kezel\u00e9si terv<\/td>\n<td>L\u00e1togasson el a  oldalra.<\/td>\n<td>Ingyenes<\/td>\n<td>1<\/td>\n<\/tr>\n<tr>\n<td class=\"fixed-side\">Tiszt\u00edt\u00e1s \u00e9s pol\u00edroz\u00e1s vezet\u0151 fogorvossal (Norm\u00e1l)<\/td>\n<td>U&amp;L<\/td>\n<td>35<\/td>\n<td>1<\/td>\n<\/tr>\n<tr>\n<td class=\"fixed-side\">Tiszt\u00edt\u00e1s \u00e9s pol\u00edroz\u00e1s vezet\u0151 fogorvossal (k\u00f6zepes)<\/td>\n<td>U&amp;L<\/td>\n<td>40<\/td>\n<td>1<\/td>\n<\/tr>\n<tr>\n<td class=\"fixed-side\">Speci\u00e1lis konzult\u00e1ci\u00f3 \u00e9s kezel\u00e9si terv<\/td>\n<td>L\u00e1togasson el a  oldalra.<\/td>\n<td>15 - 25<\/td>\n<td>1<\/td>\n<\/tr>\n<tr>\n<td class=\"fixed-side\">Tiszt\u00edt\u00e1s \u00e9s pol\u00edroz\u00e1s \u00e1ltal\u00e1nos fogorvossal (Norm\u00e1l)<\/td>\n<td>U&amp;L<\/td>\n<td>25<\/td>\n<td>1<\/td>\n<\/tr>\n<tr>\n<td class=\"fixed-side\">Tiszt\u00edt\u00e1s \u00e9s pol\u00edroz\u00e1s \u00e1ltal\u00e1nos fogorvossal (k\u00f6zepes)<\/td>\n<td>U&amp;L<\/td>\n<td>30<\/td>\n<td>1<\/td>\n<\/tr>\n<tr>\n<td class=\"fixed-side\">Tiszt\u00edt\u00e1s \u00e9s pol\u00edroz\u00e1s \u00e1ltal\u00e1nos fogorvossal (neh\u00e9z)<\/td>\n<td>U&amp;L<\/td>\n<td>35<\/td>\n<td>1<\/td>\n<\/tr>\n<\/tbody>\n<\/table>\n<\/div><\/div><\/div><div class=\"tt-shortcode_vc_clmn tab-pane fade\" id=\"tab-D\"><div class=\"table-scroll\"><div class=\"shortcode_vc_text   table-wrap\" ><table class=\"table table-bordered price-table js-fixed-table\">\n<tbody>\n<tr>\n<th class=\"fixed-side\">KEZEL\u00c9SI T\u00cdPUSOK<\/th>\n<th>Egys\u00e9g<\/th>\n<th>\u00c1r (USD)<\/th>\n<th># l\u00e1togat\u00e1sok<\/th>\n<\/tr>\n<tr>\n<td class=\"fixed-side\">Tiszt\u00edt\u00e1s \u00e9s pol\u00edroz\u00e1s \u00e1ltal\u00e1nos fogorvossal (Norm\u00e1l)<\/td>\n<td>U&amp;L<\/td>\n<td>25<\/td>\n<td>1<\/td>\n<\/tr>\n<tr>\n<td class=\"fixed-side\">Tiszt\u00edt\u00e1s \u00e9s pol\u00edroz\u00e1s \u00e1ltal\u00e1nos fogorvossal (k\u00f6zepes)<\/td>\n<td>U&amp;L<\/td>\n<td>30<\/td>\n<td>1<\/td>\n<\/tr>\n<tr>\n<td class=\"fixed-side\">Tiszt\u00edt\u00e1s \u00e9s pol\u00edroz\u00e1s \u00e1ltal\u00e1nos fogorvossal (neh\u00e9z)<\/td>\n<td>U&amp;L<\/td>\n<td>35<\/td>\n<td>1<\/td>\n<\/tr>\n<tr>\n<td class=\"fixed-side\">Tiszt\u00edt\u00e1s \u00e9s pol\u00edroz\u00e1s a vezet\u0151 fogorvossal (neh\u00e9z)<\/td>\n<td>U&amp;L<\/td>\n<td>45<\/td>\n<td>1<\/td>\n<\/tr>\n<tr>\n<td class=\"fixed-side\">Tiszt\u00edt\u00e1s L.A negyed alatt<\/td>\n<td>Negyedik r\u00e9sz<\/td>\n<td>30<\/td>\n<td>1<\/td>\n<\/tr>\n<tr>\n<td class=\"fixed-side\">\u00c1ltal\u00e1nos vizsg\u00e1lat \/ \u00c1ltal\u00e1nos konzult\u00e1ci\u00f3 \/ Kezel\u00e9si terv<\/td>\n<td>L\u00e1togasson el a  oldalra.<\/td>\n<td>Ingyenes<\/td>\n<td>1<\/td>\n<\/tr>\n<tr>\n<td class=\"fixed-side\">Speci\u00e1lis konzult\u00e1ci\u00f3 \u00e9s kezel\u00e9si terv<\/td>\n<td>L\u00e1togasson el a  oldalra.<\/td>\n<td>15 - 25<\/td>\n<td>1<\/td>\n<\/tr>\n<\/tbody>\n<\/table>\n<\/div><\/div><\/div><div class=\"tt-shortcode_vc_clmn tab-pane fade\" id=\"tab-E\"><div class=\"table-scroll\"><div class=\"shortcode_vc_text   table-wrap\" ><table class=\"table table-bordered price-table js-fixed-table\">\n<tbody>\n<tr>\n<th class=\"fixed-side\">KEZEL\u00c9SI T\u00cdPUSOK<\/th>\n<th>Egys\u00e9g<\/th>\n<th>\u00c1r (USD)<\/th>\n<th># l\u00e1togat\u00e1sok<\/th>\n<\/tr>\n<tr>\n<td class=\"fixed-side\">Tiszt\u00edt\u00e1s \u00e9s pol\u00edroz\u00e1s \u00e1ltal\u00e1nos fogorvossal (Norm\u00e1l)<\/td>\n<td>U&amp;L<\/td>\n<td>25<\/td>\n<td>1<\/td>\n<\/tr>\n<tr>\n<td class=\"fixed-side\">Tiszt\u00edt\u00e1s \u00e9s pol\u00edroz\u00e1s \u00e1ltal\u00e1nos fogorvossal (k\u00f6zepes)<\/td>\n<td>U&amp;L<\/td>\n<td>30<\/td>\n<td>1<\/td>\n<\/tr>\n<tr>\n<td class=\"fixed-side\">Tiszt\u00edt\u00e1s L.A negyed alatt<\/td>\n<td>Negyedik r\u00e9sz<\/td>\n<td>30<\/td>\n<td>1<\/td>\n<\/tr>\n<tr>\n<td class=\"fixed-side\">\u00c1ltal\u00e1nos vizsg\u00e1lat \/ \u00c1ltal\u00e1nos konzult\u00e1ci\u00f3 \/ Kezel\u00e9si terv<\/td>\n<td>L\u00e1togasson el a  oldalra.<\/td>\n<td>Ingyenes<\/td>\n<td>1<\/td>\n<\/tr>\n<tr>\n<td class=\"fixed-side\">Speci\u00e1lis konzult\u00e1ci\u00f3 \u00e9s kezel\u00e9si terv<\/td>\n<td>L\u00e1togasson el a  oldalra.<\/td>\n<td>15 - 25<\/td>\n<td>1<\/td>\n<\/tr>\n<tr>\n<td class=\"fixed-side\">Tiszt\u00edt\u00e1s \u00e9s pol\u00edroz\u00e1s \u00e1ltal\u00e1nos fogorvossal (neh\u00e9z)<\/td>\n<td>U&amp;L<\/td>\n<td>35<\/td>\n<td>1<\/td>\n<\/tr>\n<\/tbody>\n<\/table>\n<\/div><\/div><\/div><div class=\"tt-shortcode_vc_clmn tab-pane fade\" id=\"tab-F\"><div class=\"table-scroll\"><div class=\"shortcode_vc_text   table-wrap\" ><table class=\"table table-bordered price-table js-fixed-table\">\n<tbody>\n<tr>\n<th class=\"fixed-side\">KEZEL\u00c9SI T\u00cdPUSOK<\/th>\n<th>Egys\u00e9g<\/th>\n<th>\u00c1r (USD)<\/th>\n<th># l\u00e1togat\u00e1sok<\/th>\n<\/tr>\n<tr>\n<td class=\"fixed-side\">Tiszt\u00edt\u00e1s \u00e9s pol\u00edroz\u00e1s vezet\u0151 fogorvossal (k\u00f6zepes)<\/td>\n<td>U&amp;L<\/td>\n<td>40<\/td>\n<td>1<\/td>\n<\/tr>\n<tr>\n<td class=\"fixed-side\">Tiszt\u00edt\u00e1s \u00e9s pol\u00edroz\u00e1s a vezet\u0151 fogorvossal (neh\u00e9z)<\/td>\n<td>U&amp;L<\/td>\n<td>45<\/td>\n<td>1<\/td>\n<\/tr>\n<tr>\n<td class=\"fixed-side\">Tiszt\u00edt\u00e1s L.A negyed alatt<\/td>\n<td>Negyedik r\u00e9sz<\/td>\n<td>30<\/td>\n<td>1<\/td>\n<\/tr>\n<tr>\n<td class=\"fixed-side\">\u00c1ltal\u00e1nos vizsg\u00e1lat \/ \u00c1ltal\u00e1nos konzult\u00e1ci\u00f3 \/ Kezel\u00e9si terv<\/td>\n<td>L\u00e1togasson el a  oldalra.<\/td>\n<td>Ingyenes<\/td>\n<td>1<\/td>\n<\/tr>\n<tr>\n<td class=\"fixed-side\">Speci\u00e1lis konzult\u00e1ci\u00f3 \u00e9s kezel\u00e9si terv<\/td>\n<td>L\u00e1togasson el a  oldalra.<\/td>\n<td>15 - 25<\/td>\n<td>1<\/td>\n<\/tr>\n<tr>\n<td class=\"fixed-side\">Tiszt\u00edt\u00e1s \u00e9s pol\u00edroz\u00e1s vezet\u0151 fogorvossal (Norm\u00e1l)<\/td>\n<td>U&amp;L<\/td>\n<td>35<\/td>\n<td>1<\/td>\n<\/tr>\n<tr>\n<td class=\"fixed-side\">Tiszt\u00edt\u00e1s \u00e9s pol\u00edroz\u00e1s \u00e1ltal\u00e1nos fogorvossal (Norm\u00e1l)<\/td>\n<td>U&amp;L<\/td>\n<td>25<\/td>\n<td>1<\/td>\n<\/tr>\n<\/tbody>\n<\/table>\n<\/div><\/div><\/div><div class=\"tt-shortcode_vc_clmn tab-pane fade\" id=\"tab-G\"><div class=\"table-scroll\"><div class=\"shortcode_vc_text   table-wrap\" ><table class=\"table table-bordered price-table js-fixed-table\">\n<tbody>\n<tr>\n<th class=\"fixed-side\">KEZEL\u00c9SI T\u00cdPUSOK<\/th>\n<th>Egys\u00e9g<\/th>\n<th>\u00c1r (USD)<\/th>\n<th># l\u00e1togat\u00e1sok<\/th>\n<\/tr>\n<tr>\n<td class=\"fixed-side\">Speci\u00e1lis konzult\u00e1ci\u00f3 \u00e9s kezel\u00e9si terv<\/td>\n<td>L\u00e1togasson el a  oldalra.<\/td>\n<td>15 - 25<\/td>\n<td>1<\/td>\n<\/tr>\n<tr>\n<td class=\"fixed-side\">Tiszt\u00edt\u00e1s \u00e9s pol\u00edroz\u00e1s \u00e1ltal\u00e1nos fogorvossal (Norm\u00e1l)<\/td>\n<td>U&amp;L<\/td>\n<td>25<\/td>\n<td>1<\/td>\n<\/tr>\n<tr>\n<td class=\"fixed-side\">Tiszt\u00edt\u00e1s \u00e9s pol\u00edroz\u00e1s \u00e1ltal\u00e1nos fogorvossal (k\u00f6zepes)<\/td>\n<td>U&amp;L<\/td>\n<td>30<\/td>\n<td>1<\/td>\n<\/tr>\n<tr>\n<td class=\"fixed-side\">Tiszt\u00edt\u00e1s \u00e9s pol\u00edroz\u00e1s \u00e1ltal\u00e1nos fogorvossal (neh\u00e9z)<\/td>\n<td>U&amp;L<\/td>\n<td>35<\/td>\n<td>1<\/td>\n<\/tr>\n<\/tbody>\n<\/table>\n<\/div><\/div><\/div><\/div><p class=\"tt_pt_20 text-sub\">* Az al\u00e1bbi \u00e1rak amerikai doll\u00e1rban \u00e9rtend\u0151k.<\/p>\n<div  id=\"specialOffer\" class=\"tt-shortcode_vc_row 8 section\" ><div class=\"shortcode_vc_clmn_inner title-wrap text-center\"><div class=\"h-sub theme-color\">Kedves \u00fcgyfeleinknek<\/div>\n<h2 style=\"text-align: center\" class=\"vc_custom_heading h1\" >K\u00fcl\u00f6nleges aj\u00e1nlatok<\/h2><div class=\"h-decor\"><\/div>\n<\/div><div class=\"row ch-specialoffer-row\" ><div class=\"shortcode_vc_clmn_inner col-sm-6\"><div class=\"rs_inner_block special-card\"><div  class=\"tt-reset-tag-p special-card-photo\"><img loading=\"lazy\" decoding=\"async\" width=\"570\" height=\"323\" src=\"https:\/\/denisdental.com\/wp-content\/uploads\/2026\/02\/special-photo-01-1.avif\" class=\"vc_single_image-img  attachment-full\" alt=\"\" title=\"special-photo-01-1\" srcset=\"https:\/\/denisdental.com\/wp-content\/uploads\/2026\/02\/special-photo-01-1.avif 570w, https:\/\/denisdental.com\/wp-content\/uploads\/2026\/02\/special-photo-01-1-300x170.avif 300w\" sizes=\"auto, (max-width: 570px) 100vw, 570px\" \/><\/div><div class=\"shortcode_vc_text   special-card-caption text-left\" ><div class=\"special-card-txt1\">\u00daj beteg<\/div>\n<div class=\"special-card-txt2\">Aj\u00e1nlat<\/div>\n<div class=\"special-card-txt3\">Teljes k\u00f6r\u0171 konzult\u00e1ci\u00f3, sk\u00e1la \u00e9s lengyel kedvezm\u00e9ny<\/div>\n<div><a class=\"btn\" href=\"\/hu\/schedule\/\"><svg class=\"icon icon-right-arrow\" version=\"1.1\" xmlns=\"http:\/\/www.w3.org\/2000\/svg\" width=\"32\" height=\"32\" viewbox=\"0 0 32 32\"><path d=\"M21.548 5.088c-0.436-0.451-1.162-0.451-1.613 0-0.436 0.436-0.436 1.162 0 1.596l8.177 8.177h-26.984c-0.629 0.001-1.129 0.501-1.129 1.13s0.5 1.145 1.129 1.145h26.984l-8.177 8.162c-0.436 0.451-0.436 1.178 0 1.613 0.451 0.451 1.178 0.451 1.613 0l10.113-10.113c0.451-0.436 0.451-1.162 0-1.596l-10.113-10.114z\"><\/path><\/svg>L\u00e1togat\u00e1s \u00fctemez\u00e9se<svg class=\"icon icon-right-arrow\" version=\"1.1\" xmlns=\"http:\/\/www.w3.org\/2000\/svg\" width=\"32\" height=\"32\" viewbox=\"0 0 32 32\"><path d=\"M21.548 5.088c-0.436-0.451-1.162-0.451-1.613 0-0.436 0.436-0.436 1.162 0 1.596l8.177 8.177h-26.984c-0.629 0.001-1.129 0.501-1.129 1.13s0.5 1.145 1.129 1.145h26.984l-8.177 8.162c-0.436 0.451-0.436 1.178 0 1.613 0.451 0.451 1.178 0.451 1.613 0l10.113-10.113c0.451-0.436 0.451-1.162 0-1.596l-10.113-10.114z\"><\/path><\/svg><\/a><\/div>\n<\/div><\/div><\/div><div class=\"shortcode_vc_clmn_inner col-sm-6\"><div class=\"rs_inner_block special-card\"><div  class=\"tt-reset-tag-p special-card-photo\"><img loading=\"lazy\" decoding=\"async\" width=\"570\" height=\"323\" src=\"https:\/\/denisdental.com\/wp-content\/uploads\/2026\/02\/special-photo-02-1.avif\" class=\"vc_single_image-img  attachment-full\" alt=\"\" title=\"special-photo-02-1\" srcset=\"https:\/\/denisdental.com\/wp-content\/uploads\/2026\/02\/special-photo-02-1.avif 570w, https:\/\/denisdental.com\/wp-content\/uploads\/2026\/02\/special-photo-02-1-300x170.avif 300w\" sizes=\"auto, (max-width: 570px) 100vw, 570px\" \/><\/div><div class=\"shortcode_vc_text   special-card-caption text-left\" ><div class=\"special-card-txt1\">Ingyenes<\/div>\n<div class=\"special-card-txt2\">Konzult\u00e1ci\u00f3<\/div>\n<div class=\"special-card-txt3\">L\u00e9pjen kapcsolatba vel\u00fcnk, hogy t\u00f6bbet tudjon meg err\u0151l az aj\u00e1nlatr\u00f3l<\/div>\n<div><a class=\"btn\" href=\"\/hu\/contact\/\"><svg class=\"icon icon-right-arrow\" version=\"1.1\" xmlns=\"http:\/\/www.w3.org\/2000\/svg\" width=\"32\" height=\"32\" viewbox=\"0 0 32 32\"><path d=\"M21.548 5.088c-0.436-0.451-1.162-0.451-1.613 0-0.436 0.436-0.436 1.162 0 1.596l8.177 8.177h-26.984c-0.629 0.001-1.129 0.501-1.129 1.13s0.5 1.145 1.129 1.145h26.984l-8.177 8.162c-0.436 0.451-0.436 1.178 0 1.613 0.451 0.451 1.178 0.451 1.613 0l10.113-10.113c0.451-0.436 0.451-1.162 0-1.596l-10.113-10.114z\"><\/path><\/svg>Kapcsolatfelv\u00e9tel<svg class=\"icon icon-right-arrow\" version=\"1.1\" xmlns=\"http:\/\/www.w3.org\/2000\/svg\" width=\"32\" height=\"32\" viewbox=\"0 0 32 32\"><path d=\"M21.548 5.088c-0.436-0.451-1.162-0.451-1.613 0-0.436 0.436-0.436 1.162 0 1.596l8.177 8.177h-26.984c-0.629 0.001-1.129 0.501-1.129 1.13s0.5 1.145 1.129 1.145h26.984l-8.177 8.162c-0.436 0.451-0.436 1.178 0 1.613 0.451 0.451 1.178 0.451 1.613 0l10.113-10.113c0.451-0.436 0.451-1.162 0-1.596l-10.113-10.114z\"><\/path><\/svg><\/a><\/div>\n<\/div><\/div><\/div><div class=\"shortcode_vc_clmn_inner col-sm-6\"><div class=\"rs_inner_block special-card mb-0\"><div  class=\"tt-reset-tag-p special-card-photo\"><img loading=\"lazy\" decoding=\"async\" width=\"570\" height=\"323\" src=\"https:\/\/denisdental.com\/wp-content\/uploads\/2026\/02\/special-photo-03-1.avif\" class=\"vc_single_image-img  attachment-full\" alt=\"\" title=\"special-photo-03-1\" srcset=\"https:\/\/denisdental.com\/wp-content\/uploads\/2026\/02\/special-photo-03-1.avif 570w, https:\/\/denisdental.com\/wp-content\/uploads\/2026\/02\/special-photo-03-1-300x170.avif 300w\" sizes=\"auto, (max-width: 570px) 100vw, 570px\" \/><\/div><div class=\"shortcode_vc_text   special-card-caption text-left\" ><div class=\"special-card-txt1\">Feh\u00e9r\u00edt\u0151<\/div>\n<div class=\"special-card-txt2\">L\u00e9zerfogak<\/div>\n<div class=\"special-card-txt3\">\u00e9s otthoni feh\u00e9r\u00edt\u00e9s<\/div>\n<div><a class=\"btn\" href=\"\/hu\/services\/\"><svg class=\"icon icon-right-arrow\" version=\"1.1\" xmlns=\"http:\/\/www.w3.org\/2000\/svg\" width=\"32\" height=\"32\" viewbox=\"0 0 32 32\"><path d=\"M21.548 5.088c-0.436-0.451-1.162-0.451-1.613 0-0.436 0.436-0.436 1.162 0 1.596l8.177 8.177h-26.984c-0.629 0.001-1.129 0.501-1.129 1.13s0.5 1.145 1.129 1.145h26.984l-8.177 8.162c-0.436 0.451-0.436 1.178 0 1.613 0.451 0.451 1.178 0.451 1.613 0l10.113-10.113c0.451-0.436 0.451-1.162 0-1.596l-10.113-10.114z\"><\/path><\/svg>L\u00e1togat\u00e1s \u00fctemez\u00e9se<svg class=\"icon icon-right-arrow\" version=\"1.1\" xmlns=\"http:\/\/www.w3.org\/2000\/svg\" width=\"32\" height=\"32\" viewbox=\"0 0 32 32\"><path d=\"M21.548 5.088c-0.436-0.451-1.162-0.451-1.613 0-0.436 0.436-0.436 1.162 0 1.596l8.177 8.177h-26.984c-0.629 0.001-1.129 0.501-1.129 1.13s0.5 1.145 1.129 1.145h26.984l-8.177 8.162c-0.436 0.451-0.436 1.178 0 1.613 0.451 0.451 1.178 0.451 1.613 0l10.113-10.113c0.451-0.436 0.451-1.162 0-1.596l-10.113-10.114z\"><\/path><\/svg><\/a><\/div>\n<\/div><\/div><\/div><div class=\"shortcode_vc_clmn_inner col-sm-6\"><div class=\"rs_inner_block special-card mb-sm-0\"><div  class=\"tt-reset-tag-p special-card-photo\"><img loading=\"lazy\" decoding=\"async\" width=\"570\" height=\"323\" src=\"https:\/\/denisdental.com\/wp-content\/uploads\/2026\/02\/special-photo-04-1.avif\" class=\"vc_single_image-img  attachment-full\" alt=\"\" title=\"special-photo-04-1\" srcset=\"https:\/\/denisdental.com\/wp-content\/uploads\/2026\/02\/special-photo-04-1.avif 570w, https:\/\/denisdental.com\/wp-content\/uploads\/2026\/02\/special-photo-04-1-300x170.avif 300w\" sizes=\"auto, (max-width: 570px) 100vw, 570px\" \/><\/div><div class=\"shortcode_vc_text   special-card-caption text-left\" ><div class=\"special-card-txt1\">Porcel\u00e1n<\/div>\n<div class=\"special-card-txt2\">furn\u00e9r<\/div>\n<div class=\"special-card-txt3\">6 vagy t\u00f6bb fog egyazon \u00e1llkapocsban, el\u00fcls\u0151 fels\u0151 vagy als\u00f3 fronton<\/div>\n<div><a class=\"btn\" href=\"\/hu\/service-page\/\"><svg class=\"icon icon-right-arrow\" version=\"1.1\" xmlns=\"http:\/\/www.w3.org\/2000\/svg\" width=\"32\" height=\"32\" viewbox=\"0 0 32 32\"><path d=\"M21.548 5.088c-0.436-0.451-1.162-0.451-1.613 0-0.436 0.436-0.436 1.162 0 1.596l8.177 8.177h-26.984c-0.629 0.001-1.129 0.501-1.129 1.13s0.5 1.145 1.129 1.145h26.984l-8.177 8.162c-0.436 0.451-0.436 1.178 0 1.613 0.451 0.451 1.178 0.451 1.613 0l10.113-10.113c0.451-0.436 0.451-1.162 0-1.596l-10.113-10.114z\"><\/path><\/svg>Tudjon meg t\u00f6bbet<svg class=\"icon icon-right-arrow\" version=\"1.1\" xmlns=\"http:\/\/www.w3.org\/2000\/svg\" width=\"32\" height=\"32\" viewbox=\"0 0 32 32\"><path d=\"M21.548 5.088c-0.436-0.451-1.162-0.451-1.613 0-0.436 0.436-0.436 1.162 0 1.596l8.177 8.177h-26.984c-0.629 0.001-1.129 0.501-1.129 1.13s0.5 1.145 1.129 1.145h26.984l-8.177 8.162c-0.436 0.451-0.436 1.178 0 1.613 0.451 0.451 1.178 0.451 1.613 0l10.113-10.113c0.451-0.436 0.451-1.162 0-1.596l-10.113-10.114z\"><\/path><\/svg><\/a><\/div>\n<\/div><\/div><\/div><\/div><\/div>\n<\/div>","protected":false},"excerpt":{"rendered":"This chart is for example comparison purposes ONLY. Fees are subject to change. Each patient\u2019s total cost of care will vary,and your provider will advise you on the best procedures for your needs.Examinations \/ CleaningDigital X-RayFilling \/ AestheticTeeth WhiteningEndodontic DentistryPeriodontic DentistryOrthodontics Treatment Types Unit Price (USD) # of Visits General Examination \/ General Consultation \/ <div class=\"btn-more-wrapper\"><a href=\"https:\/\/denisdental.com\/hu\/prices\/\" class=\"btn btn-sm btn-hover-fill\"><svg class=\"icon icon-right-arrow\" version=\"1.1\" xmlns=\"http:\/\/www.w3.org\/2000\/svg\" width=\"32\" height=\"32\" viewbox=\"0 0 32 32\"><path d=\"M21.548 5.088c-0.436-0.451-1.162-0.451-1.613 0-0.436 0.436-0.436 1.162 0 1.596l8.177 8.177h-26.984c-0.629 0.001-1.129 0.501-1.129 1.13s0.5 1.145 1.129 1.145h26.984l-8.177 8.162c-0.436 0.451-0.436 1.178 0 1.613 0.451 0.451 1.178 0.451 1.613 0l10.113-10.113c0.451-0.436 0.451-1.162 0-1.596l-10.113-10.114z\"><\/path><\/svg>Read More<span class=\"screen-reader-text\"> \"Dental Service Prices\"<\/span><svg class=\"icon icon-right-arrow\" version=\"1.1\" xmlns=\"http:\/\/www.w3.org\/2000\/svg\" width=\"32\" height=\"32\" viewbox=\"0 0 32 32\"><path d=\"M21.548 5.088c-0.436-0.451-1.162-0.451-1.613 0-0.436 0.436-0.436 1.162 0 1.596l8.177 8.177h-26.984c-0.629 0.001-1.129 0.501-1.129 1.13s0.5 1.145 1.129 1.145h26.984l-8.177 8.162c-0.436 0.451-0.436 1.178 0 1.613 0.451 0.451 1.178 0.451 1.613 0l10.113-10.113c0.451-0.436 0.451-1.162 0-1.596l-10.113-10.114z\"><\/path><\/svg><\/a><\/div>","protected":false},"author":1,"featured_media":0,"parent":0,"menu_order":3,"comment_status":"closed","ping_status":"closed","template":"custompagett.php","meta":{"footnotes":""},"class_list":["post-3626","page","type-page","status-publish","hentry"],"aioseo_notices":[],"_links":{"self":[{"href":"https:\/\/denisdental.com\/hu\/wp-json\/wp\/v2\/pages\/3626","targetHints":{"allow":["GET"]}}],"collection":[{"href":"https:\/\/denisdental.com\/hu\/wp-json\/wp\/v2\/pages"}],"about":[{"href":"https:\/\/denisdental.com\/hu\/wp-json\/wp\/v2\/types\/page"}],"author":[{"embeddable":true,"href":"https:\/\/denisdental.com\/hu\/wp-json\/wp\/v2\/users\/1"}],"replies":[{"embeddable":true,"href":"https:\/\/denisdental.com\/hu\/wp-json\/wp\/v2\/comments?post=3626"}],"version-history":[{"count":0,"href":"https:\/\/denisdental.com\/hu\/wp-json\/wp\/v2\/pages\/3626\/revisions"}],"wp:attachment":[{"href":"https:\/\/denisdental.com\/hu\/wp-json\/wp\/v2\/media?parent=3626"}],"curies":[{"name":"wp","href":"https:\/\/api.w.org\/{rel}","templated":true}]}}