{"id":34,"date":"2025-09-24T08:46:43","date_gmt":"2025-09-24T06:46:43","guid":{"rendered":"http:\/\/host.denisdental.com\/contacts\/"},"modified":"2026-04-09T08:24:06","modified_gmt":"2026-04-09T06:24:06","slug":"kontakt","status":"publish","type":"page","link":"https:\/\/denisdental.com\/hu\/kontakt\/","title":{"rendered":"Fog\u00e1szati klinika Magyarorsz\u00e1gon - Kapcsolat"},"content":{"rendered":"<div class=\"wpb-content-wrapper\"><div class=\"tt-shortcode_vc_row 8 section mt-0 googlemap__contact\" ><div class=\"wpb_gmaps_widget wpb_content_element contact-map\"><div class=\"wpb_wrapper\"><div class=\"wpb_map_wraper\"><iframe src=\"https:\/\/www.google.com\/maps\/embed?pb=!1m18!1m12!1m3!1d976.4388686238846!2d17.273429921243093!3d47.87585091352195!2m3!1f0!2f0!3f0!3m2!1i1024!2i768!4f13.1!3m3!1m2!1s0x476c77e22025ae45%3A0xc978fdefd92ab7fe!2sDenis%20%26%20Focus%20Dental%20%7C%20Zahnklinik%20in%20Ungarn!5e0!3m2!1shu!2shu!4v1759322066364!5m2!1shu!2shu\" width=\"600\" height=\"450\" style=\"border:0;\" allowfullscreen=\"\" loading=\"lazy\" referrerpolicy=\"no-referrer-when-downgrade\"><\/iframe><\/div><\/div><\/div><\/div><div  class=\"tt-shortcode_vc_row 8 section mt-0 bg-grey\" ><div class=\"tt-shortcode_vc_clmn container\"><div class=\"row\" ><div class=\"shortcode_vc_clmn_inner col-md\"><div class=\"title-wrap\"><h5 style=\"text-align: left\" class=\"vc_custom_heading pt-0\" >Fog\u00e1szati klinik\u00e1nk elhelyezked\u00e9se<\/h5><div class=\"h-decor\"><\/div>\n<\/div><ul class=\"icn-list-lg\">\n<li><svg class=\"icon icon-placeholder-for-map-1\" version=\"1.1\" xmlns=\"http:\/\/www.w3.org\/2000\/svg\" width=\"32\" height=\"32\" viewbox=\"0 0 32 32\"><path d=\"M16.404 0.007c-6.499-0.219-11.835 4.984-11.835 11.433 0 7.319 7.024 12.631 10.96 20.269 0.2 0.388 0.758 0.388 0.959 0.001 3.561-6.873 9.648-11.482 10.776-18.104 1.168-6.852-3.913-13.364-10.86-13.599zM16.008 17.431c-3.309 0-5.992-2.683-5.992-5.992s2.683-5.992 5.992-5.992c3.309 0 5.992 2.683 5.992 5.992s-2.683 5.992-5.992 5.992z\"><\/path><\/svg><a href=\"https:\/\/www.google.com\/maps\/dir\/\/Mosonmagyar%C3%B3v%C3%A1r,+Denis+%26+Focus+Dental+%7C+Zahnklinik+in+Ungarn+%E2%98%85+%E2%98%85+%E2%98%85+%E2%98%85+%E2%98%85,+K%C3%A1roly+%C3%BAt+2,+9200\/@47.8759572,17.2711523,729m\/data=!3m1!1e3!4m17!1m7!3m6!1s0x476c77e22025ae45:0xc978fdefd92ab7fe!2zRGVuaXMgJiBGb2N1cyBEZW50YWwgfCBaYWhua2xpbmlrIGluIFVuZ2FybiDimIUg4piFIOKYhSDimIUg4piF!8m2!3d47.8759536!4d17.2737272!16s%2Fg%2F1ts3dd_1!4m8!1m0!1m5!1m1!1s0x476c77e22025ae45:0xc978fdefd92ab7fe!2m2!1d17.2737272!2d47.8759536!3e1?entry=ttu&amp;g_ep=EgoyMDI2MDIxMS4wIKXMDSoASAFQAw%3D%3D\"><strong>Magyarorsz\u00e1g<br \/>\n<\/strong>H-9200 Mosonmagyar\u00f3v\u00e1r<strong><br \/>\n<\/strong>K\u00e1roly \u00fat 2-6.<\/a><\/li>\n<\/ul>\n<\/div><div class=\"shortcode_vc_clmn_inner col-md mt-3 mt-md-0\"><div class=\"title-wrap\"><h5 style=\"text-align: left\" class=\"vc_custom_heading pt-0\" >Kapcsolatfelv\u00e9tel<\/h5><div class=\"h-decor\"><\/div>\n<\/div><ul class=\"icn-list-lg\">\n<li><svg class=\"icon icon-telephone-1\" version=\"1.1\" xmlns=\"http:\/\/www.w3.org\/2000\/svg\" width=\"32\" height=\"32\" viewbox=\"0 0 32 32\"><path d=\"M23.467 19.2c-2.133 2.133-2.133 4.267-4.267 4.267s-4.267-2.133-6.4-4.267c-2.133-2.133-4.267-4.267-4.267-6.4s2.133-2.133 4.267-4.267-4.267-8.533-6.4-8.533-6.4 6.4-6.4 6.4c0 4.267 4.383 12.917 8.533 17.067s12.8 8.533 17.067 8.533c0 0 6.4-4.267 6.4-6.4s-6.4-8.533-8.533-6.4z\"><\/path><\/svg><strong>Ingyenes telefonsz\u00e1m:\u00a0<\/strong><strong><a href=\"tel:0080092009200\">00 800 9200 9200<\/a><\/strong><\/li>\n<li><strong>Telefonsz\u00e1m: <a href=\"tel:+3696566076\">+36 96 566 076<\/a><\/strong><\/li>\n<li><svg class=\"icon icon-black-envelope\" version=\"1.1\" xmlns=\"http:\/\/www.w3.org\/2000\/svg\" width=\"32\" height=\"32\" viewbox=\"0 0 32 32\"><path d=\"M2.531 6.124l11.526 9.13c0.523 0.414 1.243 0.597 1.942 0.563 0.698 0.034 1.419-0.148 1.941-0.563l11.526-9.13c0.924-0.727 0.715-1.323-0.457-1.323h-26.019c-1.173 0-1.382 0.596-0.461 1.323z\"><\/path><path d=\"M30.3 8.533l-12.596 9.563c-0.471 0.354-1.088 0.526-1.702 0.518-0.616 0.008-1.233-0.165-1.704-0.518l-12.598-9.563c-0.935-0.709-1.7-0.329-1.7 0.844v15.69c0 1.173 0.96 2.133 2.133 2.133h27.734c1.173 0 2.133-0.96 2.133-2.133v-15.69c0-1.173-0.765-1.553-1.7-0.844z\"><\/path><\/svg><a href=\"mailto:info@denisdental.com\">info@denisdental.com<\/a><\/li>\n<\/ul>\n<div class=\"vc_btn3-container vc_btn3-center vc_custom_1771595719851 vc_do_btn\" ><a class=\"vc_general vc_btn3 vc_btn3-size-md vc_btn3-shape-rounded vc_btn3-style-modern vc_btn3-color-mulled-wine\" href=\"tel:0080092009200\" title=\"\">H\u00edvjon minket!<\/a><\/div><\/div><div class=\"shortcode_vc_clmn_inner col-md mt-3 mt-md-0\"><div class=\"title-wrap\"><h5 style=\"text-align: left\" class=\"vc_custom_heading pt-0\" >Nyitva tart\u00e1s<\/h5><div class=\"h-decor\"><\/div>\n<\/div><ul class=\"icn-list-lg\">\n<li><svg class=\"icon icon-icon-3\" version=\"1.1\" xmlns=\"http:\/\/www.w3.org\/2000\/svg\" width=\"32\" height=\"32\" viewbox=\"0 0 32 32\"><path d=\"M16.001 0c-8.837 0-16.001 7.166-16.001 16.003 0 8.833 7.164 15.997 16.001 15.997 8.836 0 15.998-7.164 15.998-15.997 0-8.837-7.162-16.003-15.998-16.003zM16.001 27.14c-6.144 0-11.143-4.997-11.143-11.138 0-6.148 5-11.147 11.143-11.147 6.145 0 11.14 5.001 11.14 11.147 0 6.142-4.997 11.138-11.14 11.138z\"><\/path><path d=\"M17.377 15.12l0.001-6.177c0-0.759-0.615-1.373-1.377-1.373-0.763 0-1.38 0.613-1.38 1.373v8.933h8.934c0.757 0 1.376-0.615 1.376-1.377 0-0.763-0.618-1.379-1.376-1.379 0.001 0-6.178 0-6.178 0z\"><\/path><\/svg>\n<div>\n<div class=\"d-flex\">H\u00e9tf\u0151t\u0151l p\u00e9ntekig<span class=\"ml-auto theme-color\">09:00 - 17:00<\/span><\/div>\n<div class=\"d-flex\">Szombat<span class=\"ml-auto theme-color\">09:00 - 17:00<\/span><\/div>\n<div class=\"d-flex\">Vas\u00e1rnap<span class=\"ml-auto theme-color\">Z\u00e1rt<\/span><\/div>\n<\/div>\n<\/li>\n<\/ul>\n<\/div><\/div><\/div><\/div><div class=\"tt-shortcode_vc_row 8 vc_row wpb_row vc_row-fluid vc_custom_1771595747730\"><div class=\"tt-shortcode_vc_clmn container\"><h2 class=\"sppb-title-heading\">Hogyan tal\u00e1l meg minket<\/h2>\n<p>Mi a legegyszer\u0171bb m\u00f3dja annak, hogy megtal\u00e1ljon minket?<\/p>\n<div class=\"sppb-addon-content\">\n<h4>D\u00edjmentes utaz\u00e1s:<\/h4>\n<ul>\n<li>K\u00f6zvetlen\u00fcl a nickelsdorfi hat\u00e1r\u00e1tkel\u0151hely el\u0151tt hagyja el az aut\u00f3p\u00e1ly\u00e1t, \u00e9s t\u00e9rjen le a Magyarorsz\u00e1g fel\u00e9 vezet\u0151 f\u0151\u00fatra (Mosonmagyar\u00f3v\u00e1r, Gy\u0151r).<\/li>\n<li>A hat\u00e1r ut\u00e1n tov\u00e1bb a f\u0151\u00faton Mosonmagyar\u00f3v\u00e1rig (harmadik falu):<\/li>\n<\/ul>\n<h4>VIGNETTENPFLICHGER utaz\u00e1s:<\/h4>\n<p><strong>1.,<\/strong>\u00a0<strong>HOZZ\u00c1F\u00c9R\u00c9SI TERV 1., (KIL\u00c9P\u00c9S A 168 KM-N\u00c9L)<\/strong><\/p>\n<ul>\n<li>Nickelsdorf - Hegyeshalom hat\u00e1r\u00e1tkel\u0151hely<\/li>\n<li>a hat\u00e1r ut\u00e1n a 2. lehajt\u00f3n\u00e1l (Hegyeshalom) hagyja el az aut\u00f3p\u00e1ly\u00e1t (kb. 4 km a hat\u00e1r ut\u00e1n Mosonmagyar\u00f3v\u00e1r - Gy\u0151r - Budapest ir\u00e1ny\u00e1ba).<\/li>\n<li>tov\u00e1bb a f\u0151\u00faton. (10 km)<\/li>\n<\/ul>\n<p><strong>Amikor meg\u00e9rkezik Mosonmagyar\u00f3v\u00e1rra:<\/strong><\/p>\n<ul>\n<li>3. k\u00f6zleked\u00e9si l\u00e1mpa balra<\/li>\n<li>3. sik\u00e1tor balra fordul<\/li>\n<li>Fogorvosi rendel\u0151nket kb. 100 m\u00e9ter ut\u00e1n a jobb oldalon tal\u00e1lja, a s\u00e1rga sarok\u00e9p\u00fcletben (sz\u00fcrke tet\u0151vel) az els\u0151 emeleten.<\/li>\n<\/ul>\n<p><strong>2., HOZZ\u00c1F\u00c9R\u00c9SI TERV 2. (KIJ\u00c1RAT A 160 KM-N\u00c9L)<\/strong><\/p>\n<ul>\n<li>Nickelsdorf - Hegyeshalom hat\u00e1r\u00e1tkel\u0151hely<\/li>\n<li>a hat\u00e1r ut\u00e1n a 3. lehajt\u00f3n\u00e1l (Mosonmagyar\u00f3v\u00e1r) hagyja el az aut\u00f3p\u00e1ly\u00e1t (kb. 10 km a hat\u00e1r ut\u00e1n Mosonmagyar\u00f3v\u00e1r - Gy\u0151r - Budapest ir\u00e1ny\u00e1ba).<\/li>\n<li>\u00e1thajt a fel\u00fclj\u00e1r\u00f3n \u00e9s meg\u00e9rkezik Mosonmagyar\u00f3v\u00e1rra<\/li>\n<\/ul>\n<p><strong>Amikor meg\u00e9rkezik Mosonmagyar\u00f3v\u00e1rra:<\/strong><\/p>\n<ul>\n<li>Forduljon balra a k\u00f6zleked\u00e9si l\u00e1mp\u00e1n\u00e1l<\/li>\n<li>a Kossuth Lajos utc\u00e1n v\u00e9gighajtani<\/li>\n<li>Az \u00fat v\u00e9g\u00e9n a k\u00f6zleked\u00e9si l\u00e1mp\u00e1n\u00e1l (a Spar \u00e9lelmiszerbolt mellett) menjen tov\u00e1bb egyenesen (a k\u00f3rh\u00e1z \u00e9s a baleseti \u00e9s s\u00fcrg\u0151ss\u00e9gi k\u00f6zpont k\u00f6z\u00f6tti \u00faton).<\/li>\n<li>3. sik\u00e1tor balra fordul<\/li>\n<li>Fogorvosi rendel\u0151nket kb. 100 m\u00e9ter ut\u00e1n a jobb oldalon tal\u00e1lja, a s\u00e1rga sarok\u00e9p\u00fcletben (sz\u00fcrke tet\u0151vel) az els\u0151 emeleten.<\/li>\n<\/ul>\n<\/div>\n<\/div><div class=\"wpb_column vc_column_container vc_col-sm-6\"><div class=\"tt-shortcode_vc_clmn vc_column-inner\"><div class=\"wpb_wrapper\"><\/div><\/div><\/div><\/div>\n<\/div>","protected":false},"excerpt":{"rendered":"Standort unserer Zahnklinik Ungarn H-9200 Mosonmagyar\u00f3v\u00e1r K\u00e1roly \u00fat 2-6. Kontakt Gratis Telefonnummer:\u00a000 800 9200 9200 Telefonnummer: +36 96 566 076 info@denisdental.com Rufen Sie uns an!\u00d6ffnungszeit Montag-Freitag09:00 - 17:00 Samstag09:00 - 17:00 SonntagGeschlossen Anfahrtsplan Wie Sie am einfachsten zu uns finden k\u00f6nnen? GEB\u00dcHRENFREIER Fahrtweg: direkt vor dem Grenz\u00fcbergang Nickelsdorf von der Autobahn abfahren\u00a0und die Bundesstrasse Richtung <div class=\"btn-more-wrapper\"><a href=\"https:\/\/denisdental.com\/hu\/kontakt\/\" class=\"btn btn-sm btn-hover-fill\"><svg class=\"icon icon-right-arrow\" version=\"1.1\" xmlns=\"http:\/\/www.w3.org\/2000\/svg\" width=\"32\" height=\"32\" viewbox=\"0 0 32 32\"><path d=\"M21.548 5.088c-0.436-0.451-1.162-0.451-1.613 0-0.436 0.436-0.436 1.162 0 1.596l8.177 8.177h-26.984c-0.629 0.001-1.129 0.501-1.129 1.13s0.5 1.145 1.129 1.145h26.984l-8.177 8.162c-0.436 0.451-0.436 1.178 0 1.613 0.451 0.451 1.178 0.451 1.613 0l10.113-10.113c0.451-0.436 0.451-1.162 0-1.596l-10.113-10.114z\"><\/path><\/svg>Read More<span class=\"screen-reader-text\"> \"Zahnklinik in Ungarn &#8211; Kontakt\"<\/span><svg class=\"icon icon-right-arrow\" version=\"1.1\" xmlns=\"http:\/\/www.w3.org\/2000\/svg\" width=\"32\" height=\"32\" viewbox=\"0 0 32 32\"><path d=\"M21.548 5.088c-0.436-0.451-1.162-0.451-1.613 0-0.436 0.436-0.436 1.162 0 1.596l8.177 8.177h-26.984c-0.629 0.001-1.129 0.501-1.129 1.13s0.5 1.145 1.129 1.145h26.984l-8.177 8.162c-0.436 0.451-0.436 1.178 0 1.613 0.451 0.451 1.178 0.451 1.613 0l10.113-10.113c0.451-0.436 0.451-1.162 0-1.596l-10.113-10.114z\"><\/path><\/svg><\/a><\/div>","protected":false},"author":1,"featured_media":0,"parent":0,"menu_order":11,"comment_status":"closed","ping_status":"closed","template":"custompagett.php","meta":{"footnotes":""},"class_list":["post-34","page","type-page","status-publish","hentry"],"aioseo_notices":[],"_links":{"self":[{"href":"https:\/\/denisdental.com\/hu\/wp-json\/wp\/v2\/pages\/34","targetHints":{"allow":["GET"]}}],"collection":[{"href":"https:\/\/denisdental.com\/hu\/wp-json\/wp\/v2\/pages"}],"about":[{"href":"https:\/\/denisdental.com\/hu\/wp-json\/wp\/v2\/types\/page"}],"author":[{"embeddable":true,"href":"https:\/\/denisdental.com\/hu\/wp-json\/wp\/v2\/users\/1"}],"replies":[{"embeddable":true,"href":"https:\/\/denisdental.com\/hu\/wp-json\/wp\/v2\/comments?post=34"}],"version-history":[{"count":1,"href":"https:\/\/denisdental.com\/hu\/wp-json\/wp\/v2\/pages\/34\/revisions"}],"predecessor-version":[{"id":8683,"href":"https:\/\/denisdental.com\/hu\/wp-json\/wp\/v2\/pages\/34\/revisions\/8683"}],"wp:attachment":[{"href":"https:\/\/denisdental.com\/hu\/wp-json\/wp\/v2\/media?parent=34"}],"curies":[{"name":"wp","href":"https:\/\/api.w.org\/{rel}","templated":true}]}}