{"id":33,"date":"2025-09-24T08:46:43","date_gmt":"2025-09-24T06:46:43","guid":{"rendered":"http:\/\/host.denisdental.com\/testimonials\/"},"modified":"2026-03-13T13:16:43","modified_gmt":"2026-03-13T12:16:43","slug":"meinungen","status":"publish","type":"page","link":"https:\/\/denisdental.com\/hu\/meinungen\/","title":{"rendered":"V\u00e9lem\u00e9nyek"},"content":{"rendered":"<div class=\"wpb-content-wrapper\"><div class=\"rating-box\">\n<div class=\"rating-number\">4,9<\/div>\n<div class=\"star-rating\"><span class=\"ch\"><svg class=\"icon icon-favourite-symbol\" version=\"1.1\" xmlns=\"http:\/\/www.w3.org\/2000\/svg\" width=\"32\" height=\"32\" viewbox=\"0 0 32 32\"><path d=\"M31.605 13.359c0.351-0.309 0.483-0.797 0.335-1.24s-0.548-0.754-1.014-0.788l-9.291-0.694c-0.432-0.033-0.808-0.301-0.979-0.698l-3.69-8.556c-0.185-0.428-0.609-0.705-1.077-0.7-0.466 0.004-0.885 0.287-1.062 0.72l-3.531 8.623c-0.163 0.4-0.536 0.676-0.966 0.716l-9.278 0.865c-0.465 0.043-0.859 0.361-0.999 0.806s0.001 0.932 0.357 1.233l7.109 6.023c0.33 0.28 0.477 0.719 0.382 1.14l-2.044 9.091c-0.102 0.456 0.078 0.928 0.459 1.2 0.381 0.27 0.886 0.287 1.284 0.041l7.924-4.901c0.367-0.227 0.831-0.232 1.203-0.010l8.014 4.753c0.401 0.238 0.907 0.213 1.282-0.065s0.547-0.755 0.436-1.208l-2.21-9.051c-0.103-0.42 0.036-0.862 0.36-1.147l6.997-6.153z\"><\/path><\/svg><svg class=\"icon icon-favourite-symbol\" version=\"1.1\" xmlns=\"http:\/\/www.w3.org\/2000\/svg\" width=\"32\" height=\"32\" viewbox=\"0 0 32 32\"><path d=\"M31.605 13.359c0.351-0.309 0.483-0.797 0.335-1.24s-0.548-0.754-1.014-0.788l-9.291-0.694c-0.432-0.033-0.808-0.301-0.979-0.698l-3.69-8.556c-0.185-0.428-0.609-0.705-1.077-0.7-0.466 0.004-0.885 0.287-1.062 0.72l-3.531 8.623c-0.163 0.4-0.536 0.676-0.966 0.716l-9.278 0.865c-0.465 0.043-0.859 0.361-0.999 0.806s0.001 0.932 0.357 1.233l7.109 6.023c0.33 0.28 0.477 0.719 0.382 1.14l-2.044 9.091c-0.102 0.456 0.078 0.928 0.459 1.2 0.381 0.27 0.886 0.287 1.284 0.041l7.924-4.901c0.367-0.227 0.831-0.232 1.203-0.010l8.014 4.753c0.401 0.238 0.907 0.213 1.282-0.065s0.547-0.755 0.436-1.208l-2.21-9.051c-0.103-0.42 0.036-0.862 0.36-1.147l6.997-6.153z\"><\/path><\/svg><svg class=\"icon icon-favourite-symbol\" version=\"1.1\" xmlns=\"http:\/\/www.w3.org\/2000\/svg\" width=\"32\" height=\"32\" viewbox=\"0 0 32 32\"><path d=\"M31.605 13.359c0.351-0.309 0.483-0.797 0.335-1.24s-0.548-0.754-1.014-0.788l-9.291-0.694c-0.432-0.033-0.808-0.301-0.979-0.698l-3.69-8.556c-0.185-0.428-0.609-0.705-1.077-0.7-0.466 0.004-0.885 0.287-1.062 0.72l-3.531 8.623c-0.163 0.4-0.536 0.676-0.966 0.716l-9.278 0.865c-0.465 0.043-0.859 0.361-0.999 0.806s0.001 0.932 0.357 1.233l7.109 6.023c0.33 0.28 0.477 0.719 0.382 1.14l-2.044 9.091c-0.102 0.456 0.078 0.928 0.459 1.2 0.381 0.27 0.886 0.287 1.284 0.041l7.924-4.901c0.367-0.227 0.831-0.232 1.203-0.010l8.014 4.753c0.401 0.238 0.907 0.213 1.282-0.065s0.547-0.755 0.436-1.208l-2.21-9.051c-0.103-0.42 0.036-0.862 0.36-1.147l6.997-6.153z\"><\/path><\/svg><svg class=\"icon icon-favourite-symbol\" version=\"1.1\" xmlns=\"http:\/\/www.w3.org\/2000\/svg\" width=\"32\" height=\"32\" viewbox=\"0 0 32 32\"><path d=\"M31.605 13.359c0.351-0.309 0.483-0.797 0.335-1.24s-0.548-0.754-1.014-0.788l-9.291-0.694c-0.432-0.033-0.808-0.301-0.979-0.698l-3.69-8.556c-0.185-0.428-0.609-0.705-1.077-0.7-0.466 0.004-0.885 0.287-1.062 0.72l-3.531 8.623c-0.163 0.4-0.536 0.676-0.966 0.716l-9.278 0.865c-0.465 0.043-0.859 0.361-0.999 0.806s0.001 0.932 0.357 1.233l7.109 6.023c0.33 0.28 0.477 0.719 0.382 1.14l-2.044 9.091c-0.102 0.456 0.078 0.928 0.459 1.2 0.381 0.27 0.886 0.287 1.284 0.041l7.924-4.901c0.367-0.227 0.831-0.232 1.203-0.010l8.014 4.753c0.401 0.238 0.907 0.213 1.282-0.065s0.547-0.755 0.436-1.208l-2.21-9.051c-0.103-0.42 0.036-0.862 0.36-1.147l6.997-6.153z\"><\/path><\/svg><svg class=\"icon icon-favourite-symbol\" version=\"1.1\" xmlns=\"http:\/\/www.w3.org\/2000\/svg\" width=\"32\" height=\"32\" viewbox=\"0 0 32 32\"><path d=\"M31.605 13.359c0.351-0.309 0.483-0.797 0.335-1.24s-0.548-0.754-1.014-0.788l-9.291-0.694c-0.432-0.033-0.808-0.301-0.979-0.698l-3.69-8.556c-0.185-0.428-0.609-0.705-1.077-0.7-0.466 0.004-0.885 0.287-1.062 0.72l-3.531 8.623c-0.163 0.4-0.536 0.676-0.966 0.716l-9.278 0.865c-0.465 0.043-0.859 0.361-0.999 0.806s0.001 0.932 0.357 1.233l7.109 6.023c0.33 0.28 0.477 0.719 0.382 1.14l-2.044 9.091c-0.102 0.456 0.078 0.928 0.459 1.2 0.381 0.27 0.886 0.287 1.284 0.041l7.924-4.901c0.367-0.227 0.831-0.232 1.203-0.010l8.014 4.753c0.401 0.238 0.907 0.213 1.282-0.065s0.547-0.755 0.436-1.208l-2.21-9.051c-0.103-0.42 0.036-0.862 0.36-1.147l6.997-6.153z\"><\/path><\/svg><\/span><\/div>\n<div>\u00c1tlagos \u00e9rt\u00e9kel\u00e9s<\/div>\n<\/div>\n<div class=\"shortcode_vc_text   text-center mb-3 max-900\" ><p class=\"tt\">Tekintse meg az al\u00e1bbiakban n\u00e9h\u00e1ny p\u00e1ciens\u00fcnk leg\u00fajabb besz\u00e1mol\u00f3j\u00e1t. Sz\u00edvesen fogadjuk visszajelz\u00e9seit arr\u00f3l, hogyan tudunk javulni - k\u00e9rj\u00fck, ossza meg vel\u00fcnk tapasztalatait.<\/p>\n<\/div><div class=\"tt-shortcode_vc_row 8 vc_row wpb_row vc_row-fluid\"><div class=\"wpb_column vc_column_container vc_col-sm-12\"><div class=\"tt-shortcode_vc_clmn vc_column-inner\"><div class=\"wpb_wrapper\">\n\t<div class=\"wpb_raw_code wpb_raw_html wpb_content_element\" >\n\t\t<div class=\"wpb_wrapper\">\n\t\t\t<script defer async src='https:\/\/cdn.trustindex.io\/loader.js?695b020664487973228669d1efa'><\/script>\n\t\t<\/div>\n\t<\/div>\n<\/div><\/div><\/div><\/div>\n<\/div>","protected":false},"excerpt":{"rendered":"4,9 Durchschnittliche Bewertung Sehen Sie sich unten einige der neuesten Erfahrungsberichte unserer Patienten an. Wir freuen uns \u00fcber Ihr Feedback, um zu erfahren, wie wir uns verbessern k\u00f6nnen \u2013 bitte teilen Sie uns Ihre Erfahrungen mit.","protected":false},"author":1,"featured_media":0,"parent":0,"menu_order":10,"comment_status":"closed","ping_status":"closed","template":"custompagett.php","meta":{"footnotes":""},"class_list":["post-33","page","type-page","status-publish","hentry"],"aioseo_notices":[],"_links":{"self":[{"href":"https:\/\/denisdental.com\/hu\/wp-json\/wp\/v2\/pages\/33","targetHints":{"allow":["GET"]}}],"collection":[{"href":"https:\/\/denisdental.com\/hu\/wp-json\/wp\/v2\/pages"}],"about":[{"href":"https:\/\/denisdental.com\/hu\/wp-json\/wp\/v2\/types\/page"}],"author":[{"embeddable":true,"href":"https:\/\/denisdental.com\/hu\/wp-json\/wp\/v2\/users\/1"}],"replies":[{"embeddable":true,"href":"https:\/\/denisdental.com\/hu\/wp-json\/wp\/v2\/comments?post=33"}],"version-history":[{"count":0,"href":"https:\/\/denisdental.com\/hu\/wp-json\/wp\/v2\/pages\/33\/revisions"}],"wp:attachment":[{"href":"https:\/\/denisdental.com\/hu\/wp-json\/wp\/v2\/media?parent=33"}],"curies":[{"name":"wp","href":"https:\/\/api.w.org\/{rel}","templated":true}]}}