{"id":2797,"date":"2025-11-05T10:59:42","date_gmt":"2025-11-05T09:59:42","guid":{"rendered":"http:\/\/192.168.0.134:81\/?page_id=2797"},"modified":"2026-03-05T13:46:24","modified_gmt":"2026-03-05T12:46:24","slug":"behandlung-der-patienten-mit-blutverduennungsmittel","status":"publish","type":"page","link":"https:\/\/denisdental.com\/hu\/behandlungen\/wichtige-hinweise\/behandlung-der-patienten-mit-blutverduennungsmittel\/","title":{"rendered":"V\u00e9rh\u00edg\u00edt\u00f3val kezelt betegek kezel\u00e9se"},"content":{"rendered":"<div class=\"wpb-content-wrapper\"><div class=\"tt-shortcode_vc_row 8 vc_row wpb_row vc_row-fluid vc_custom_1771830000570\"><div class=\"wpb_column vc_column_container vc_col-sm-12\"><div class=\"tt-shortcode_vc_clmn vc_column-inner\"><div class=\"wpb_wrapper\">\n\t<div class=\"wpb_text_column wpb_content_element\" >\n\t\t<div class=\"tt_shortcode_vc_column_text wpb_wrapper\">\n\t\t\t<div id=\"sppb-addon-wrapper-1551445127488\" class=\"sppb-addon-wrapper\">\n<div id=\"sppb-addon-1551445127488\" class=\"clearfix\">\n<div class=\"sppb-addon sppb-addon-header sppb-text-left\">\n<h3 class=\"sppb-addon-title\">V\u00e9rh\u00edg\u00edt\u00f3 gy\u00f3gyszert szed\u0151 betegek kezel\u00e9se.<\/h3>\n<p>&nbsp;<\/p>\n<\/div>\n<\/div>\n<\/div>\n<div id=\"sppb-addon-wrapper-1551445127491\" class=\"sppb-addon-wrapper\">\n<div id=\"sppb-addon-1551445127491\" class=\"clearfix\">\n<div class=\"sppb-addon sppb-addon-text-block\">\n<div class=\"sppb-addon-content\">\n<p>Ha ez az els\u0151 alkalom\u00a0<a href=\"https:\/\/denisdental.com\/hu\/blog\/zahnklinik-in-ungarn\/\">a fog\u00e1szati klinik\u00e1nkra<\/a>\u00a0egy k\u00e9rd\u0151\u00edv kit\u00f6lt\u00e9s\u00e9re k\u00e9rik. A szem\u00e9lyes adatain k\u00edv\u00fcl az eg\u00e9szs\u00e9gi \u00e1llapot\u00e1ra vonatkoz\u00f3 k\u00e9rd\u00e9seket is fel kell tenni.<\/p>\n<p>Fog\u00e1szati kezel\u00e9sek, bele\u00e9rtve a k\u00f6vetkez\u0151ket is\u00a0<a href=\"https:\/\/denisdental.com\/hu\/zahnimplantation-in-ungarn\/\">Be\u00fcltet\u00e9si int\u00e9zked\u00e9sek<\/a>\u00a0nem jelent\u0151s beavatkoz\u00e1sok, de bizonyos k\u00f6r\u00fclm\u00e9nyek k\u00f6z\u00f6tt m\u00e9gis vesz\u00e9lyt jelenthetnek az \u00d6n j\u00f3l\u00e9t\u00e9re.<\/p>\n<\/div>\n<\/div>\n<\/div>\n<\/div>\n\n\t\t<\/div>\n\t<\/div>\n<\/div><\/div><\/div><\/div><div class=\"tt-shortcode_vc_row 8 vc_row wpb_row vc_row-fluid vc_custom_1762336789637\"><div class=\"wpb_column vc_column_container vc_col-sm-12\"><div class=\"tt-shortcode_vc_clmn vc_column-inner\"><div class=\"wpb_wrapper\">\n\t<div  class=\"wpb_single_image wpb_content_element vc_align_center\">\n\t\t\n\t\t<figure class=\"wpb_wrapper vc_figure\">\n\t\t\t<img loading=\"lazy\" decoding=\"async\" width=\"780\" height=\"429\" src=\"https:\/\/denisdental.com\/wp-content\/uploads\/2025\/11\/blutverduennungsmittel_001.avif\" class=\"vc_single_image-img  attachment-large\" alt=\"\" title=\"haemodilator_001\" \/>\n\t\t<\/figure>\n\t<\/div>\n<\/div><\/div><\/div><\/div><div class=\"tt-shortcode_vc_row 8 vc_row wpb_row vc_row-fluid vc_custom_1762336784483\"><div class=\"wpb_column vc_column_container vc_col-sm-12\"><div class=\"tt-shortcode_vc_clmn vc_column-inner\"><div class=\"wpb_wrapper\">\n\t<div class=\"wpb_text_column wpb_content_element\" >\n\t\t<div class=\"tt_shortcode_vc_column_text wpb_wrapper\">\n\t\t\t<div id=\"sppb-addon-wrapper-1551445127488\" class=\"sppb-addon-wrapper\">\n<div id=\"sppb-addon-1551445127488\" class=\"clearfix\">\n<div class=\"sppb-addon sppb-addon-header sppb-text-left\"><\/div>\n<\/div>\n<\/div>\n<div id=\"sppb-addon-wrapper-1551445127491\" class=\"sppb-addon-wrapper\">\n<div id=\"sppb-addon-1551445127491\" class=\"clearfix\">\n<div class=\"sppb-addon sppb-addon-text-block\">\n<div class=\"sppb-addon-content\">\n<h3>Fontos t\u00e9nyek<\/h3>\n<p>&nbsp;<\/p>\n<p>K\u00fcl\u00f6n\u00f6s figyelmet kell ford\u00edtani a k\u00fcl\u00f6nb\u00f6z\u0151 sz\u00edv- \u00e9s \u00e9rrendszeri betegs\u00e9gek eset\u00e9n szedett v\u00e9rh\u00edg\u00edt\u00f3 gy\u00f3gyszerekre. Az ilyen gy\u00f3gyszert szed\u0151 betegekn\u00e9l bizonyos fog\u00e1szati kezel\u00e9sek sor\u00e1n s\u00falyos v\u00e9rz\u00e9s jelentkezhet. A v\u00e9rh\u00edg\u00edt\u00f3 gy\u00f3gyszerek szed\u00e9se nem z\u00e1rja ki az \u00e1ltal\u00e1nos fog\u00e1szati kezel\u00e9st vagy az implant\u00e1ci\u00f3t. Nagyon fontos azonban a fogorvos \u00e9s a h\u00e1ziorvos k\u00f6z\u00f6tti szoros interdiszciplin\u00e1ris egy\u00fcttm\u0171k\u00f6d\u00e9s.<\/p>\n<\/div>\n<\/div>\n<\/div>\n<\/div>\n<div id=\"sppb-addon-wrapper-1551445478781\" class=\"sppb-addon-wrapper\">\n<div id=\"sppb-addon-1551445478781\" class=\"clearfix\">\n<div class=\"sppb-addon sppb-addon-text-block\">\n<div class=\"sppb-addon-content\">\n<p><strong>A betegnek semmik\u00e9ppen sem szabad hirtelen, mag\u00e1t\u00f3l abbahagynia e gy\u00f3gyszerek szed\u00e9s\u00e9t, hanem konzult\u00e1lnia kell a h\u00e1ziorvos\u00e1val, aki megszak\u00edtja a gy\u00f3gyszer szed\u00e9s\u00e9t, \u00e9s sz\u00fcks\u00e9g eset\u00e9n m\u00e1s gy\u00f3gyszerekkel helyettes\u00edti azt.<\/strong><\/p>\n<\/div>\n<\/div>\n<\/div>\n<\/div>\n\n\t\t<\/div>\n\t<\/div>\n<\/div><\/div><\/div><\/div>\n<\/div>","protected":false},"excerpt":{"rendered":"Behandlung der Patienten, die Blutverd\u00fcnnungsmedikamente nehmen. &nbsp; Wenn Sie zum ersten Mal\u00a0in unsere Zahnklinik\u00a0kommen, werden Sie gebeten einen Fragebogen auszuf\u00fchlen. Hier werden au\u00dfer Ihren pers\u00f6nlichen Daten auch Fragen mit Bezug auf Ihren Gesundheitszustand gestellt. Zahn\u00e4rztliche Behandlungen, einschlie\u00dflich auch\u00a0Implantationsma\u00dfnahmen\u00a0sind keine gro\u00dfen Eingriffe, trotzdem k\u00f6nnen sie unter bestimmten Bedingungen eine Gefahr f\u00fcr Ihr Wohlbefinden bedeuten. Wichtiges Wissenswertes <div class=\"btn-more-wrapper\"><a href=\"https:\/\/denisdental.com\/hu\/behandlungen\/wichtige-hinweise\/behandlung-der-patienten-mit-blutverduennungsmittel\/\" class=\"btn btn-sm btn-hover-fill\"><svg class=\"icon icon-right-arrow\" version=\"1.1\" xmlns=\"http:\/\/www.w3.org\/2000\/svg\" width=\"32\" height=\"32\" viewbox=\"0 0 32 32\"><path d=\"M21.548 5.088c-0.436-0.451-1.162-0.451-1.613 0-0.436 0.436-0.436 1.162 0 1.596l8.177 8.177h-26.984c-0.629 0.001-1.129 0.501-1.129 1.13s0.5 1.145 1.129 1.145h26.984l-8.177 8.162c-0.436 0.451-0.436 1.178 0 1.613 0.451 0.451 1.178 0.451 1.613 0l10.113-10.113c0.451-0.436 0.451-1.162 0-1.596l-10.113-10.114z\"><\/path><\/svg>Read More<span class=\"screen-reader-text\"> \"Behandlung der Patienten mit Blutverd\u00fcnnungsmittel\"<\/span><svg class=\"icon icon-right-arrow\" version=\"1.1\" xmlns=\"http:\/\/www.w3.org\/2000\/svg\" width=\"32\" height=\"32\" viewbox=\"0 0 32 32\"><path d=\"M21.548 5.088c-0.436-0.451-1.162-0.451-1.613 0-0.436 0.436-0.436 1.162 0 1.596l8.177 8.177h-26.984c-0.629 0.001-1.129 0.501-1.129 1.13s0.5 1.145 1.129 1.145h26.984l-8.177 8.162c-0.436 0.451-0.436 1.178 0 1.613 0.451 0.451 1.178 0.451 1.613 0l10.113-10.113c0.451-0.436 0.451-1.162 0-1.596l-10.113-10.114z\"><\/path><\/svg><\/a><\/div>","protected":false},"author":1,"featured_media":0,"parent":4126,"menu_order":0,"comment_status":"closed","ping_status":"closed","template":"","meta":{"footnotes":""},"class_list":["post-2797","page","type-page","status-publish","hentry"],"aioseo_notices":[],"_links":{"self":[{"href":"https:\/\/denisdental.com\/hu\/wp-json\/wp\/v2\/pages\/2797","targetHints":{"allow":["GET"]}}],"collection":[{"href":"https:\/\/denisdental.com\/hu\/wp-json\/wp\/v2\/pages"}],"about":[{"href":"https:\/\/denisdental.com\/hu\/wp-json\/wp\/v2\/types\/page"}],"author":[{"embeddable":true,"href":"https:\/\/denisdental.com\/hu\/wp-json\/wp\/v2\/users\/1"}],"replies":[{"embeddable":true,"href":"https:\/\/denisdental.com\/hu\/wp-json\/wp\/v2\/comments?post=2797"}],"version-history":[{"count":0,"href":"https:\/\/denisdental.com\/hu\/wp-json\/wp\/v2\/pages\/2797\/revisions"}],"up":[{"embeddable":true,"href":"https:\/\/denisdental.com\/hu\/wp-json\/wp\/v2\/pages\/4126"}],"wp:attachment":[{"href":"https:\/\/denisdental.com\/hu\/wp-json\/wp\/v2\/media?parent=2797"}],"curies":[{"name":"wp","href":"https:\/\/api.w.org\/{rel}","templated":true}]}}