{"id":2773,"date":"2025-11-05T10:38:34","date_gmt":"2025-11-05T09:38:34","guid":{"rendered":"http:\/\/192.168.0.134:81\/?page_id=2773"},"modified":"2026-03-05T13:52:04","modified_gmt":"2026-03-05T12:52:04","slug":"zahnimplantat-alpha-bio","status":"publish","type":"page","link":"https:\/\/denisdental.com\/hu\/behandlungen\/zahnimplantation\/zahnimplantat-alpha-bio\/","title":{"rendered":"Alpha Bio fog\u00e1szati implant\u00e1tum CAD\/CAM rendszerrel"},"content":{"rendered":"<div class=\"wpb-content-wrapper\"><div class=\"tt-shortcode_vc_row 8 vc_row wpb_row vc_row-fluid\"><div class=\"wpb_column vc_column_container vc_col-sm-12\"><div class=\"tt-shortcode_vc_clmn vc_column-inner\"><div class=\"wpb_wrapper\">\n\t<div class=\"wpb_text_column wpb_content_element\" >\n\t\t<div class=\"tt_shortcode_vc_column_text wpb_wrapper\">\n\t\t\t<div id=\"sppb-addon-wrapper-1551693110413\" class=\"sppb-addon-wrapper\">\n<div id=\"sppb-addon-1551693110413\" class=\"clearfix\">\n<div class=\"sppb-addon sppb-addon-header sppb-text-left\">\n<h3 class=\"sppb-addon-title\">Az Alpha-Bio Tec-r\u0151l<\/h3>\n<p>&nbsp;<\/p>\n<\/div>\n<\/div>\n<\/div>\n<div id=\"sppb-addon-wrapper-1551693110416\" class=\"sppb-addon-wrapper\">\n<div id=\"sppb-addon-1551693110416\" class=\"clearfix\">\n<div class=\"sppb-addon sppb-addon-text-block\">\n<div class=\"sppb-addon-content\">\n<p>Az Alpha-Bio Tec t\u00f6bb mint 30 \u00e9ve az egyszer\u0171 implantol\u00f3giai megold\u00e1sokra \u00f6sszpontos\u00edt, a legmagasabb min\u0151s\u00e9get gy\u00e1rtja a glob\u00e1lis piac sz\u00e1m\u00e1ra, \u00e9s a lehet\u0151 legjobb szolg\u00e1ltat\u00e1st ny\u00fajtja \u00fcgyfeleinek... Implantol\u00f3gia!<\/p>\n<p>Az Alpha Bio-val\u00a0<a href=\"https:\/\/denisdental.com\/hu\/zahnimplantation-in-ungarn\/\">Implant\u00e1tumok<\/a>\u00a0egyfog\u00fa foghi\u00e1nyok \u00e9s fogatlan \u00e1llkapcsok kezel\u00e9s\u00e9re egyar\u00e1nt haszn\u00e1lhat\u00f3.<\/p>\n<div id=\"sppb-addon-wrapper-1551693110419\" class=\"sppb-addon-wrapper\">\n<div id=\"sppb-addon-1551693110419\" class=\"clearfix\">\n<div class=\"sppb-addon sppb-addon-text-block\">\n<h3 class=\"sppb-addon-title\">Egyszer\u0171s\u00e9g<\/h3>\n<div class=\"sppb-addon-content\">\n<p>A legmodernebb kutat\u00e1s \u00e9s fejleszt\u00e9s alapj\u00e1n az Alpha-Bio egyszer\u0171 megold\u00e1sokat k\u00edn\u00e1l minden klinikai helyzetre. Az Alpha-Bio Tec innovat\u00edv implant\u00e1ci\u00f3s technol\u00f3gi\u00e1ja nagyon egyszer\u0171 \u00e9s felhaszn\u00e1l\u00f3bar\u00e1t. Az Alpha-Bio Tec egyszer\u0171s\u00e9g\u00e9t els\u0151sorban az jellemzi, hogy a lehet\u0151 legkevesebb alkatr\u00e9sszel oldanak meg egy probl\u00e9m\u00e1t. Egy univerz\u00e1lis seb\u00e9szeti k\u00e9szlet haszn\u00e1lhat\u00f3 minden seb\u00e9szeti kezel\u00e9shez. Az Alpha-Bio Tec kifejlesztett egy bels\u0151 hatsz\u00f6ggel rendelkez\u0151 prot\u00e9zisrendszert, amelyben egy platform kombin\u00e1lhat\u00f3 az \u00f6sszes t\u00f6bbi komponenssel. Ez azt jelenti, hogy a\u00a0<a href=\"https:\/\/denisdental.com\/hu\/zahnklinik-in-ungarn\/\">Denis &amp; Focus Fog\u00e1szati K\u00f6zpont<\/a>\u00a0kiz\u00e1r\u00f3lag a restaur\u00e1ci\u00f3 k\u00f6vetelm\u00e9nyei alapj\u00e1n v\u00e1lassza ki a megfelel\u0151 fel\u00e9p\u00edtm\u00e9nyt. Ez cs\u00f6kkenti a fog\u00e1szati klinik\u00e1nkon l\u00e9v\u0151 k\u00e9szletet, \u00e9s nagyobb k\u00f6lts\u00e9ghat\u00e9konys\u00e1got eredm\u00e9nyez.<\/p>\n<p>&nbsp;<\/p>\n<\/div>\n<\/div>\n<\/div>\n<\/div>\n<div id=\"sppb-addon-wrapper-1551693110422\" class=\"sppb-addon-wrapper\">\n<div id=\"sppb-addon-1551693110422\" class=\"clearfix\">\n<div class=\"sppb-addon sppb-addon-text-block\">\n<h3 class=\"sppb-addon-title\">min\u0151s\u00e9g<\/h3>\n<div class=\"sppb-addon-content\">\n<p>Az Alpha-Bio Tec min\u0151s\u00e9gbiztos\u00edt\u00e1si rendszere a legapr\u00f3bb r\u00e9szletekig prec\u00edz \u00e9s megfelel a legmagasabb k\u00f6vetelm\u00e9nyeknek. Az Alpha-Bio Tec term\u00e9kei az USA-ban enged\u00e9lyezettek \u00e9s CE tan\u00fas\u00edtv\u00e1nnyal rendelkeznek.<\/p>\n<\/div>\n<\/div>\n<\/div>\n<\/div>\n<div id=\"sppb-addon-wrapper-1602767652297\" class=\"sppb-addon-wrapper\">\n<div id=\"sppb-addon-1602767652297\" class=\"clearfix\">\n<div class=\"sppb-addon sppb-addon-single-image sppb-text-center\"><\/div>\n<\/div>\n<\/div>\n<\/div>\n<\/div>\n<\/div>\n<\/div>\n\n\t\t<\/div>\n\t<\/div>\n<\/div><\/div><\/div><\/div><div class=\"tt-shortcode_vc_row 8 vc_row wpb_row vc_row-fluid vc_custom_1762335568742\"><div class=\"wpb_column vc_column_container vc_col-sm-12\"><div class=\"tt-shortcode_vc_clmn vc_column-inner\"><div class=\"wpb_wrapper\">\n\t<div  class=\"wpb_single_image wpb_content_element vc_align_center\">\n\t\t\n\t\t<figure class=\"wpb_wrapper vc_figure\">\n\t\t\t<img loading=\"lazy\" decoding=\"async\" width=\"1110\" height=\"694\" src=\"https:\/\/denisdental.com\/wp-content\/uploads\/2025\/11\/zahnimplantat_alpha_bio_001.avif\" class=\"vc_single_image-img  attachment-large\" alt=\"\" title=\"dental_implant_alpha_bio_001\" \/>\n\t\t<\/figure>\n\t<\/div>\n<\/div><\/div><\/div><\/div>\n<\/div>","protected":false},"excerpt":{"rendered":"\u00dcber Alpha-Bio Tec &nbsp; Seit mehr als 30 Jahren setzt Alpha-Bio Tec auf einfache Implantologie-L\u00f6sungen, produziert h\u00f6chste Qualit\u00e4t f\u00fcr den globalen Markt und bietet seinen Kunden den bestm\u00f6glichen Service\u2026 Implantologie! Mit Alpha Bio\u00a0Implantaten\u00a0k\u00f6nnen sowohl Einzelzahnl\u00fccken als auch zahnlose Kiefer versorgt werden. Einfachheit Auf der Basis modernster Forschung und Entwicklung stellt Alpha-Bio einfache L\u00f6sungen f\u00fcr alle <div class=\"btn-more-wrapper\"><a href=\"https:\/\/denisdental.com\/hu\/behandlungen\/zahnimplantation\/zahnimplantat-alpha-bio\/\" class=\"btn btn-sm btn-hover-fill\"><svg class=\"icon icon-right-arrow\" version=\"1.1\" xmlns=\"http:\/\/www.w3.org\/2000\/svg\" width=\"32\" height=\"32\" viewbox=\"0 0 32 32\"><path d=\"M21.548 5.088c-0.436-0.451-1.162-0.451-1.613 0-0.436 0.436-0.436 1.162 0 1.596l8.177 8.177h-26.984c-0.629 0.001-1.129 0.501-1.129 1.13s0.5 1.145 1.129 1.145h26.984l-8.177 8.162c-0.436 0.451-0.436 1.178 0 1.613 0.451 0.451 1.178 0.451 1.613 0l10.113-10.113c0.451-0.436 0.451-1.162 0-1.596l-10.113-10.114z\"><\/path><\/svg>Read More<span class=\"screen-reader-text\"> \"Zahnimplantat Alpha Bio mit CAD\/CAM\"<\/span><svg class=\"icon icon-right-arrow\" version=\"1.1\" xmlns=\"http:\/\/www.w3.org\/2000\/svg\" width=\"32\" height=\"32\" viewbox=\"0 0 32 32\"><path d=\"M21.548 5.088c-0.436-0.451-1.162-0.451-1.613 0-0.436 0.436-0.436 1.162 0 1.596l8.177 8.177h-26.984c-0.629 0.001-1.129 0.501-1.129 1.13s0.5 1.145 1.129 1.145h26.984l-8.177 8.162c-0.436 0.451-0.436 1.178 0 1.613 0.451 0.451 1.178 0.451 1.613 0l10.113-10.113c0.451-0.436 0.451-1.162 0-1.596l-10.113-10.114z\"><\/path><\/svg><\/a><\/div>","protected":false},"author":1,"featured_media":0,"parent":4116,"menu_order":0,"comment_status":"closed","ping_status":"closed","template":"","meta":{"footnotes":""},"class_list":["post-2773","page","type-page","status-publish","hentry"],"aioseo_notices":[],"_links":{"self":[{"href":"https:\/\/denisdental.com\/hu\/wp-json\/wp\/v2\/pages\/2773","targetHints":{"allow":["GET"]}}],"collection":[{"href":"https:\/\/denisdental.com\/hu\/wp-json\/wp\/v2\/pages"}],"about":[{"href":"https:\/\/denisdental.com\/hu\/wp-json\/wp\/v2\/types\/page"}],"author":[{"embeddable":true,"href":"https:\/\/denisdental.com\/hu\/wp-json\/wp\/v2\/users\/1"}],"replies":[{"embeddable":true,"href":"https:\/\/denisdental.com\/hu\/wp-json\/wp\/v2\/comments?post=2773"}],"version-history":[{"count":0,"href":"https:\/\/denisdental.com\/hu\/wp-json\/wp\/v2\/pages\/2773\/revisions"}],"up":[{"embeddable":true,"href":"https:\/\/denisdental.com\/hu\/wp-json\/wp\/v2\/pages\/4116"}],"wp:attachment":[{"href":"https:\/\/denisdental.com\/hu\/wp-json\/wp\/v2\/media?parent=2773"}],"curies":[{"name":"wp","href":"https:\/\/api.w.org\/{rel}","templated":true}]}}