{"id":2160,"date":"2025-10-16T11:19:34","date_gmt":"2025-10-16T09:19:34","guid":{"rendered":"http:\/\/192.168.0.134:81\/?page_id=2160"},"modified":"2026-03-05T13:43:31","modified_gmt":"2026-03-05T12:43:31","slug":"knochenaufbau","status":"publish","type":"page","link":"https:\/\/denisdental.com\/hu\/behandlungen\/oralchirurgie\/knochenaufbau\/","title":{"rendered":"Csontp\u00f3tl\u00e1s"},"content":{"rendered":"<div class=\"wpb-content-wrapper\"><div class=\"tt-shortcode_vc_row 8 vc_row wpb_row vc_row-fluid\"><div class=\"wpb_column vc_column_container vc_col-sm-12\"><div class=\"tt-shortcode_vc_clmn vc_column-inner\"><div class=\"wpb_wrapper\">\n\t<div class=\"wpb_text_column wpb_content_element\" >\n\t\t<div class=\"tt_shortcode_vc_column_text wpb_wrapper\">\n\t\t\t<h1 class=\"sppb-section-title sppb-text-center\">Csontp\u00f3tl\u00e1s fog\u00e1szati implant\u00e1tumokhoz<\/h1>\n<div class=\"sppb-row\">\n<div id=\"column-wrap-id-1549457370761\" class=\"sppb-col-md-12\">\n<div id=\"column-id-1549457370761\" class=\"sppb-column\">\n<div class=\"sppb-column-addons\">\n<div id=\"sppb-addon-wrapper-1551432457675\" class=\"sppb-addon-wrapper\">\n<div id=\"sppb-addon-1551432457675\" class=\"clearfix\">\n<div class=\"sppb-addon sppb-addon-text-block\">\n<div class=\"sppb-addon-content\">\n<p>A csontp\u00f3tl\u00e1s egy rutinelj\u00e1r\u00e1s, amit\u0151l nem kell f\u00e9lnie. Az \u00e9letkor n\u00f6veked\u00e9s\u00e9vel,\u00a0<strong>A fogszuvasod\u00e1s okozta kr\u00f3nikus parodontitis (\u00ednygyullad\u00e1s) eset\u00e9n az emberek elvesz\u00edtik fogaikat,<\/strong>\u00a0\u00e9s ennek k\u00f6vetkezt\u00e9ben cs\u00f6kken az \u00e1llcsont csont\u00e1llom\u00e1nya. Az eredm\u00e9ny: a foggy\u00f6k\u00e9r egyre kevesebb t\u00e1maszt tal\u00e1l a visszah\u00faz\u00f3d\u00f3 csontban - eg\u00e9szen addig, am\u00edg ki nem esik.\u00a0<strong>A csontveszt\u00e9s okai a k\u00f6vetkez\u0151k<\/strong>\u00a0p\u00e9ld\u00e1ul\u00a0<strong>a fog elt\u00e1vol\u00edt\u00e1sa ut\u00e1ni visszafejl\u0151d\u00e9s is.<\/strong><\/p>\n<p><strong>Az \u00e1llkapocscsontja er\u0151s \u00e9s szil\u00e1rd marad, am\u00edg terhel\u00e9s alatt \u00e1ll.\u00a0<\/strong>A foggy\u00f6kerek feletti fogak r\u00e1g\u00e1s k\u00f6zben nyom\u00e1st gyakorolnak a csontokra. Ha nincsenek fogak, ez a nyom\u00e1s hi\u00e1nyzik. A csont egyre jobban visszah\u00faz\u00f3dik. Az \u00e1llcsont olyan v\u00e9kony lehet, hogy a fog\u00e1szati implant\u00e1tumok nem tal\u00e1ln\u00e1nak benne tart\u00e1st. T\u00fals\u00e1gosan ki\u00e1lln\u00e1nak a csontb\u00f3l, m\u00e9g a lehet\u0151 legkisebb implant\u00e1tumm\u00e9ret eset\u00e9n is.<\/p>\n<p>Ha egy r\u00e9st vagy egy eg\u00e9sz \u00e1llkapcsot szeretne implant\u00e1tumok seg\u00edts\u00e9g\u00e9vel lez\u00e1rni, felmer\u00fcl a k\u00e9rd\u00e9s, hogy a megl\u00e9v\u0151 csontsz\u00f6vet elegend\u0151 t\u00e1maszt ny\u00fajt-e ezeknek a mesters\u00e9ges foggy\u00f6kereknek, vagy csontp\u00f3tl\u00e1sra van sz\u00fcks\u00e9g.<\/p>\n<p><strong>A csontp\u00f3tl\u00e1s lehet\u0151s\u00e9gei v\u00e1ltozatosak<\/strong>\u00a0<strong>\u00e9s az egyes betegekre vonatkoz\u00f3 k\u00f6vetelm\u00e9nyek (ha egy\u00e1ltal\u00e1n sz\u00fcks\u00e9gesek) nagyon elt\u00e9r\u0151ek.<\/strong>\u00a0Ez\u00e9rt el\u0151zetesen r\u00e9szletes vizsg\u00e1latra van sz\u00fcks\u00e9g tapasztalt szakorvosaink \u00e1ltal, amelyet a Denis &amp; Focus Fog\u00e1szati K\u00f6zpont p\u00e1ciensei ingyenesen \u00e9s k\u00f6telezetts\u00e9g n\u00e9lk\u00fcl kapnak meg az els\u0151 vizsg\u00e1lat keret\u00e9ben. A fogorvosok a pontos, szem\u00e9lyre szabott elj\u00e1r\u00e1st is el\u0151re megbesz\u00e9lik \u00d6nnel.<\/p>\n<p>A szintetikus BioOss anyagot 20 \u00e9ve haszn\u00e1ljuk csontp\u00f3tl\u00e1sra, \u00e9s nagyon j\u00f3 eredm\u00e9nyeket \u00e9rt\u00fcnk el. Nagyon b\u00fcszk\u00e9k vagyunk arra, hogy a sikeresen elv\u00e9gzett m\u0171t\u00e9tek kock\u00e1zatmentesek \u00e9s stabil fogp\u00f3tl\u00e1s alapj\u00e1t k\u00e9pezik.<\/p>\n<p>P\u00e1cienseink a csontp\u00f3tl\u00e1st k\u00f6vet\u0151 gy\u00f3gyul\u00e1si id\u0151re ideiglenes fogp\u00f3tl\u00e1st kapnak. Ez azt jelenti, hogy soha senkit nem enged\u00fcnk haza fogak n\u00e9lk\u00fcl!<\/p>\n<\/div>\n<\/div>\n<\/div>\n<\/div>\n<\/div>\n<\/div>\n<\/div>\n<\/div>\n\n\t\t<\/div>\n\t<\/div>\n\n\t<div  class=\"wpb_single_image wpb_content_element vc_align_center  vc_custom_1771597128316\">\n\t\t\n\t\t<figure class=\"wpb_wrapper vc_figure\">\n\t\t\t<img loading=\"lazy\" decoding=\"async\" width=\"1110\" height=\"398\" src=\"https:\/\/denisdental.com\/wp-content\/uploads\/2025\/10\/knochenaufbau_001.avif\" class=\"vc_single_image-img  attachment-large\" alt=\"\" title=\"csontszerkezet_001\" \/>\n\t\t<\/figure>\n\t<\/div>\n<\/div><\/div><\/div><\/div><div class=\"tt-shortcode_vc_row 8 vc_row wpb_row vc_row-fluid vc_custom_1761552829309\"><div class=\"wpb_column vc_column_container vc_col-sm-12\"><div class=\"tt-shortcode_vc_clmn vc_column-inner\"><div class=\"wpb_wrapper\">\n\t<div class=\"wpb_text_column wpb_content_element\" >\n\t\t<div class=\"tt_shortcode_vc_column_text wpb_wrapper\">\n\t\t\t<h3 style=\"text-align: center;\">\u00c1rlista let\u00f6lt\u00e9se<\/h3>\n\n\t\t<\/div>\n\t<\/div>\n\n<div class=\"wpcf7 no-js\" id=\"wpcf7-f245-o1\" lang=\"en-US\" dir=\"ltr\" data-wpcf7-id=\"245\">\n<div class=\"screen-reader-response\"><p role=\"status\" aria-live=\"polite\" aria-atomic=\"true\"><\/p> <ul><\/ul><\/div>\n<form action=\"\/hu\/wp-json\/wp\/v2\/pages\/2160\/#wpcf7-f245-o1\" method=\"post\" class=\"wpcf7-form init\" aria-label=\"Contact form\" novalidate=\"novalidate\" data-status=\"init\" data-trp-original-action=\"\/hu\/wp-json\/wp\/v2\/pages\/2160\/#wpcf7-f245-o1\">\n<fieldset class=\"hidden-fields-container\"><input type=\"hidden\" name=\"_wpcf7\" value=\"245\" \/><input type=\"hidden\" name=\"_wpcf7_version\" value=\"6.1.5\" \/><input type=\"hidden\" name=\"_wpcf7_locale\" value=\"en_US\" \/><input type=\"hidden\" name=\"_wpcf7_unit_tag\" value=\"wpcf7-f245-o1\" \/><input type=\"hidden\" name=\"_wpcf7_container_post\" value=\"0\" \/><input type=\"hidden\" name=\"_wpcf7_posted_data_hash\" value=\"\" \/>\n<\/fieldset>\n<div class=\"dd-card\">\n\t<div class=\"dd-priceform\">\n\n <!-- sor 1 -->\n\t\t<div class=\"dd-col dd-span-2\">\n\t\t\t<p><span class=\"wpcf7-form-control-wrap\" data-name=\"anrede\"><select class=\"wpcf7-form-control wpcf7-select wpcf7-validates-as-required dd-input\" aria-required=\"true\" aria-invalid=\"false\" name=\"anrede\"><option value=\"Anrede *\">\u00dcdv\u00f6zl\u00e9s *<\/option><option value=\"Herr\">Mr<\/option><option value=\"Frau\">Mrs<\/option><\/select><\/span>\n\t\t\t<\/p>\n\t\t<\/div>\n\t\t<div class=\"dd-col dd-span-5\">\n\t\t\t<p><span class=\"wpcf7-form-control-wrap\" data-name=\"vorname\"><input size=\"40\" maxlength=\"400\" class=\"wpcf7-form-control wpcf7-text wpcf7-validates-as-required dd-input\" aria-required=\"true\" aria-invalid=\"false\" placeholder=\"Keresztn\u00e9v *\" value=\"\" type=\"text\" name=\"vorname\" \/><\/span>\n\t\t\t<\/p>\n\t\t<\/div>\n\t\t<div class=\"dd-col dd-span-5\">\n\t\t\t<p><span class=\"wpcf7-form-control-wrap\" data-name=\"nachname\"><input size=\"40\" maxlength=\"400\" class=\"wpcf7-form-control wpcf7-text wpcf7-validates-as-required dd-input\" aria-required=\"true\" aria-invalid=\"false\" placeholder=\"Vezet\u00e9kn\u00e9v *\" value=\"\" type=\"text\" name=\"nachname\" \/><\/span>\n\t\t\t<\/p>\n\t\t<\/div>\n\n <!-- sor 2 -->\n\t\t<div class=\"dd-col dd-span-2\">\n\t\t\t<p><span class=\"wpcf7-form-control-wrap\" data-name=\"lcode\"><input size=\"40\" maxlength=\"400\" class=\"wpcf7-form-control wpcf7-text dd-input\" aria-invalid=\"false\" placeholder=\"Orsz\u00e1gk\u00f3d\" value=\"\" type=\"text\" name=\"lcode\" \/><\/span>\n\t\t\t<\/p>\n\t\t<\/div>\n\t\t<div class=\"dd-col dd-span-2\">\n\t\t\t<p><span class=\"wpcf7-form-control-wrap\" data-name=\"vorwahl\"><input size=\"40\" maxlength=\"400\" class=\"wpcf7-form-control wpcf7-text dd-input\" aria-invalid=\"false\" placeholder=\"K\u00f6rzetsz\u00e1m\" value=\"\" type=\"text\" name=\"vorwahl\" \/><\/span>\n\t\t\t<\/p>\n\t\t<\/div>\n\t\t<div class=\"dd-col dd-span-4\">\n\t\t\t<p><span class=\"wpcf7-form-control-wrap\" data-name=\"telefon\"><input size=\"40\" maxlength=\"400\" class=\"wpcf7-form-control wpcf7-text dd-input\" aria-invalid=\"false\" placeholder=\"Telefon\" value=\"\" type=\"text\" name=\"telefon\" \/><\/span>\n\t\t\t<\/p>\n\t\t<\/div>\n\t\t<div class=\"dd-col dd-span-4\">\n\t\t\t<p><span class=\"wpcf7-form-control-wrap\" data-name=\"email\"><input size=\"40\" maxlength=\"400\" class=\"wpcf7-form-control wpcf7-email wpcf7-validates-as-required wpcf7-text wpcf7-validates-as-email dd-input\" aria-required=\"true\" aria-invalid=\"false\" placeholder=\"E-mail *\" value=\"\" type=\"email\" name=\"email\" \/><\/span>\n\t\t\t<\/p>\n\t\t<\/div>\n\n <!-- sor 3 -->\n\t\t<div class=\"dd-col dd-span-12\">\n\t\t\t<p><span class=\"wpcf7-form-control-wrap\" data-name=\"ruckruf\"><select class=\"wpcf7-form-control wpcf7-select dd-input\" aria-invalid=\"false\" name=\"ruckruf\"><option value=\"\u2013 Zeitraum f\u00fcr R\u00fcckruf ausw\u00e4hlen \u2013\">- V\u00e1lassza ki a visszah\u00edv\u00e1si id\u0151szakot -<\/option><option value=\"Vormittag (9\u201313)\">Reggel (9-13)<\/option><option value=\"Nachmittag (13\u201319)\">D\u00e9lut\u00e1n (13-19)<\/option><\/select><\/span>\n\t\t\t<\/p>\n\t\t<\/div>\n\t\t<div style=\"display:none\">\n\t\t\t<p><span class=\"wpcf7-form-control-wrap\" data-name=\"kacsintos\"><input size=\"40\" maxlength=\"400\" class=\"wpcf7-form-control wpcf7-text dd-input\" aria-invalid=\"false\" placeholder=\"kacsintos\" value=\"\" type=\"text\" name=\"kacsintos\" \/><\/span>\n\t\t\t<\/p>\n\t\t<\/div>\n\t\t<p><span id=\"wpcf7-69d9d7af7fb7a-wrapper\" class=\"wpcf7-form-control-wrap honeypot-968-wrap\" style=\"display:none !important; visibility:hidden !important;\"><label for=\"wpcf7-69d9d7af7fb7a-field\" class=\"hp-message\">Please leave this field empty.<\/label><input id=\"wpcf7-69d9d7af7fb7a-field\"  placeholder=\"kacsint\"  class=\"wpcf7-form-control wpcf7-text\" type=\"text\" name=\"honeypot-968\" value=\"\" size=\"40\" tabindex=\"-1\" autocomplete=\"new-password\" \/><\/span>\n\t\t<\/p>\n\n\n <!-- sor 4: GDPR + gomb -->\n\t\t<div class=\"dd-col dd-span-12 dd-row-end\">\n\t\t\t<p><span class=\"dd-accept\"><br \/>\n<span class=\"wpcf7-form-control-wrap\" data-name=\"datenschutz\"><span class=\"wpcf7-form-control wpcf7-acceptance\"><span class=\"wpcf7-list-item\"><label><input type=\"checkbox\" name=\"datenschutz\" value=\"1\" aria-invalid=\"false\" \/><span class=\"wpcf7-list-item-label\">Megvan a <a href=\"\/hu\/datenschutz\/\" target=\"_blank\" rel=\"noopener\">Adatv\u00e9delmi szab\u00e1lyzat<\/a> \u00e9s egyet\u00e9rtek vele.<\/span><\/label><\/span><\/span><\/span><br \/>\n<\/span><br \/>\n<span class=\"dd-actions\"><br \/>\n<input class=\"wpcf7-form-control wpcf7-submit has-spinner\" type=\"submit\" value=\"\u00c1rak let\u00f6lt\u00e9se\" \/><\/span>\n\t\t\t<\/p>\n\t\t<\/div>\n\t<\/div>\n<\/div><div class=\"wpcf7-response-output\" aria-hidden=\"true\"><\/div>\n<input type=\"hidden\" name=\"trp-form-language\" value=\"hu\"\/><\/form>\n<\/div>\n<\/div><\/div><\/div><\/div>\n<\/div>","protected":false},"excerpt":{"rendered":"Knochenaufbau f\u00fcr Zahnimplantate Der Knochenaufbau ist ein Routineeingriff, vor der man keine Angst haben muss.\u00a0Mit zunehmendem Alter,\u00a0bei chronischer Parodontitis (Zahnfleischentz\u00fcndung) aufgrund von Karies, verlieren Menschen ihre Z\u00e4hne,\u00a0und dadurch nimmt die Knochensubstanz des Kieferknochens ab. Die Folge: Die Zahnwurzel findet im zur\u00fcckweichenden Knochen immer weniger Halt - solange bis sie ausf\u00e4llt.\u00a0Ursachen f\u00fcr einen Knochenschwund sind\u00a0beispielsweise\u00a0auch die <div class=\"btn-more-wrapper\"><a href=\"https:\/\/denisdental.com\/hu\/behandlungen\/oralchirurgie\/knochenaufbau\/\" class=\"btn btn-sm btn-hover-fill\"><svg class=\"icon icon-right-arrow\" version=\"1.1\" xmlns=\"http:\/\/www.w3.org\/2000\/svg\" width=\"32\" height=\"32\" viewbox=\"0 0 32 32\"><path d=\"M21.548 5.088c-0.436-0.451-1.162-0.451-1.613 0-0.436 0.436-0.436 1.162 0 1.596l8.177 8.177h-26.984c-0.629 0.001-1.129 0.501-1.129 1.13s0.5 1.145 1.129 1.145h26.984l-8.177 8.162c-0.436 0.451-0.436 1.178 0 1.613 0.451 0.451 1.178 0.451 1.613 0l10.113-10.113c0.451-0.436 0.451-1.162 0-1.596l-10.113-10.114z\"><\/path><\/svg>Read More<span class=\"screen-reader-text\"> \"Knochenaufbau\"<\/span><svg class=\"icon icon-right-arrow\" version=\"1.1\" xmlns=\"http:\/\/www.w3.org\/2000\/svg\" width=\"32\" height=\"32\" viewbox=\"0 0 32 32\"><path d=\"M21.548 5.088c-0.436-0.451-1.162-0.451-1.613 0-0.436 0.436-0.436 1.162 0 1.596l8.177 8.177h-26.984c-0.629 0.001-1.129 0.501-1.129 1.13s0.5 1.145 1.129 1.145h26.984l-8.177 8.162c-0.436 0.451-0.436 1.178 0 1.613 0.451 0.451 1.178 0.451 1.613 0l10.113-10.113c0.451-0.436 0.451-1.162 0-1.596l-10.113-10.114z\"><\/path><\/svg><\/a><\/div>","protected":false},"author":1,"featured_media":0,"parent":4121,"menu_order":0,"comment_status":"closed","ping_status":"closed","template":"","meta":{"footnotes":""},"class_list":["post-2160","page","type-page","status-publish","hentry"],"aioseo_notices":[],"_links":{"self":[{"href":"https:\/\/denisdental.com\/hu\/wp-json\/wp\/v2\/pages\/2160","targetHints":{"allow":["GET"]}}],"collection":[{"href":"https:\/\/denisdental.com\/hu\/wp-json\/wp\/v2\/pages"}],"about":[{"href":"https:\/\/denisdental.com\/hu\/wp-json\/wp\/v2\/types\/page"}],"author":[{"embeddable":true,"href":"https:\/\/denisdental.com\/hu\/wp-json\/wp\/v2\/users\/1"}],"replies":[{"embeddable":true,"href":"https:\/\/denisdental.com\/hu\/wp-json\/wp\/v2\/comments?post=2160"}],"version-history":[{"count":0,"href":"https:\/\/denisdental.com\/hu\/wp-json\/wp\/v2\/pages\/2160\/revisions"}],"up":[{"embeddable":true,"href":"https:\/\/denisdental.com\/hu\/wp-json\/wp\/v2\/pages\/4121"}],"wp:attachment":[{"href":"https:\/\/denisdental.com\/hu\/wp-json\/wp\/v2\/media?parent=2160"}],"curies":[{"name":"wp","href":"https:\/\/api.w.org\/{rel}","templated":true}]}}