{"id":2148,"date":"2025-10-15T13:31:43","date_gmt":"2025-10-15T11:31:43","guid":{"rendered":"http:\/\/192.168.0.134:81\/?page_id=2148"},"modified":"2026-03-05T13:53:12","modified_gmt":"2026-03-05T12:53:12","slug":"erfahrungsberichte","status":"publish","type":"page","link":"https:\/\/denisdental.com\/hu\/referenzen\/erfahrungsberichte\/","title":{"rendered":"Aj\u00e1nl\u00e1sok"},"content":{"rendered":"<div class=\"wpb-content-wrapper\"><div class=\"tt-shortcode_vc_row 8 vc_row wpb_row vc_row-fluid\"><div class=\"wpb_column vc_column_container vc_col-sm-12\"><div class=\"tt-shortcode_vc_clmn vc_column-inner\"><div class=\"wpb_wrapper\">\n\t<div class=\"wpb_raw_code wpb_raw_html wpb_content_element\" >\n\t\t<div class=\"wpb_wrapper\">\n\t\t\t<div class=\"df-videogrid\">\r\n  <h2 class=\"df-videogrid__title\">Tan\u00favallom\u00e1sok - a betegek elmondj\u00e1k t\u00f6rt\u00e9neteiket<\/h2>\r\n  <div class=\"df-videogrid__grid\">\r\n    <!-- 1 -->\r\n    <article class=\"df-card\">\r\n      <div class=\"df-card__media\">\r\n        <iframe loading=\"lazy\" title=\"Betegjelent\u00e9s 1\"\r\n          src=\"https:\/\/www.youtube-nocookie.com\/embed\/PwBwVaaKoy8\"\r\n          frameborder=\"0\"\r\n          allow=\"accelerometer; autoplay; clipboard-write; encrypted-media; gyroscope; picture-in-picture; web-share\"\r\n          referrerpolicy=\"strict-origin-when-cross-origin\" allowfullscreen><\/iframe>\r\n      <\/div>\r\n      <h3 class=\"df-card__caption\">Betegjelent\u00e9s 1<\/h3>\r\n    <\/article>\r\n\r\n    <!-- 2 -->\r\n    <article class=\"df-card\">\r\n      <div class=\"df-card__media\">\r\n        <iframe loading=\"lazy\" title=\"Betegjelent\u00e9s 2\"\r\n          src=\"https:\/\/www.youtube-nocookie.com\/embed\/XFqSyESPcfI\"\r\n          frameborder=\"0\" allow=\"accelerometer; autoplay; clipboard-write; encrypted-media; gyroscope; picture-in-picture; web-share\"\r\n          referrerpolicy=\"strict-origin-when-cross-origin\" allowfullscreen><\/iframe>\r\n      <\/div>\r\n      <h3 class=\"df-card__caption\">Betegjelent\u00e9s 2<\/h3>\r\n    <\/article>\r\n\r\n    <!-- 3 -->\r\n    <article class=\"df-card\">\r\n      <div class=\"df-card__media\">\r\n        <iframe loading=\"lazy\" title=\"Betegjelent\u00e9s 3\"\r\n          src=\"https:\/\/www.youtube-nocookie.com\/embed\/a6lxPT4cMUQ\"\r\n          frameborder=\"0\" allow=\"accelerometer; autoplay; clipboard-write; encrypted-media; gyroscope; picture-in-picture; web-share\"\r\n          referrerpolicy=\"strict-origin-when-cross-origin\" allowfullscreen><\/iframe>\r\n      <\/div>\r\n      <h3 class=\"df-card__caption\">Betegjelent\u00e9s 3<\/h3>\r\n    <\/article>\r\n\r\n    <!-- 4 -->\r\n    <article class=\"df-card\">\r\n      <div class=\"df-card__media\">\r\n        <iframe loading=\"lazy\" title=\"Betegjelent\u00e9s 4\"\r\n          src=\"https:\/\/www.youtube-nocookie.com\/embed\/IknoIhx8iLU\"\r\n          frameborder=\"0\" allow=\"accelerometer; autoplay; clipboard-write; encrypted-media; gyroscope; picture-in-picture; web-share\"\r\n          referrerpolicy=\"strict-origin-when-cross-origin\" allowfullscreen><\/iframe>\r\n      <\/div>\r\n      <h3 class=\"df-card__caption\">Betegjelent\u00e9s 4<\/h3>\r\n    <\/article>\r\n\r\n    <!-- 5 -->\r\n    <article class=\"df-card\">\r\n      <div class=\"df-card__media\">\r\n        <iframe loading=\"lazy\" title=\"Betegjelent\u00e9s 5\"\r\n          src=\"https:\/\/www.youtube-nocookie.com\/embed\/7VTMkm8BUTc\"\r\n          frameborder=\"0\" allow=\"accelerometer; autoplay; clipboard-write; encrypted-media; gyroscope; picture-in-picture; web-share\"\r\n          referrerpolicy=\"strict-origin-when-cross-origin\" allowfullscreen><\/iframe>\r\n      <\/div>\r\n      <h3 class=\"df-card__caption\">Betegjelent\u00e9s 5<\/h3>\r\n    <\/article>\r\n\r\n    <!-- 6 -->\r\n    <article class=\"df-card\">\r\n      <div class=\"df-card__media\">\r\n        <iframe loading=\"lazy\" title=\"Betegjelent\u00e9s 6\"\r\n          src=\"https:\/\/www.youtube-nocookie.com\/embed\/NwPbL1LAcY8\"\r\n          frameborder=\"0\" allow=\"accelerometer; autoplay; clipboard-write; encrypted-media; gyroscope; picture-in-picture; web-share\"\r\n          referrerpolicy=\"strict-origin-when-cross-origin\" allowfullscreen><\/iframe>\r\n      <\/div>\r\n      <h3 class=\"df-card__caption\">Betegjelent\u00e9s 6<\/h3>\r\n    <\/article>\r\n\r\n    <!-- 7 -->\r\n    <article class=\"df-card\">\r\n      <div class=\"df-card__media\">\r\n        <iframe loading=\"lazy\" title=\"Betegjelent\u00e9s 7\"\r\n          src=\"https:\/\/www.youtube-nocookie.com\/embed\/wVNu47EHNeY\"\r\n          frameborder=\"0\" allow=\"accelerometer; autoplay; clipboard-write; encrypted-media; gyroscope; picture-in-picture; web-share\"\r\n          referrerpolicy=\"strict-origin-when-cross-origin\" allowfullscreen><\/iframe>\r\n      <\/div>\r\n      <h3 class=\"df-card__caption\">Betegjelent\u00e9s 7<\/h3>\r\n    <\/article>\r\n\r\n    <!-- 8 -->\r\n    <article class=\"df-card\">\r\n      <div class=\"df-card__media\">\r\n        <iframe loading=\"lazy\" title=\"Betegjelent\u00e9s 8\"\r\n          src=\"https:\/\/www.youtube-nocookie.com\/embed\/wLLdRq9dA4w\"\r\n          frameborder=\"0\" allow=\"accelerometer; autoplay; clipboard-write; encrypted-media; gyroscope; picture-in-picture; web-share\"\r\n          referrerpolicy=\"strict-origin-when-cross-origin\" allowfullscreen><\/iframe>\r\n      <\/div>\r\n      <h3 class=\"df-card__caption\">Betegjelent\u00e9s 8<\/h3>\r\n    <\/article>\r\n\r\n    <!-- 9 -->\r\n    <article class=\"df-card\">\r\n      <div class=\"df-card__media\">\r\n        <iframe loading=\"lazy\" title=\"Betegjelent\u00e9s 9\"\r\n          src=\"https:\/\/www.youtube-nocookie.com\/embed\/FG38RyrN-sQ\"\r\n          frameborder=\"0\" allow=\"accelerometer; autoplay; clipboard-write; encrypted-media; gyroscope; picture-in-picture; web-share\"\r\n          referrerpolicy=\"strict-origin-when-cross-origin\" allowfullscreen><\/iframe>\r\n      <\/div>\r\n      <h3 class=\"df-card__caption\">Betegjelent\u00e9s 9<\/h3>\r\n    <\/article>\r\n\r\n    <!-- 10 -->\r\n    <article class=\"df-card\">\r\n      <div class=\"df-card__media\">\r\n        <iframe loading=\"lazy\" title=\"Betegjelent\u00e9s 10\"\r\n          src=\"https:\/\/www.youtube-nocookie.com\/embed\/iTV2F1EeAVw\"\r\n          frameborder=\"0\" allow=\"accelerometer; autoplay; clipboard-write; encrypted-media; gyroscope; picture-in-picture; web-share\"\r\n          referrerpolicy=\"strict-origin-when-cross-origin\" allowfullscreen><\/iframe>\r\n      <\/div>\r\n      <h3 class=\"df-card__caption\">Betegjelent\u00e9s 10<\/h3>\r\n    <\/article>\r\n\r\n    <!-- 11 -->\r\n    <article class=\"df-card\">\r\n      <div class=\"df-card__media\">\r\n        <iframe loading=\"lazy\" title=\"Betegjelent\u00e9s 11\"\r\n          src=\"https:\/\/www.youtube-nocookie.com\/embed\/ok7f8Mp_sR0\"\r\n          frameborder=\"0\" allow=\"accelerometer; autoplay; clipboard-write; encrypted-media; gyroscope; picture-in-picture; web-share\"\r\n          referrerpolicy=\"strict-origin-when-cross-origin\" allowfullscreen><\/iframe>\r\n      <\/div>\r\n      <h3 class=\"df-card__caption\">Betegjelent\u00e9s 11<\/h3>\r\n    <\/article>\r\n\r\n    <!-- 12 -->\r\n    <article class=\"df-card\">\r\n      <div class=\"df-card__media\">\r\n        <iframe loading=\"lazy\" title=\"Betegjelent\u00e9s 12\"\r\n          src=\"https:\/\/www.youtube-nocookie.com\/embed\/Bw-tzqNJS4k\"\r\n          frameborder=\"0\" allow=\"accelerometer; autoplay; clipboard-write; encrypted-media; gyroscope; picture-in-picture; web-share\"\r\n          referrerpolicy=\"strict-origin-when-cross-origin\" allowfullscreen><\/iframe>\r\n      <\/div>\r\n      <h3 class=\"df-card__caption\">Betegjelent\u00e9s 12<\/h3>\r\n    <\/article>\r\n  <\/div>\r\n<\/div>\r\n\r\n\n\t\t<\/div>\n\t<\/div>\n<\/div><\/div><\/div><\/div>\n<\/div>","protected":false},"excerpt":{"rendered":"Erfahrungsberichte \u2013 Patient*innen erz\u00e4hlen Patientenbericht 1 Patientenbericht 2 Patientenbericht 3 Patientenbericht 4 Patientenbericht 5 Patientenbericht 6 Patientenbericht 7 Patientenbericht 8 Patientenbericht 9 Patientenbericht 10 Patientenbericht 11 Patientenbericht 12","protected":false},"author":1,"featured_media":0,"parent":4101,"menu_order":0,"comment_status":"closed","ping_status":"closed","template":"custompagett.php","meta":{"footnotes":""},"class_list":["post-2148","page","type-page","status-publish","hentry"],"aioseo_notices":[],"_links":{"self":[{"href":"https:\/\/denisdental.com\/hu\/wp-json\/wp\/v2\/pages\/2148","targetHints":{"allow":["GET"]}}],"collection":[{"href":"https:\/\/denisdental.com\/hu\/wp-json\/wp\/v2\/pages"}],"about":[{"href":"https:\/\/denisdental.com\/hu\/wp-json\/wp\/v2\/types\/page"}],"author":[{"embeddable":true,"href":"https:\/\/denisdental.com\/hu\/wp-json\/wp\/v2\/users\/1"}],"replies":[{"embeddable":true,"href":"https:\/\/denisdental.com\/hu\/wp-json\/wp\/v2\/comments?post=2148"}],"version-history":[{"count":0,"href":"https:\/\/denisdental.com\/hu\/wp-json\/wp\/v2\/pages\/2148\/revisions"}],"up":[{"embeddable":true,"href":"https:\/\/denisdental.com\/hu\/wp-json\/wp\/v2\/pages\/4101"}],"wp:attachment":[{"href":"https:\/\/denisdental.com\/hu\/wp-json\/wp\/v2\/media?parent=2148"}],"curies":[{"name":"wp","href":"https:\/\/api.w.org\/{rel}","templated":true}]}}