{"id":30,"date":"2025-09-24T08:46:43","date_gmt":"2025-09-24T06:46:43","guid":{"rendered":"http:\/\/host.denisdental.com\/doctor-page\/"},"modified":"2026-04-09T08:21:57","modified_gmt":"2026-04-09T06:21:57","slug":"dr-hermann-csaba-kieferchirurg","status":"publish","type":"page","link":"https:\/\/denisdental.com\/en\/dr-hermann-csaba-kieferchirurg\/","title":{"rendered":"Dr. Csaba Hermann - Chief dentist, specialist dentist for oral surgery"},"content":{"rendered":"<div class=\"wpb-content-wrapper\"><div class=\"tt-shortcode_vc_row 8 row\" ><div class=\"tt-shortcode_vc_clmn col-md\"><div  class=\"tt-reset-tag-p doctor-page-photo text-center tt_pt_3\"><img loading=\"lazy\" decoding=\"async\" width=\"4961\" height=\"7016\" src=\"https:\/\/denisdental.com\/wp-content\/uploads\/2025\/10\/2-1.avif\" class=\"vc_single_image-img img-fluid attachment-full\" alt=\"\" title=\"\" \/><\/div><div class=\"mt-3\"><\/div>\n<table class=\"table table-bordered doctor-page-table\">\n<tbody>\n<tr>\n<td>Position<\/td>\n<td>Principal dentist, oral surgeon<\/td>\n<\/tr>\n<tr>\n<td>Education<\/td>\n<td>University of Debrecen<\/td>\n<\/tr>\n<tr>\n<td>Specialist areas<\/td>\n<td>\n<ul class=\"circle-list\">\n<li><svg class=\"icon icon-check-mark-1\" version=\"1.1\" xmlns=\"http:\/\/www.w3.org\/2000\/svg\" width=\"32\" height=\"32\" viewbox=\"0 0 32 32\"><path d=\"M14.485 26.841c-1.451 1.451-3.805 1.451-5.255 0l-8.142-8.142c-1.451-1.45-1.451-3.804 0-5.254s3.804-1.451 5.255 0l4.851 4.85c0.366 0.366 0.961 0.366 1.328 0l13.135-13.135c1.45-1.451 3.804-1.451 5.255 0 0.697 0.697 1.088 1.642 1.088 2.627s-0.391 1.93-1.088 2.627l-16.427 16.427z\"><\/path><\/svg>Oral surgeon<\/li>\n<li><svg class=\"icon icon-check-mark-1\" version=\"1.1\" xmlns=\"http:\/\/www.w3.org\/2000\/svg\" width=\"32\" height=\"32\" viewbox=\"0 0 32 32\"><path d=\"M14.485 26.841c-1.451 1.451-3.805 1.451-5.255 0l-8.142-8.142c-1.451-1.45-1.451-3.804 0-5.254s3.804-1.451 5.255 0l4.851 4.85c0.366 0.366 0.961 0.366 1.328 0l13.135-13.135c1.45-1.451 3.804-1.451 5.255 0 0.697 0.697 1.088 1.642 1.088 2.627s-0.391 1.93-1.088 2.627l-16.427 16.427z\"><\/path><\/svg>Prosthetics<\/li>\n<\/ul>\n<\/td>\n<\/tr>\n<\/tbody>\n<\/table>\n<\/div><div class=\"tt-shortcode_vc_clmn col-lg-8 mt-4 mt-lg-0\"><div class=\"doctor-info mb-4\">\n<div class=\"doctor-info-name\">\n<h1 class=\"doctor-info-name__title\">Dr. Csaba Hermann<\/h1>\n<h6>Principal dentist, specialist dentist for oral surgery<\/h6>\n<\/div>\n<div class=\"doctor-info-phone\"><svg class=\"icon icon-telephone-1\" version=\"1.1\" xmlns=\"http:\/\/www.w3.org\/2000\/svg\" width=\"32\" height=\"32\" viewbox=\"0 0 32 32\"><path d=\"M23.467 19.2c-2.133 2.133-2.133 4.267-4.267 4.267s-4.267-2.133-6.4-4.267c-2.133-2.133-4.267-4.267-4.267-6.4s2.133-2.133 4.267-4.267-4.267-8.533-6.4-8.533-6.4 6.4-6.4 6.4c0 4.267 4.383 12.917 8.533 17.067s12.8 8.533 17.067 8.533c0 0 6.4-4.267 6.4-6.4s-6.4-8.533-8.533-6.4z\"><\/path><\/svg><a href=\"tel:0080092009200\">0080092009200<\/a><\/div>\n<div class=\"doctor-info-social\"><\/div>\n<\/div>\n<p>Dr. Csaba Hermann has been part of our specialist team for 12 years now. During this time, he has performed several thousand successful procedures - from complex surgical restorations to high-precision microsurgical treatments. His work is characterized by excellent technical expertise, exceptional precision and an uncompromising understanding of quality.<\/p>\n<p>For him, oral surgery is not routine, but a responsibility. He pursues the same goal with every single procedure: to achieve a functionally and aesthetically perfect result that offers our patients long-term stability, safety and sustainable quality of life.<\/p>\n<p>By using the latest oral surgery technologies and minimally invasive procedures, he ensures that every treatment is carried out as gently, precisely planned and prognostically safe as possible. Digital diagnostics, three-dimensional treatment planning and modern surgical protocols enable interventions at the highest medical level - controlled, efficient and with maximum safety.<\/p>\n<p>For our patients, this means not only medical excellence, but also peace of mind and trust. A detailed personal consultation, transparent treatment plans and clear, comprehensible information form the basis of every decision.<\/p>\n<p>Our head oral surgeon is convinced that genuine premium medicine is not only reflected in the latest technology, but above all in attitude and responsibility - in attention to detail, surgical precision and the desire to treat every person with the utmost care.<\/p>\n<p>His aim is for our patients to leave the practice not only pain-free, but with a feeling of security, confidence and a new quality of life - in the knowledge that they have received the highest level of medical care.<\/p>\n<div class=\"mt-4 mt-lg-7\"><\/div>\n<div class=\"collapse-wrap d-flex doctor-page\" data-toggle=\"collapse\" data-target=\"#tab1\">\n<h5 class=\"collapse-title\">TREATMENTS BY DR. CSABA HERMANN<\/h5>\n<div class=\"ml-auto\"><svg class=\"icon icon-bottom\" version=\"1.1\" xmlns=\"http:\/\/www.w3.org\/2000\/svg\" width=\"32\" height=\"32\" viewbox=\"0 0 32 32\"><path d=\"M16.549 24.893l15.224-15.224c0.303-0.303 0.303-0.795 0-1.098l-1.464-1.464c-0.146-0.146-0.343-0.227-0.549-0.227s-0.403 0.082-0.549 0.227l-13.211 13.211-13.211-13.211c-0.146-0.146-0.343-0.227-0.549-0.227s-0.403 0.082-0.549 0.227l-1.464 1.464c-0.152 0.152-0.227 0.35-0.227 0.549s0.076 0.397 0.227 0.549l15.224 15.224c0.303 0.303 0.795 0.303 1.098 0z\"><\/path><\/svg><\/div>\n<\/div>\n<div class=\"shortcode_vc_row_inner 1 collapse show\" id=\"tab1\"><div class=\"pb-4 pb-lg-7\"><div class=\"shortcode_vc_clmn_inner row row-sm-space\"><div  class=\"tt-reset-tag-p col\"><img loading=\"lazy\" decoding=\"async\" width=\"943\" height=\"1024\" src=\"https:\/\/denisdental.com\/wp-content\/uploads\/2026\/02\/3333.avif\" class=\"vc_single_image-img img-fluid attachment-full\" alt=\"\" title=\"3333\" \/><\/div><div  class=\"tt-reset-tag-p col\"><img loading=\"lazy\" decoding=\"async\" width=\"943\" height=\"1024\" src=\"https:\/\/denisdental.com\/wp-content\/uploads\/2026\/02\/2.avif\" class=\"vc_single_image-img img-fluid attachment-full\" alt=\"\" title=\"2\" \/><\/div><div  class=\"tt-reset-tag-p col\"><img loading=\"lazy\" decoding=\"async\" width=\"1886\" height=\"2048\" src=\"https:\/\/denisdental.com\/wp-content\/uploads\/2026\/02\/597851651_1265556818930336_9202513646122627415_n.avif\" class=\"vc_single_image-img img-fluid attachment-full\" alt=\"\" title=\"597851651_1265556818930336_9202513646122627415_n\" \/><\/div><\/div><\/div><\/div><div class=\"collapse-wrap d-flex\" data-toggle=\"collapse\" data-target=\"#tab2\">\n<h5 class=\"collapse-title\">WHAT OUR PATIENTS THINK<\/h5>\n<div class=\"ml-auto\"><svg class=\"icon icon-bottom\" version=\"1.1\" xmlns=\"http:\/\/www.w3.org\/2000\/svg\" width=\"32\" height=\"32\" viewbox=\"0 0 32 32\"><path d=\"M16.549 24.893l15.224-15.224c0.303-0.303 0.303-0.795 0-1.098l-1.464-1.464c-0.146-0.146-0.343-0.227-0.549-0.227s-0.403 0.082-0.549 0.227l-13.211 13.211-13.211-13.211c-0.146-0.146-0.343-0.227-0.549-0.227s-0.403 0.082-0.549 0.227l-1.464 1.464c-0.152 0.152-0.227 0.35-0.227 0.549s0.076 0.397 0.227 0.549l15.224 15.224c0.303 0.303 0.795 0.303 1.098 0z\"><\/path><\/svg><\/div>\n<\/div>\n<div class=\"shortcode_vc_row_inner 1 collapse show\" id=\"tab2\"><div class=\"shortcode_vc_clmn_inner pb-4 tt_pt_7\"><div class=\"doctor-review-row mb-1 tt_pb_3\">\n<div class=\"star-rating\"><span class=\"txt-gradient-none\"><svg class=\"icon icon-favourite-symbol\" version=\"1.1\" xmlns=\"http:\/\/www.w3.org\/2000\/svg\" width=\"32\" height=\"32\" viewbox=\"0 0 32 32\"><path d=\"M31.605 13.359c0.351-0.309 0.483-0.797 0.335-1.24s-0.548-0.754-1.014-0.788l-9.291-0.694c-0.432-0.033-0.808-0.301-0.979-0.698l-3.69-8.556c-0.185-0.428-0.609-0.705-1.077-0.7-0.466 0.004-0.885 0.287-1.062 0.72l-3.531 8.623c-0.163 0.4-0.536 0.676-0.966 0.716l-9.278 0.865c-0.465 0.043-0.859 0.361-0.999 0.806s0.001 0.932 0.357 1.233l7.109 6.023c0.33 0.28 0.477 0.719 0.382 1.14l-2.044 9.091c-0.102 0.456 0.078 0.928 0.459 1.2 0.381 0.27 0.886 0.287 1.284 0.041l7.924-4.901c0.367-0.227 0.831-0.232 1.203-0.010l8.014 4.753c0.401 0.238 0.907 0.213 1.282-0.065s0.547-0.755 0.436-1.208l-2.21-9.051c-0.103-0.42 0.036-0.862 0.36-1.147l6.997-6.153z\"><\/path><\/svg><svg class=\"icon icon-favourite-symbol\" version=\"1.1\" xmlns=\"http:\/\/www.w3.org\/2000\/svg\" width=\"32\" height=\"32\" viewbox=\"0 0 32 32\"><path d=\"M31.605 13.359c0.351-0.309 0.483-0.797 0.335-1.24s-0.548-0.754-1.014-0.788l-9.291-0.694c-0.432-0.033-0.808-0.301-0.979-0.698l-3.69-8.556c-0.185-0.428-0.609-0.705-1.077-0.7-0.466 0.004-0.885 0.287-1.062 0.72l-3.531 8.623c-0.163 0.4-0.536 0.676-0.966 0.716l-9.278 0.865c-0.465 0.043-0.859 0.361-0.999 0.806s0.001 0.932 0.357 1.233l7.109 6.023c0.33 0.28 0.477 0.719 0.382 1.14l-2.044 9.091c-0.102 0.456 0.078 0.928 0.459 1.2 0.381 0.27 0.886 0.287 1.284 0.041l7.924-4.901c0.367-0.227 0.831-0.232 1.203-0.010l8.014 4.753c0.401 0.238 0.907 0.213 1.282-0.065s0.547-0.755 0.436-1.208l-2.21-9.051c-0.103-0.42 0.036-0.862 0.36-1.147l6.997-6.153z\"><\/path><\/svg><svg class=\"icon icon-favourite-symbol\" version=\"1.1\" xmlns=\"http:\/\/www.w3.org\/2000\/svg\" width=\"32\" height=\"32\" viewbox=\"0 0 32 32\"><path d=\"M31.605 13.359c0.351-0.309 0.483-0.797 0.335-1.24s-0.548-0.754-1.014-0.788l-9.291-0.694c-0.432-0.033-0.808-0.301-0.979-0.698l-3.69-8.556c-0.185-0.428-0.609-0.705-1.077-0.7-0.466 0.004-0.885 0.287-1.062 0.72l-3.531 8.623c-0.163 0.4-0.536 0.676-0.966 0.716l-9.278 0.865c-0.465 0.043-0.859 0.361-0.999 0.806s0.001 0.932 0.357 1.233l7.109 6.023c0.33 0.28 0.477 0.719 0.382 1.14l-2.044 9.091c-0.102 0.456 0.078 0.928 0.459 1.2 0.381 0.27 0.886 0.287 1.284 0.041l7.924-4.901c0.367-0.227 0.831-0.232 1.203-0.010l8.014 4.753c0.401 0.238 0.907 0.213 1.282-0.065s0.547-0.755 0.436-1.208l-2.21-9.051c-0.103-0.42 0.036-0.862 0.36-1.147l6.997-6.153z\"><\/path><\/svg><svg class=\"icon icon-favourite-symbol\" version=\"1.1\" xmlns=\"http:\/\/www.w3.org\/2000\/svg\" width=\"32\" height=\"32\" viewbox=\"0 0 32 32\"><path d=\"M31.605 13.359c0.351-0.309 0.483-0.797 0.335-1.24s-0.548-0.754-1.014-0.788l-9.291-0.694c-0.432-0.033-0.808-0.301-0.979-0.698l-3.69-8.556c-0.185-0.428-0.609-0.705-1.077-0.7-0.466 0.004-0.885 0.287-1.062 0.72l-3.531 8.623c-0.163 0.4-0.536 0.676-0.966 0.716l-9.278 0.865c-0.465 0.043-0.859 0.361-0.999 0.806s0.001 0.932 0.357 1.233l7.109 6.023c0.33 0.28 0.477 0.719 0.382 1.14l-2.044 9.091c-0.102 0.456 0.078 0.928 0.459 1.2 0.381 0.27 0.886 0.287 1.284 0.041l7.924-4.901c0.367-0.227 0.831-0.232 1.203-0.010l8.014 4.753c0.401 0.238 0.907 0.213 1.282-0.065s0.547-0.755 0.436-1.208l-2.21-9.051c-0.103-0.42 0.036-0.862 0.36-1.147l6.997-6.153z\"><\/path><\/svg><svg class=\"icon icon-favourite-symbol\" version=\"1.1\" xmlns=\"http:\/\/www.w3.org\/2000\/svg\" width=\"32\" height=\"32\" viewbox=\"0 0 32 32\"><path d=\"M31.605 13.359c0.351-0.309 0.483-0.797 0.335-1.24s-0.548-0.754-1.014-0.788l-9.291-0.694c-0.432-0.033-0.808-0.301-0.979-0.698l-3.69-8.556c-0.185-0.428-0.609-0.705-1.077-0.7-0.466 0.004-0.885 0.287-1.062 0.72l-3.531 8.623c-0.163 0.4-0.536 0.676-0.966 0.716l-9.278 0.865c-0.465 0.043-0.859 0.361-0.999 0.806s0.001 0.932 0.357 1.233l7.109 6.023c0.33 0.28 0.477 0.719 0.382 1.14l-2.044 9.091c-0.102 0.456 0.078 0.928 0.459 1.2 0.381 0.27 0.886 0.287 1.284 0.041l7.924-4.901c0.367-0.227 0.831-0.232 1.203-0.010l8.014 4.753c0.401 0.238 0.907 0.213 1.282-0.065s0.547-0.755 0.436-1.208l-2.21-9.051c-0.103-0.42 0.036-0.862 0.36-1.147l6.997-6.153z\"><\/path><\/svg><\/span><\/div>\n<div class=\"testimonial-author\"><span class=\"testimonial-name\"> - Evelyn Bal\u00e1zs<\/span><\/div>\n<\/div>\n<p data-start=\"97\" data-end=\"409\">I went to Dr. Hermann Csaba for oral surgery and can only recommend the clinic. They were extremely friendly and attentive throughout. The assistants were also very empathetic, constantly paying attention to me, and they really put the patient's well-being first.<\/p>\n<p data-start=\"411\" data-end=\"768\">During the hour-long operation, they made sure that everything was okay the whole time and asked several times if I was okay or uncomfortable, which was very reassuring. Everyone at the practice is helpful and friendly. The environment is pleasant, calm and aesthetically designed, which means a lot for a procedure like this.<\/p>\n<p data-start=\"770\" data-end=\"813\" data-is-last-node=\"\" data-is-only-node=\"\">I can wholeheartedly recommend the clinic!!!<\/p>\n<div class=\"doctor-review-row mb-1 tt_pb_3\">\n<div class=\"star-rating\"><span class=\"txt-gradient-none\"><svg class=\"icon icon-favourite-symbol\" version=\"1.1\" xmlns=\"http:\/\/www.w3.org\/2000\/svg\" width=\"32\" height=\"32\" viewbox=\"0 0 32 32\"><path d=\"M31.605 13.359c0.351-0.309 0.483-0.797 0.335-1.24s-0.548-0.754-1.014-0.788l-9.291-0.694c-0.432-0.033-0.808-0.301-0.979-0.698l-3.69-8.556c-0.185-0.428-0.609-0.705-1.077-0.7-0.466 0.004-0.885 0.287-1.062 0.72l-3.531 8.623c-0.163 0.4-0.536 0.676-0.966 0.716l-9.278 0.865c-0.465 0.043-0.859 0.361-0.999 0.806s0.001 0.932 0.357 1.233l7.109 6.023c0.33 0.28 0.477 0.719 0.382 1.14l-2.044 9.091c-0.102 0.456 0.078 0.928 0.459 1.2 0.381 0.27 0.886 0.287 1.284 0.041l7.924-4.901c0.367-0.227 0.831-0.232 1.203-0.010l8.014 4.753c0.401 0.238 0.907 0.213 1.282-0.065s0.547-0.755 0.436-1.208l-2.21-9.051c-0.103-0.42 0.036-0.862 0.36-1.147l6.997-6.153z\"><\/path><\/svg><svg class=\"icon icon-favourite-symbol\" version=\"1.1\" xmlns=\"http:\/\/www.w3.org\/2000\/svg\" width=\"32\" height=\"32\" viewbox=\"0 0 32 32\"><path d=\"M31.605 13.359c0.351-0.309 0.483-0.797 0.335-1.24s-0.548-0.754-1.014-0.788l-9.291-0.694c-0.432-0.033-0.808-0.301-0.979-0.698l-3.69-8.556c-0.185-0.428-0.609-0.705-1.077-0.7-0.466 0.004-0.885 0.287-1.062 0.72l-3.531 8.623c-0.163 0.4-0.536 0.676-0.966 0.716l-9.278 0.865c-0.465 0.043-0.859 0.361-0.999 0.806s0.001 0.932 0.357 1.233l7.109 6.023c0.33 0.28 0.477 0.719 0.382 1.14l-2.044 9.091c-0.102 0.456 0.078 0.928 0.459 1.2 0.381 0.27 0.886 0.287 1.284 0.041l7.924-4.901c0.367-0.227 0.831-0.232 1.203-0.010l8.014 4.753c0.401 0.238 0.907 0.213 1.282-0.065s0.547-0.755 0.436-1.208l-2.21-9.051c-0.103-0.42 0.036-0.862 0.36-1.147l6.997-6.153z\"><\/path><\/svg><svg class=\"icon icon-favourite-symbol\" version=\"1.1\" xmlns=\"http:\/\/www.w3.org\/2000\/svg\" width=\"32\" height=\"32\" viewbox=\"0 0 32 32\"><path d=\"M31.605 13.359c0.351-0.309 0.483-0.797 0.335-1.24s-0.548-0.754-1.014-0.788l-9.291-0.694c-0.432-0.033-0.808-0.301-0.979-0.698l-3.69-8.556c-0.185-0.428-0.609-0.705-1.077-0.7-0.466 0.004-0.885 0.287-1.062 0.72l-3.531 8.623c-0.163 0.4-0.536 0.676-0.966 0.716l-9.278 0.865c-0.465 0.043-0.859 0.361-0.999 0.806s0.001 0.932 0.357 1.233l7.109 6.023c0.33 0.28 0.477 0.719 0.382 1.14l-2.044 9.091c-0.102 0.456 0.078 0.928 0.459 1.2 0.381 0.27 0.886 0.287 1.284 0.041l7.924-4.901c0.367-0.227 0.831-0.232 1.203-0.010l8.014 4.753c0.401 0.238 0.907 0.213 1.282-0.065s0.547-0.755 0.436-1.208l-2.21-9.051c-0.103-0.42 0.036-0.862 0.36-1.147l6.997-6.153z\"><\/path><\/svg><svg class=\"icon icon-favourite-symbol\" version=\"1.1\" xmlns=\"http:\/\/www.w3.org\/2000\/svg\" width=\"32\" height=\"32\" viewbox=\"0 0 32 32\"><path d=\"M31.605 13.359c0.351-0.309 0.483-0.797 0.335-1.24s-0.548-0.754-1.014-0.788l-9.291-0.694c-0.432-0.033-0.808-0.301-0.979-0.698l-3.69-8.556c-0.185-0.428-0.609-0.705-1.077-0.7-0.466 0.004-0.885 0.287-1.062 0.72l-3.531 8.623c-0.163 0.4-0.536 0.676-0.966 0.716l-9.278 0.865c-0.465 0.043-0.859 0.361-0.999 0.806s0.001 0.932 0.357 1.233l7.109 6.023c0.33 0.28 0.477 0.719 0.382 1.14l-2.044 9.091c-0.102 0.456 0.078 0.928 0.459 1.2 0.381 0.27 0.886 0.287 1.284 0.041l7.924-4.901c0.367-0.227 0.831-0.232 1.203-0.010l8.014 4.753c0.401 0.238 0.907 0.213 1.282-0.065s0.547-0.755 0.436-1.208l-2.21-9.051c-0.103-0.42 0.036-0.862 0.36-1.147l6.997-6.153z\"><\/path><\/svg><svg class=\"icon icon-favourite-symbol\" version=\"1.1\" xmlns=\"http:\/\/www.w3.org\/2000\/svg\" width=\"32\" height=\"32\" viewbox=\"0 0 32 32\"><path d=\"M31.605 13.359c0.351-0.309 0.483-0.797 0.335-1.24s-0.548-0.754-1.014-0.788l-9.291-0.694c-0.432-0.033-0.808-0.301-0.979-0.698l-3.69-8.556c-0.185-0.428-0.609-0.705-1.077-0.7-0.466 0.004-0.885 0.287-1.062 0.72l-3.531 8.623c-0.163 0.4-0.536 0.676-0.966 0.716l-9.278 0.865c-0.465 0.043-0.859 0.361-0.999 0.806s0.001 0.932 0.357 1.233l7.109 6.023c0.33 0.28 0.477 0.719 0.382 1.14l-2.044 9.091c-0.102 0.456 0.078 0.928 0.459 1.2 0.381 0.27 0.886 0.287 1.284 0.041l7.924-4.901c0.367-0.227 0.831-0.232 1.203-0.010l8.014 4.753c0.401 0.238 0.907 0.213 1.282-0.065s0.547-0.755 0.436-1.208l-2.21-9.051c-0.103-0.42 0.036-0.862 0.36-1.147l6.997-6.153z\"><\/path><\/svg><\/span><\/div>\n<div class=\"testimonial-author\"><span class=\"testimonial-name\"> - Alexandra Poznachowski<\/span><\/div>\n<\/div>\n<p data-start=\"97\" data-end=\"409\">I am always happy to come back to the dental clinic. Dr. Hermann and his team are very helpful and solution-oriented, you don't have to wait long, very well organized. Thank you<\/p>\n<\/div><\/div><div class=\"d-flex flex-column flex-sm-row tt-doctor-page-btns\"><a class=\"btn\" href=\"https:\/\/denisdental.com\/en\/preise\/\" data-toggle=\"modal\" data-target=\"#modalBookingForm\"><svg class=\"icon icon-health-care\" version=\"1.1\" xmlns=\"http:\/\/www.w3.org\/2000\/svg\" width=\"32\" height=\"32\" viewbox=\"0 0 32 32\"><path d=\"M30.983 10.833h-9.817v-9.817c0-0.31-0.207-0.517-0.517-0.517h-9.3c-0.31 0-0.517 0.207-0.517 0.517v9.817h-9.817c-0.31 0-0.517 0.207-0.517 0.517v9.3c0 0.31 0.207 0.517 0.517 0.517h9.817v9.817c0 0.31 0.207 0.517 0.517 0.517h5.683v-1.033h-5.167v-9.817c0-0.31-0.207-0.517-0.517-0.517h-9.817v-8.267h9.817c0.31 0 0.517-0.207 0.517-0.517v-9.817h8.267v9.817c0 0.31 0.207 0.517 0.517 0.517h9.817v8.783h1.033v-9.3c0-0.31-0.207-0.517-0.517-0.517z\"><\/path><path d=\"M27.883 22.717h-5.167c-2.015 0-3.617 1.602-3.617 3.617v5.167h1.033v-5.167c0-1.447 1.137-2.583 2.583-2.583h2.067v3.617h1.033v-3.617h2.067c1.447 0 2.583 1.137 2.583 2.583v5.167h1.033v-5.167c0-2.015-1.602-3.617-3.617-3.617z\"><\/path><path d=\"M24.783 22.2h1.033c1.447 0 2.583-1.137 2.583-2.583v-1.55c0-1.447-1.137-2.583-2.583-2.583h-1.033c-1.447 0-2.583 1.137-2.583 2.583v1.55c0 1.447 1.137 2.583 2.583 2.583zM23.233 18.067c0-0.878 0.672-1.55 1.55-1.55h1.033c0.878 0 1.55 0.672 1.55 1.55v1.55c0 0.878-0.672 1.55-1.55 1.55h-1.033c-0.878 0-1.55-0.672-1.55-1.55v-1.55z\"><\/path><path d=\"M21.683 27.883h1.033v3.617h-1.033v-3.617z\"><\/path><path d=\"M27.883 27.883h1.033v3.617h-1.033v-3.617z\"><\/path><path d=\"M12.9 2.567h1.033v1.033h-1.033v-1.033z\"><\/path><path d=\"M2.567 12.9h1.033v1.033h-1.033v-1.033z\"><\/path><path d=\"M28.4 12.9h1.033v1.033h-1.033v-1.033z\"><\/path><path d=\"M2.567 18.067h1.033v1.033h-1.033v-1.033z\"><\/path><path d=\"M12.9 28.4h1.033v1.033h-1.033v-1.033z\"><\/path><path d=\"M18.067 2.567h1.033v1.033h-1.033v-1.033z\"><\/path><path d=\"M22.2 8.767h1.033v1.033h-1.033v-1.033z\"><\/path><path d=\"M24.267 8.767h1.033v1.033h-1.033v-1.033z\"><\/path><path d=\"M26.333 8.767h1.033v1.033h-1.033v-1.033z\"><\/path><path d=\"M8.767 8.767h1.033v1.033h-1.033v-1.033z\"><\/path><path d=\"M6.7 8.767h1.033v1.033h-1.033v-1.033z\"><\/path><path d=\"M4.633 8.767h1.033v1.033h-1.033v-1.033z\"><\/path><path d=\"M8.767 22.2h1.033v1.033h-1.033v-1.033z\"><\/path><path d=\"M6.7 22.2h1.033v1.033h-1.033v-1.033z\"><\/path><path d=\"M8.767 24.267h1.033v1.033h-1.033v-1.033z\"><\/path><path d=\"M8.767 26.333h1.033v1.033h-1.033v-1.033z\"><\/path><path d=\"M6.7 24.267h1.033v1.033h-1.033v-1.033z\"><\/path><path d=\"M4.633 22.2h1.033v1.033h-1.033v-1.033z\"><\/path><path d=\"M8.767 6.7h1.033v1.033h-1.033v-1.033z\"><\/path><path d=\"M8.767 4.633h1.033v1.033h-1.033v-1.033z\"><\/path><path d=\"M6.7 6.7h1.033v1.033h-1.033v-1.033z\"><\/path><path d=\"M24.267 6.7h1.033v1.033h-1.033v-1.033z\"><\/path><path d=\"M22.2 6.7h1.033v1.033h-1.033v-1.033z\"><\/path><path d=\"M22.2 4.633h1.033v1.033h-1.033v-1.033z\"><\/path><\/svg>Book an appointment<svg class=\"icon icon-right-arrow\" version=\"1.1\" xmlns=\"http:\/\/www.w3.org\/2000\/svg\" width=\"32\" height=\"32\" viewbox=\"0 0 32 32\"><path d=\"M21.548 5.088c-0.436-0.451-1.162-0.451-1.613 0-0.436 0.436-0.436 1.162 0 1.596l8.177 8.177h-26.984c-0.629 0.001-1.129 0.501-1.129 1.13s0.5 1.145 1.129 1.145h26.984l-8.177 8.162c-0.436 0.451-0.436 1.178 0 1.613 0.451 0.451 1.178 0.451 1.613 0l10.113-10.113c0.451-0.436 0.451-1.162 0-1.596l-10.113-10.114z\"><\/path><\/svg><\/a><\/div>\n<\/div><\/div><div  id=\"modalBookingForm\" class=\"tt-shortcode_vc_row 8 modal modal-form fade\" ><div class=\"tt-shortcode_vc_clmn modal-dialog\"><div class=\"modal-content\"><p><button class=\"close\" aria-label=\"Close\" data-dismiss=\"modal\"><svg class=\"icon icon-error\" version=\"1.1\" xmlns=\"http:\/\/www.w3.org\/2000\/svg\" width=\"32\" height=\"32\" viewbox=\"0 0 32 32\"><path d=\"M27.319 4.681c-6.241-6.241-16.396-6.242-22.638 0s-6.241 16.396 0 22.638 16.396 6.242 22.638 0c6.241-6.242 6.241-16.397 0-22.638zM22.312 22.312c-0.481 0.481-1.26 0.481-1.741 0l-4.571-4.571-4.789 4.789c-0.481 0.481-1.26 0.481-1.741 0s-0.481-1.26 0-1.741l4.789-4.789-4.571-4.571c-0.481-0.481-0.481-1.261 0-1.741s1.26-0.481 1.741 0l4.571 4.571 4.353-4.353c0.481-0.481 1.26-0.481 1.741 0s0.481 1.26 0 1.741l-4.353 4.353 4.571 4.571c0.481 0.481 0.481 1.26 0 1.741z\"><\/path><\/svg><\/button><\/p>\n<div class=\"modal-body\" ><div class=\"shortcode_vc_clmn_inner modal-form\"><h3 style=\"text-align: left\" class=\"vc_custom_heading\" >Book an Appointment<\/h3><p class=\"wpcf7-contact-form-not-found\"><strong>Error:<\/strong> Contact form not found.<\/p><\/div><\/div><\/div><\/div><\/div>\n<\/div>","protected":false},"excerpt":{"rendered":"Position Hauptzahnarzt, Kieferchirurg Ausbildung Universit\u00e4t Debrecen Fachgebiete Kieferchirurg Prothetik Dr. Csaba Hermann Hauptzahnarzt, Fachzahnarzt f\u00fcr Oralchirurgie 0080092009200 Dr. Csaba Hermann verst\u00e4rkt unser spezialisiertes Team seit nunmehr 12 Jahren. In dieser Zeit hat er mehrere tausend erfolgreiche Eingriffe durchgef\u00fchrt \u2013 von komplexen chirurgischen Versorgungen bis hin zu hochpr\u00e4zisen mikrochirurgischen Behandlungen. Seine Arbeit zeichnet sich durch exzellente <div class=\"btn-more-wrapper\"><a href=\"https:\/\/denisdental.com\/en\/dr-hermann-csaba-kieferchirurg\/\" class=\"btn btn-sm btn-hover-fill\"><svg class=\"icon icon-right-arrow\" version=\"1.1\" xmlns=\"http:\/\/www.w3.org\/2000\/svg\" width=\"32\" height=\"32\" viewbox=\"0 0 32 32\"><path d=\"M21.548 5.088c-0.436-0.451-1.162-0.451-1.613 0-0.436 0.436-0.436 1.162 0 1.596l8.177 8.177h-26.984c-0.629 0.001-1.129 0.501-1.129 1.13s0.5 1.145 1.129 1.145h26.984l-8.177 8.162c-0.436 0.451-0.436 1.178 0 1.613 0.451 0.451 1.178 0.451 1.613 0l10.113-10.113c0.451-0.436 0.451-1.162 0-1.596l-10.113-10.114z\"><\/path><\/svg>Read More<span class=\"screen-reader-text\"> \"Dr. Csaba Hermann &#8211; Hauptzahnarzt, Fachzahnarzt f\u00fcr Oralchirurgie\"<\/span><svg class=\"icon icon-right-arrow\" version=\"1.1\" xmlns=\"http:\/\/www.w3.org\/2000\/svg\" width=\"32\" height=\"32\" viewbox=\"0 0 32 32\"><path d=\"M21.548 5.088c-0.436-0.451-1.162-0.451-1.613 0-0.436 0.436-0.436 1.162 0 1.596l8.177 8.177h-26.984c-0.629 0.001-1.129 0.501-1.129 1.13s0.5 1.145 1.129 1.145h26.984l-8.177 8.162c-0.436 0.451-0.436 1.178 0 1.613 0.451 0.451 1.178 0.451 1.613 0l10.113-10.113c0.451-0.436 0.451-1.162 0-1.596l-10.113-10.114z\"><\/path><\/svg><\/a><\/div>","protected":false},"author":1,"featured_media":0,"parent":0,"menu_order":7,"comment_status":"closed","ping_status":"closed","template":"custompagett.php","meta":{"footnotes":""},"class_list":["post-30","page","type-page","status-publish","hentry"],"aioseo_notices":[],"_links":{"self":[{"href":"https:\/\/denisdental.com\/en\/wp-json\/wp\/v2\/pages\/30","targetHints":{"allow":["GET"]}}],"collection":[{"href":"https:\/\/denisdental.com\/en\/wp-json\/wp\/v2\/pages"}],"about":[{"href":"https:\/\/denisdental.com\/en\/wp-json\/wp\/v2\/types\/page"}],"author":[{"embeddable":true,"href":"https:\/\/denisdental.com\/en\/wp-json\/wp\/v2\/users\/1"}],"replies":[{"embeddable":true,"href":"https:\/\/denisdental.com\/en\/wp-json\/wp\/v2\/comments?post=30"}],"version-history":[{"count":1,"href":"https:\/\/denisdental.com\/en\/wp-json\/wp\/v2\/pages\/30\/revisions"}],"predecessor-version":[{"id":8678,"href":"https:\/\/denisdental.com\/en\/wp-json\/wp\/v2\/pages\/30\/revisions\/8678"}],"wp:attachment":[{"href":"https:\/\/denisdental.com\/en\/wp-json\/wp\/v2\/media?parent=30"}],"curies":[{"name":"wp","href":"https:\/\/api.w.org\/{rel}","templated":true}]}}