{"id":2773,"date":"2025-11-05T10:38:34","date_gmt":"2025-11-05T09:38:34","guid":{"rendered":"http:\/\/192.168.0.134:81\/?page_id=2773"},"modified":"2026-03-05T13:52:04","modified_gmt":"2026-03-05T12:52:04","slug":"zahnimplantat-alpha-bio","status":"publish","type":"page","link":"https:\/\/denisdental.com\/en\/behandlungen\/zahnimplantation\/zahnimplantat-alpha-bio\/","title":{"rendered":"Alpha Bio dental implant with CAD\/CAM"},"content":{"rendered":"<div class=\"wpb-content-wrapper\"><div class=\"tt-shortcode_vc_row 8 vc_row wpb_row vc_row-fluid\"><div class=\"wpb_column vc_column_container vc_col-sm-12\"><div class=\"tt-shortcode_vc_clmn vc_column-inner\"><div class=\"wpb_wrapper\">\n\t<div class=\"wpb_text_column wpb_content_element\" >\n\t\t<div class=\"tt_shortcode_vc_column_text wpb_wrapper\">\n\t\t\t<div id=\"sppb-addon-wrapper-1551693110413\" class=\"sppb-addon-wrapper\">\n<div id=\"sppb-addon-1551693110413\" class=\"clearfix\">\n<div class=\"sppb-addon sppb-addon-header sppb-text-left\">\n<h3 class=\"sppb-addon-title\">About Alpha-Bio Tec<\/h3>\n<p>&nbsp;<\/p>\n<\/div>\n<\/div>\n<\/div>\n<div id=\"sppb-addon-wrapper-1551693110416\" class=\"sppb-addon-wrapper\">\n<div id=\"sppb-addon-1551693110416\" class=\"clearfix\">\n<div class=\"sppb-addon sppb-addon-text-block\">\n<div class=\"sppb-addon-content\">\n<p>For more than 30 years Alpha-Bio Tec has been focusing on simple implantology solutions, producing the highest quality for the global market and offering its customers the best possible service... Implantology!<\/p>\n<p>With Alpha Bio\u00a0<a href=\"https:\/\/denisdental.com\/en\/zahnimplantation-in-ungarn\/\">implants<\/a>\u00a0can be used to treat both single-tooth gaps and edentulous jaws.<\/p>\n<div id=\"sppb-addon-wrapper-1551693110419\" class=\"sppb-addon-wrapper\">\n<div id=\"sppb-addon-1551693110419\" class=\"clearfix\">\n<div class=\"sppb-addon sppb-addon-text-block\">\n<h3 class=\"sppb-addon-title\">Simplicity<\/h3>\n<div class=\"sppb-addon-content\">\n<p>Based on state-of-the-art research and development, Alpha-Bio provides simple solutions for all clinical situations. Alpha-Bio Tec's innovative implant technology is very simple and user-friendly. Alpha-Bio Tec's simplicity is mainly reflected in the fact that they solve a problem with as few components as possible. A universal surgical set can be used for all surgical treatments. Alpha-Bio Tec has developed a prosthetic system with an internal hexagon in which one platform can be combined with all other components. This means that our\u00a0<a href=\"https:\/\/denisdental.com\/en\/zahnklinik-in-ungarn\/\">Denis &amp; Focus Dental Center<\/a>\u00a0select the appropriate abutment based solely on the requirements of the restoration. This reduces the stock in our dental clinic and achieves greater cost efficiency.<\/p>\n<p>&nbsp;<\/p>\n<\/div>\n<\/div>\n<\/div>\n<\/div>\n<div id=\"sppb-addon-wrapper-1551693110422\" class=\"sppb-addon-wrapper\">\n<div id=\"sppb-addon-1551693110422\" class=\"clearfix\">\n<div class=\"sppb-addon sppb-addon-text-block\">\n<h3 class=\"sppb-addon-title\">Quality<\/h3>\n<div class=\"sppb-addon-content\">\n<p>Alpha-Bio Tec's quality assurance system is precise down to the smallest detail and meets the highest standards. Alpha-Bio Tec products are approved for sale in the USA and are CE-certified.<\/p>\n<\/div>\n<\/div>\n<\/div>\n<\/div>\n<div id=\"sppb-addon-wrapper-1602767652297\" class=\"sppb-addon-wrapper\">\n<div id=\"sppb-addon-1602767652297\" class=\"clearfix\">\n<div class=\"sppb-addon sppb-addon-single-image sppb-text-center\"><\/div>\n<\/div>\n<\/div>\n<\/div>\n<\/div>\n<\/div>\n<\/div>\n\n\t\t<\/div>\n\t<\/div>\n<\/div><\/div><\/div><\/div><div class=\"tt-shortcode_vc_row 8 vc_row wpb_row vc_row-fluid vc_custom_1762335568742\"><div class=\"wpb_column vc_column_container vc_col-sm-12\"><div class=\"tt-shortcode_vc_clmn vc_column-inner\"><div class=\"wpb_wrapper\">\n\t<div  class=\"wpb_single_image wpb_content_element vc_align_center\">\n\t\t\n\t\t<figure class=\"wpb_wrapper vc_figure\">\n\t\t\t<img loading=\"lazy\" decoding=\"async\" width=\"1110\" height=\"694\" src=\"https:\/\/denisdental.com\/wp-content\/uploads\/2025\/11\/zahnimplantat_alpha_bio_001.avif\" class=\"vc_single_image-img  attachment-large\" alt=\"\" title=\"dental_implant_alpha_bio_001\" \/>\n\t\t<\/figure>\n\t<\/div>\n<\/div><\/div><\/div><\/div>\n<\/div>","protected":false},"excerpt":{"rendered":"\u00dcber Alpha-Bio Tec &nbsp; Seit mehr als 30 Jahren setzt Alpha-Bio Tec auf einfache Implantologie-L\u00f6sungen, produziert h\u00f6chste Qualit\u00e4t f\u00fcr den globalen Markt und bietet seinen Kunden den bestm\u00f6glichen Service\u2026 Implantologie! Mit Alpha Bio\u00a0Implantaten\u00a0k\u00f6nnen sowohl Einzelzahnl\u00fccken als auch zahnlose Kiefer versorgt werden. Einfachheit Auf der Basis modernster Forschung und Entwicklung stellt Alpha-Bio einfache L\u00f6sungen f\u00fcr alle <div class=\"btn-more-wrapper\"><a href=\"https:\/\/denisdental.com\/en\/behandlungen\/zahnimplantation\/zahnimplantat-alpha-bio\/\" class=\"btn btn-sm btn-hover-fill\"><svg class=\"icon icon-right-arrow\" version=\"1.1\" xmlns=\"http:\/\/www.w3.org\/2000\/svg\" width=\"32\" height=\"32\" viewbox=\"0 0 32 32\"><path d=\"M21.548 5.088c-0.436-0.451-1.162-0.451-1.613 0-0.436 0.436-0.436 1.162 0 1.596l8.177 8.177h-26.984c-0.629 0.001-1.129 0.501-1.129 1.13s0.5 1.145 1.129 1.145h26.984l-8.177 8.162c-0.436 0.451-0.436 1.178 0 1.613 0.451 0.451 1.178 0.451 1.613 0l10.113-10.113c0.451-0.436 0.451-1.162 0-1.596l-10.113-10.114z\"><\/path><\/svg>Read More<span class=\"screen-reader-text\"> \"Zahnimplantat Alpha Bio mit CAD\/CAM\"<\/span><svg class=\"icon icon-right-arrow\" version=\"1.1\" xmlns=\"http:\/\/www.w3.org\/2000\/svg\" width=\"32\" height=\"32\" viewbox=\"0 0 32 32\"><path d=\"M21.548 5.088c-0.436-0.451-1.162-0.451-1.613 0-0.436 0.436-0.436 1.162 0 1.596l8.177 8.177h-26.984c-0.629 0.001-1.129 0.501-1.129 1.13s0.5 1.145 1.129 1.145h26.984l-8.177 8.162c-0.436 0.451-0.436 1.178 0 1.613 0.451 0.451 1.178 0.451 1.613 0l10.113-10.113c0.451-0.436 0.451-1.162 0-1.596l-10.113-10.114z\"><\/path><\/svg><\/a><\/div>","protected":false},"author":1,"featured_media":0,"parent":4116,"menu_order":0,"comment_status":"closed","ping_status":"closed","template":"","meta":{"footnotes":""},"class_list":["post-2773","page","type-page","status-publish","hentry"],"aioseo_notices":[],"_links":{"self":[{"href":"https:\/\/denisdental.com\/en\/wp-json\/wp\/v2\/pages\/2773","targetHints":{"allow":["GET"]}}],"collection":[{"href":"https:\/\/denisdental.com\/en\/wp-json\/wp\/v2\/pages"}],"about":[{"href":"https:\/\/denisdental.com\/en\/wp-json\/wp\/v2\/types\/page"}],"author":[{"embeddable":true,"href":"https:\/\/denisdental.com\/en\/wp-json\/wp\/v2\/users\/1"}],"replies":[{"embeddable":true,"href":"https:\/\/denisdental.com\/en\/wp-json\/wp\/v2\/comments?post=2773"}],"version-history":[{"count":0,"href":"https:\/\/denisdental.com\/en\/wp-json\/wp\/v2\/pages\/2773\/revisions"}],"up":[{"embeddable":true,"href":"https:\/\/denisdental.com\/en\/wp-json\/wp\/v2\/pages\/4116"}],"wp:attachment":[{"href":"https:\/\/denisdental.com\/en\/wp-json\/wp\/v2\/media?parent=2773"}],"curies":[{"name":"wp","href":"https:\/\/api.w.org\/{rel}","templated":true}]}}