{"id":2761,"date":"2025-11-05T10:12:35","date_gmt":"2025-11-05T09:12:35","guid":{"rendered":"http:\/\/192.168.0.134:81\/?page_id=2761"},"modified":"2026-04-09T08:58:11","modified_gmt":"2026-04-09T06:58:11","slug":"zahnimplantat-straumann-slactive","status":"publish","type":"page","link":"https:\/\/denisdental.com\/en\/behandlungen\/zahnimplantation\/zahnimplantat-straumann-slactive\/","title":{"rendered":"Straumann SLActive dental implant with CAD\/CAM"},"content":{"rendered":"<div class=\"wpb-content-wrapper\"><div class=\"tt-shortcode_vc_row 8 vc_row wpb_row vc_row-fluid vc_custom_1762335440157\"><div class=\"wpb_column vc_column_container vc_col-sm-12\"><div class=\"tt-shortcode_vc_clmn vc_column-inner\"><div class=\"wpb_wrapper\">\n\t<div class=\"wpb_raw_code wpb_raw_html wpb_content_element\" >\n\t\t<div class=\"wpb_wrapper\">\n\t\t\t<section class=\"impl-straumann\" aria-labelledby=\"impl-h1\">\r\n  <style>\r\n    .impl-straumann{\r\n      \/* Denis-Focus sz\u00ednek *\/\r\n      --blue:#344551;          \/* log\u00f3 s\u00f6t\u00e9tk\u00e9k *\/\r\n      --beige:#f3ecdf;         \/* b\u00e9zs t\u00f3nus *\/\r\n      --accent:#06a8e8;        \/* kiemel\u0151 k\u00e9k *\/\r\n      --text:#4b5a68;\r\n\r\n      font-family: inherit;\r\n      color: var(--text);\r\n      line-height:1.7;\r\n      background:#fff;\r\n      padding:clamp(40px,6vw,80px) 20px;\r\n    }\r\n    .impl-straumann .wrap{max-width:1100px;margin:0 auto;}\r\n\r\n    .impl-straumann h1{\r\n      color:var(--blue);\r\n      font-size:clamp(32px,4vw,44px);\r\n      font-weight:800;\r\n      text-align:center;\r\n      margin-bottom:10px;\r\n    }\r\n    .impl-straumann h2{\r\n      color:var(--blue);\r\n      font-size:clamp(22px,2.6vw,28px);\r\n      font-weight:700;\r\n      margin-top:40px;\r\n    }\r\n    .impl-straumann p{margin-bottom:14px;}\r\n\r\n    \/* HERO *\/\r\n    .impl-hero{text-align:center;margin-bottom:40px;}\r\n    .impl-hero img{\r\n      width:100%;max-width:950px;border-radius:18px;\r\n      box-shadow:0 10px 30px rgba(0,0,0,.08);\r\n      transition:transform .35s ease;\r\n    }\r\n    .impl-hero img:hover{transform:scale(1.015);} \/* finom, pr\u00e9mium *\/\r\n\r\n    \/* K\u00e9k v\u00e9kony elv\u00e1laszt\u00f3 *\/\r\n    .impl-bar{\r\n      width:64px;height:4px;background:var(--accent);\r\n      border-radius:999px;margin:14px auto 26px;\r\n    }\r\n\r\n    \/* K\u00e1rtyar\u00e1cs *\/\r\n    .impl-grid{display:grid;gap:22px;margin-top:26px;}\r\n    @media(min-width:900px){.impl-grid{grid-template-columns:repeat(2,1fr);}}\r\n\r\n    .impl-card{\r\n      background:linear-gradient(180deg, #ffffff, #fafafa);\r\n      border:1px solid rgba(0,0,0,.06);\r\n      border-radius:16px;\r\n      padding:22px 26px;\r\n      box-shadow:0 8px 24px rgba(0,0,0,.06);\r\n      transition:transform .25s ease, box-shadow .25s ease;\r\n    }\r\n    .impl-card:hover{\r\n      transform:translateY(-3px);\r\n      box-shadow:0 14px 36px rgba(0,0,0,.08);\r\n    }\r\n    .impl-card h3{\r\n      color:var(--blue);\r\n      font-size:18px;font-weight:700;margin-bottom:8px;\r\n    }\r\n\r\n    \/* Id\u00e9zetdoboz \u2013 b\u00e9zs s\u00e1vval *\/\r\n    .impl-quote{\r\n      background:#fff;border:1px solid rgba(0,0,0,.06);\r\n      border-left:6px solid var(--beige);\r\n      padding:16px 18px;border-radius:12px;\r\n      font-style:italic;margin-top:20px;\r\n    }\r\n\r\n    \/* CTA gomb \u2013 a Medin v\u00e1ltoz\u00f3kkal is m\u0171k\u00f6dik *\/\r\n    .impl-cta{text-align:center;margin-top:40px;}\r\n    .impl-cta a{\r\n      display:inline-block;font-weight:700;border-radius:12px;\r\n      padding:14px 28px;text-decoration:none;transition:all .25s ease;\r\n      background:var(--color_buttons1_bg, var(--accent));\r\n      border:2px solid var(--color_buttons1_b, var(--accent));\r\n      color:var(--color_buttons1_t, #fff);\r\n    }\r\n    .impl-cta a:hover{filter:brightness(1.06);transform:translateY(-2px);}\r\n  <\/style>\r\n    <p style=\"text-align:center;max-width:750px;margin:0 auto 36px;\">\r\n      Precision, innovation and esthetics combined: The Straumann\u00ae Bone Level Implant\r\n      with SLActive surface significantly shortens the healing time and offers long-term stability\r\n      stability at the highest level.\r\n    <\/p>\r\n\r\n    <div class=\"impl-hero\">\r\n      <img decoding=\"async\" src=\"https:\/\/denisdental.com\/wp-content\/uploads\/2025\/11\/straumann04.png\"\r\n           alt=\"Straumann SLActive Implantat Beispiel\">\r\n    <\/div>\r\n\r\n    <h2>Advantages of the Straumann\u00ae Bone Level dental implant<\/h2>\r\n    <div class=\"impl-grid\">\r\n      <div class=\"impl-card\">\r\n        <h3>Simplicity &amp; precision<\/h3>\r\n        <p>Offers surgical and restorative simplicity for all indications.<\/p>\r\n      <\/div>\r\n      <div class=\"impl-card\">\r\n        <h3>Faster healing<\/h3>\r\n        <p>Reduced healing time from 12 to just 6-8 weeks thanks to the SLActive surface.<\/p>\r\n      <\/div>\r\n      <div class=\"impl-card\">\r\n        <h3>Reliable positioning<\/h3>\r\n        <p>The geometry of the components ensures precise, stable anchoring.<\/p>\r\n      <\/div>\r\n      <div class=\"impl-card\">\r\n        <h3>Aesthetic predictability<\/h3>\r\n        <p>Preserves the bone structure and ensures harmonious, natural results.<\/p>\r\n      <\/div>\r\n    <\/div>\r\n\r\n    <div class=\"impl-bar\"><\/div>\r\n\r\n    <h2>Innovative surface - SLActive technology<\/h2>\r\n    <p>\r\n      This groundbreaking implant surface achieves <strong>60 % higher bone contact<\/strong>\r\n      after insertion compared to conventional SLA\u00ae implants. The healing process\r\n      starts immediately upon blood contact - the activation extends into the micropores and\r\n      accelerates osseointegration.\r\n    <\/p>\r\n\r\n    <div class=\"impl-quote\">\r\n      \u201eFrom surface topography to surface chemistry - Straumann has been setting standards in implant technology for decades.\r\n      standards in implant technology for decades.\u201c\r\n    <\/div>\r\n\r\n    <figure style=\"margin:36px 0;text-align:center;\">\r\n      <img decoding=\"async\" src=\"https:\/\/denisdental.com\/wp-content\/uploads\/2025\/11\/AdobeStock_262324343.jpg\"\r\n           alt=\"Implantat Oberfl\u00e4che Mikroskopisch\"\r\n           style=\"border-radius:18px;box-shadow:0 10px 30px rgba(0,0,0,.08);\">\r\n      <figcaption style=\"color:#777;margin-top:8px;font-style:italic;\">\r\n       Dental implant\r\n      <\/figcaption>\r\n    <\/figure>\r\n\r\n    <p>\r\n      Straumann has been redefining the boundaries since 1994: The original SLA\u00ae surface\r\n      shortened the healing time from 12 to 6-8 weeks - with <strong>SLActive<\/strong> is\r\n      today it is only <strong>3-4 weeks<\/strong> and opens up new, safe treatment options.\r\n    <\/p>\r\n\r\n  <\/div>\r\n<\/section>\r\n\n\t\t<\/div>\n\t<\/div>\n<\/div><\/div><\/div><\/div><div class=\"tt-shortcode_vc_row 8 vc_row wpb_row vc_row-fluid vc_custom_1762335406672\"><div class=\"wpb_column vc_column_container vc_col-sm-12\"><div class=\"tt-shortcode_vc_clmn vc_column-inner\"><div class=\"wpb_wrapper\">\n\t<div class=\"wpb_text_column wpb_content_element\" >\n\t\t<div class=\"tt_shortcode_vc_column_text wpb_wrapper\">\n\t\t\t<h3 style=\"text-align: center;\">Download price list<\/h3>\n\n\t\t<\/div>\n\t<\/div>\n\n<div class=\"wpcf7 no-js\" id=\"wpcf7-f245-o1\" lang=\"en-US\" dir=\"ltr\" data-wpcf7-id=\"245\">\n<div class=\"screen-reader-response\"><p role=\"status\" aria-live=\"polite\" aria-atomic=\"true\"><\/p> <ul><\/ul><\/div>\n<form action=\"\/en\/wp-json\/wp\/v2\/pages\/2761\/#wpcf7-f245-o1\" method=\"post\" class=\"wpcf7-form init\" aria-label=\"Contact form\" novalidate=\"novalidate\" data-status=\"init\" data-trp-original-action=\"\/en\/wp-json\/wp\/v2\/pages\/2761\/#wpcf7-f245-o1\">\n<fieldset class=\"hidden-fields-container\"><input type=\"hidden\" name=\"_wpcf7\" value=\"245\" \/><input type=\"hidden\" name=\"_wpcf7_version\" value=\"6.1.5\" \/><input type=\"hidden\" name=\"_wpcf7_locale\" value=\"en_US\" \/><input type=\"hidden\" name=\"_wpcf7_unit_tag\" value=\"wpcf7-f245-o1\" \/><input type=\"hidden\" name=\"_wpcf7_container_post\" value=\"0\" \/><input type=\"hidden\" name=\"_wpcf7_posted_data_hash\" value=\"\" \/>\n<\/fieldset>\n<div class=\"dd-card\">\n\t<div class=\"dd-priceform\">\n\n <!-- sor 1 -->\n\t\t<div class=\"dd-col dd-span-2\">\n\t\t\t<p><span class=\"wpcf7-form-control-wrap\" data-name=\"anrede\"><select class=\"wpcf7-form-control wpcf7-select wpcf7-validates-as-required dd-input\" aria-required=\"true\" aria-invalid=\"false\" name=\"anrede\"><option value=\"Anrede *\">Salutation *<\/option><option value=\"Herr\">Mr.<\/option><option value=\"Frau\">Woman<\/option><\/select><\/span>\n\t\t\t<\/p>\n\t\t<\/div>\n\t\t<div class=\"dd-col dd-span-5\">\n\t\t\t<p><span class=\"wpcf7-form-control-wrap\" data-name=\"vorname\"><input size=\"40\" maxlength=\"400\" class=\"wpcf7-form-control wpcf7-text wpcf7-validates-as-required dd-input\" aria-required=\"true\" aria-invalid=\"false\" placeholder=\"First name *\" value=\"\" type=\"text\" name=\"vorname\" \/><\/span>\n\t\t\t<\/p>\n\t\t<\/div>\n\t\t<div class=\"dd-col dd-span-5\">\n\t\t\t<p><span class=\"wpcf7-form-control-wrap\" data-name=\"nachname\"><input size=\"40\" maxlength=\"400\" class=\"wpcf7-form-control wpcf7-text wpcf7-validates-as-required dd-input\" aria-required=\"true\" aria-invalid=\"false\" placeholder=\"Last name *\" value=\"\" type=\"text\" name=\"nachname\" \/><\/span>\n\t\t\t<\/p>\n\t\t<\/div>\n\n <!-- sor 2 -->\n\t\t<div class=\"dd-col dd-span-2\">\n\t\t\t<p><span class=\"wpcf7-form-control-wrap\" data-name=\"lcode\"><input size=\"40\" maxlength=\"400\" class=\"wpcf7-form-control wpcf7-text dd-input\" aria-invalid=\"false\" placeholder=\"Country code\" value=\"\" type=\"text\" name=\"lcode\" \/><\/span>\n\t\t\t<\/p>\n\t\t<\/div>\n\t\t<div class=\"dd-col dd-span-2\">\n\t\t\t<p><span class=\"wpcf7-form-control-wrap\" data-name=\"vorwahl\"><input size=\"40\" maxlength=\"400\" class=\"wpcf7-form-control wpcf7-text dd-input\" aria-invalid=\"false\" placeholder=\"Area code\" value=\"\" type=\"text\" name=\"vorwahl\" \/><\/span>\n\t\t\t<\/p>\n\t\t<\/div>\n\t\t<div class=\"dd-col dd-span-4\">\n\t\t\t<p><span class=\"wpcf7-form-control-wrap\" data-name=\"telefon\"><input size=\"40\" maxlength=\"400\" class=\"wpcf7-form-control wpcf7-text dd-input\" aria-invalid=\"false\" placeholder=\"Telephone\" value=\"\" type=\"text\" name=\"telefon\" \/><\/span>\n\t\t\t<\/p>\n\t\t<\/div>\n\t\t<div class=\"dd-col dd-span-4\">\n\t\t\t<p><span class=\"wpcf7-form-control-wrap\" data-name=\"email\"><input size=\"40\" maxlength=\"400\" class=\"wpcf7-form-control wpcf7-email wpcf7-validates-as-required wpcf7-text wpcf7-validates-as-email dd-input\" aria-required=\"true\" aria-invalid=\"false\" placeholder=\"E-mail *\" value=\"\" type=\"email\" name=\"email\" \/><\/span>\n\t\t\t<\/p>\n\t\t<\/div>\n\n <!-- sor 3 -->\n\t\t<div class=\"dd-col dd-span-12\">\n\t\t\t<p><span class=\"wpcf7-form-control-wrap\" data-name=\"ruckruf\"><select class=\"wpcf7-form-control wpcf7-select dd-input\" aria-invalid=\"false\" name=\"ruckruf\"><option value=\"\u2013 Zeitraum f\u00fcr R\u00fcckruf ausw\u00e4hlen \u2013\">- Select period for callback -<\/option><option value=\"Vormittag (9\u201313)\">Morning (9-13)<\/option><option value=\"Nachmittag (13\u201319)\">Afternoon (13-19)<\/option><\/select><\/span>\n\t\t\t<\/p>\n\t\t<\/div>\n\t\t<div style=\"display:none\">\n\t\t\t<p><span class=\"wpcf7-form-control-wrap\" data-name=\"kacsintos\"><input size=\"40\" maxlength=\"400\" class=\"wpcf7-form-control wpcf7-text dd-input\" aria-invalid=\"false\" placeholder=\"kacsintos\" value=\"\" type=\"text\" name=\"kacsintos\" \/><\/span>\n\t\t\t<\/p>\n\t\t<\/div>\n\t\t<p><span id=\"wpcf7-69d9d51441646-wrapper\" class=\"wpcf7-form-control-wrap honeypot-968-wrap\" style=\"display:none !important; visibility:hidden !important;\"><label for=\"wpcf7-69d9d51441646-field\" class=\"hp-message\">Please leave this field empty.<\/label><input id=\"wpcf7-69d9d51441646-field\"  placeholder=\"kacsint\"  class=\"wpcf7-form-control wpcf7-text\" type=\"text\" name=\"honeypot-968\" value=\"\" size=\"40\" tabindex=\"-1\" autocomplete=\"new-password\" \/><\/span>\n\t\t<\/p>\n\n\n <!-- sor 4: GDPR + gomb -->\n\t\t<div class=\"dd-col dd-span-12 dd-row-end\">\n\t\t\t<p><span class=\"dd-accept\"><br \/>\n<span class=\"wpcf7-form-control-wrap\" data-name=\"datenschutz\"><span class=\"wpcf7-form-control wpcf7-acceptance\"><span class=\"wpcf7-list-item\"><label><input type=\"checkbox\" name=\"datenschutz\" value=\"1\" aria-invalid=\"false\" \/><span class=\"wpcf7-list-item-label\">I have the <a href=\"\/en\/datenschutz\/\" target=\"_blank\" rel=\"noopener\">Privacy policy<\/a> and I agree with it.<\/span><\/label><\/span><\/span><\/span><br \/>\n<\/span><br \/>\n<span class=\"dd-actions\"><br \/>\n<input class=\"wpcf7-form-control wpcf7-submit has-spinner\" type=\"submit\" value=\"Download prices\" \/><\/span>\n\t\t\t<\/p>\n\t\t<\/div>\n\t<\/div>\n<\/div><div class=\"wpcf7-response-output\" aria-hidden=\"true\"><\/div>\n<input type=\"hidden\" name=\"trp-form-language\" value=\"en\"\/><\/form>\n<\/div>\n<\/div><\/div><\/div><\/div><div class=\"tt-shortcode_vc_row 8 vc_row wpb_row vc_row-fluid\"><div class=\"wpb_column vc_column_container vc_col-sm-12\"><div class=\"tt-shortcode_vc_clmn vc_column-inner\"><div class=\"wpb_wrapper\"><\/div><\/div><\/div><\/div>\n<\/div>","protected":false},"excerpt":{"rendered":"Pr\u00e4zision, Innovation und \u00c4sthetik vereint: Das Straumann\u00ae Bone Level Implantat mit SLActive-Oberfl\u00e4che verk\u00fcrzt die Einheilzeit erheblich und bietet langfristige Stabilit\u00e4t auf h\u00f6chstem Niveau. Vorteile des Straumann\u00ae Bone Level Zahnimplantats Einfachheit & Pr\u00e4zision Bietet chirurgische und restaurative Einfachheit bei allen Indikationen. Schnellere Einheilung Verk\u00fcrzte Einheilzeit von 12 auf nur 6\u20138 Wochen dank SLActive-Oberfl\u00e4che. Verl\u00e4ssliche Positionierung Die <div class=\"btn-more-wrapper\"><a href=\"https:\/\/denisdental.com\/en\/behandlungen\/zahnimplantation\/zahnimplantat-straumann-slactive\/\" class=\"btn btn-sm btn-hover-fill\"><svg class=\"icon icon-right-arrow\" version=\"1.1\" xmlns=\"http:\/\/www.w3.org\/2000\/svg\" width=\"32\" height=\"32\" viewbox=\"0 0 32 32\"><path d=\"M21.548 5.088c-0.436-0.451-1.162-0.451-1.613 0-0.436 0.436-0.436 1.162 0 1.596l8.177 8.177h-26.984c-0.629 0.001-1.129 0.501-1.129 1.13s0.5 1.145 1.129 1.145h26.984l-8.177 8.162c-0.436 0.451-0.436 1.178 0 1.613 0.451 0.451 1.178 0.451 1.613 0l10.113-10.113c0.451-0.436 0.451-1.162 0-1.596l-10.113-10.114z\"><\/path><\/svg>Read More<span class=\"screen-reader-text\"> \"Zahnimplantat Straumann SLActive mit CAD\/CAM\"<\/span><svg class=\"icon icon-right-arrow\" version=\"1.1\" xmlns=\"http:\/\/www.w3.org\/2000\/svg\" width=\"32\" height=\"32\" viewbox=\"0 0 32 32\"><path d=\"M21.548 5.088c-0.436-0.451-1.162-0.451-1.613 0-0.436 0.436-0.436 1.162 0 1.596l8.177 8.177h-26.984c-0.629 0.001-1.129 0.501-1.129 1.13s0.5 1.145 1.129 1.145h26.984l-8.177 8.162c-0.436 0.451-0.436 1.178 0 1.613 0.451 0.451 1.178 0.451 1.613 0l10.113-10.113c0.451-0.436 0.451-1.162 0-1.596l-10.113-10.114z\"><\/path><\/svg><\/a><\/div>","protected":false},"author":1,"featured_media":0,"parent":4116,"menu_order":0,"comment_status":"closed","ping_status":"closed","template":"","meta":{"footnotes":""},"class_list":["post-2761","page","type-page","status-publish","hentry"],"aioseo_notices":[],"_links":{"self":[{"href":"https:\/\/denisdental.com\/en\/wp-json\/wp\/v2\/pages\/2761","targetHints":{"allow":["GET"]}}],"collection":[{"href":"https:\/\/denisdental.com\/en\/wp-json\/wp\/v2\/pages"}],"about":[{"href":"https:\/\/denisdental.com\/en\/wp-json\/wp\/v2\/types\/page"}],"author":[{"embeddable":true,"href":"https:\/\/denisdental.com\/en\/wp-json\/wp\/v2\/users\/1"}],"replies":[{"embeddable":true,"href":"https:\/\/denisdental.com\/en\/wp-json\/wp\/v2\/comments?post=2761"}],"version-history":[{"count":1,"href":"https:\/\/denisdental.com\/en\/wp-json\/wp\/v2\/pages\/2761\/revisions"}],"predecessor-version":[{"id":8697,"href":"https:\/\/denisdental.com\/en\/wp-json\/wp\/v2\/pages\/2761\/revisions\/8697"}],"up":[{"embeddable":true,"href":"https:\/\/denisdental.com\/en\/wp-json\/wp\/v2\/pages\/4116"}],"wp:attachment":[{"href":"https:\/\/denisdental.com\/en\/wp-json\/wp\/v2\/media?parent=2761"}],"curies":[{"name":"wp","href":"https:\/\/api.w.org\/{rel}","templated":true}]}}