{"id":2160,"date":"2025-10-16T11:19:34","date_gmt":"2025-10-16T09:19:34","guid":{"rendered":"http:\/\/192.168.0.134:81\/?page_id=2160"},"modified":"2026-03-05T13:43:31","modified_gmt":"2026-03-05T12:43:31","slug":"knochenaufbau","status":"publish","type":"page","link":"https:\/\/denisdental.com\/en\/behandlungen\/oralchirurgie\/knochenaufbau\/","title":{"rendered":"Bone augmentation"},"content":{"rendered":"<div class=\"wpb-content-wrapper\"><div class=\"tt-shortcode_vc_row 8 vc_row wpb_row vc_row-fluid\"><div class=\"wpb_column vc_column_container vc_col-sm-12\"><div class=\"tt-shortcode_vc_clmn vc_column-inner\"><div class=\"wpb_wrapper\">\n\t<div class=\"wpb_text_column wpb_content_element\" >\n\t\t<div class=\"tt_shortcode_vc_column_text wpb_wrapper\">\n\t\t\t<h1 class=\"sppb-section-title sppb-text-center\">Bone augmentation for dental implants<\/h1>\n<div class=\"sppb-row\">\n<div id=\"column-wrap-id-1549457370761\" class=\"sppb-col-md-12\">\n<div id=\"column-id-1549457370761\" class=\"sppb-column\">\n<div class=\"sppb-column-addons\">\n<div id=\"sppb-addon-wrapper-1551432457675\" class=\"sppb-addon-wrapper\">\n<div id=\"sppb-addon-1551432457675\" class=\"clearfix\">\n<div class=\"sppb-addon sppb-addon-text-block\">\n<div class=\"sppb-addon-content\">\n<p>Bone augmentation is a routine procedure that you need not be afraid of. With increasing age,\u00a0<strong>chronic periodontitis (inflammation of the gums) due to tooth decay, people lose their teeth,<\/strong>\u00a0and the bone substance of the jawbone decreases as a result. As a result, the tooth root finds less and less support in the receding bone - until it falls out.\u00a0<strong>The causes of bone loss are<\/strong>\u00a0for example\u00a0<strong>also the regression after the removal of a tooth.<\/strong><\/p>\n<p><strong>Your jawbone remains strong and firm as long as it is loaded.\u00a0<\/strong>The teeth above the tooth roots exert pressure on the bones when chewing. If there are no teeth, this pressure is absent. The bone recedes further and further. The jawbone can be so thin that dental implants would not find a hold in it. They would protrude too far out of the bone, even with the smallest possible implant size.<\/p>\n<p>If you want to close a gap or an entire jaw with the help of implants, the question arises as to whether the existing bone substance provides sufficient support for these artificial tooth roots or whether bone augmentation is necessary.<\/p>\n<p><strong>The possibilities for bone augmentation are diverse<\/strong>\u00a0<strong>and the requirements for each patient (if necessary at all) are very different.<\/strong>\u00a0For this reason, a detailed examination by our experienced specialist dentists is necessary beforehand, which patients at Denis &amp; Focus Dental Center receive free of charge and without obligation as part of the initial examination. The doctors will also discuss with you in detail the exact procedure that is individually tailored to you.<\/p>\n<p>We have been using synthetic BioOss material for bone augmentation for 20 years and have achieved very good results. We are very proud of the fact that the successfully performed operations are risk-free and provide the basis for a stable dental prosthesis.<\/p>\n<p>Our patients receive a temporary denture for the healing period after the bone augmentation. This means that we never let anyone go home without teeth!<\/p>\n<\/div>\n<\/div>\n<\/div>\n<\/div>\n<\/div>\n<\/div>\n<\/div>\n<\/div>\n\n\t\t<\/div>\n\t<\/div>\n\n\t<div  class=\"wpb_single_image wpb_content_element vc_align_center  vc_custom_1771597128316\">\n\t\t\n\t\t<figure class=\"wpb_wrapper vc_figure\">\n\t\t\t<img loading=\"lazy\" decoding=\"async\" width=\"1110\" height=\"398\" src=\"https:\/\/denisdental.com\/wp-content\/uploads\/2025\/10\/knochenaufbau_001.avif\" class=\"vc_single_image-img  attachment-large\" alt=\"\" title=\"bone structure_001\" \/>\n\t\t<\/figure>\n\t<\/div>\n<\/div><\/div><\/div><\/div><div class=\"tt-shortcode_vc_row 8 vc_row wpb_row vc_row-fluid vc_custom_1761552829309\"><div class=\"wpb_column vc_column_container vc_col-sm-12\"><div class=\"tt-shortcode_vc_clmn vc_column-inner\"><div class=\"wpb_wrapper\">\n\t<div class=\"wpb_text_column wpb_content_element\" >\n\t\t<div class=\"tt_shortcode_vc_column_text wpb_wrapper\">\n\t\t\t<h3 style=\"text-align: center;\">Download price list<\/h3>\n\n\t\t<\/div>\n\t<\/div>\n\n<div class=\"wpcf7 no-js\" id=\"wpcf7-f245-o1\" lang=\"en-US\" dir=\"ltr\" data-wpcf7-id=\"245\">\n<div class=\"screen-reader-response\"><p role=\"status\" aria-live=\"polite\" aria-atomic=\"true\"><\/p> <ul><\/ul><\/div>\n<form action=\"\/en\/wp-json\/wp\/v2\/pages\/2160\/#wpcf7-f245-o1\" method=\"post\" class=\"wpcf7-form init\" aria-label=\"Contact form\" novalidate=\"novalidate\" data-status=\"init\" data-trp-original-action=\"\/en\/wp-json\/wp\/v2\/pages\/2160\/#wpcf7-f245-o1\">\n<fieldset class=\"hidden-fields-container\"><input type=\"hidden\" name=\"_wpcf7\" value=\"245\" \/><input type=\"hidden\" name=\"_wpcf7_version\" value=\"6.1.5\" \/><input type=\"hidden\" name=\"_wpcf7_locale\" value=\"en_US\" \/><input type=\"hidden\" name=\"_wpcf7_unit_tag\" value=\"wpcf7-f245-o1\" \/><input type=\"hidden\" name=\"_wpcf7_container_post\" value=\"0\" \/><input type=\"hidden\" name=\"_wpcf7_posted_data_hash\" value=\"\" \/>\n<\/fieldset>\n<div class=\"dd-card\">\n\t<div class=\"dd-priceform\">\n\n <!-- sor 1 -->\n\t\t<div class=\"dd-col dd-span-2\">\n\t\t\t<p><span class=\"wpcf7-form-control-wrap\" data-name=\"anrede\"><select class=\"wpcf7-form-control wpcf7-select wpcf7-validates-as-required dd-input\" aria-required=\"true\" aria-invalid=\"false\" name=\"anrede\"><option value=\"Anrede *\">Salutation *<\/option><option value=\"Herr\">Mr.<\/option><option value=\"Frau\">Woman<\/option><\/select><\/span>\n\t\t\t<\/p>\n\t\t<\/div>\n\t\t<div class=\"dd-col dd-span-5\">\n\t\t\t<p><span class=\"wpcf7-form-control-wrap\" data-name=\"vorname\"><input size=\"40\" maxlength=\"400\" class=\"wpcf7-form-control wpcf7-text wpcf7-validates-as-required dd-input\" aria-required=\"true\" aria-invalid=\"false\" placeholder=\"First name *\" value=\"\" type=\"text\" name=\"vorname\" \/><\/span>\n\t\t\t<\/p>\n\t\t<\/div>\n\t\t<div class=\"dd-col dd-span-5\">\n\t\t\t<p><span class=\"wpcf7-form-control-wrap\" data-name=\"nachname\"><input size=\"40\" maxlength=\"400\" class=\"wpcf7-form-control wpcf7-text wpcf7-validates-as-required dd-input\" aria-required=\"true\" aria-invalid=\"false\" placeholder=\"Last name *\" value=\"\" type=\"text\" name=\"nachname\" \/><\/span>\n\t\t\t<\/p>\n\t\t<\/div>\n\n <!-- sor 2 -->\n\t\t<div class=\"dd-col dd-span-2\">\n\t\t\t<p><span class=\"wpcf7-form-control-wrap\" data-name=\"lcode\"><input size=\"40\" maxlength=\"400\" class=\"wpcf7-form-control wpcf7-text dd-input\" aria-invalid=\"false\" placeholder=\"Country code\" value=\"\" type=\"text\" name=\"lcode\" \/><\/span>\n\t\t\t<\/p>\n\t\t<\/div>\n\t\t<div class=\"dd-col dd-span-2\">\n\t\t\t<p><span class=\"wpcf7-form-control-wrap\" data-name=\"vorwahl\"><input size=\"40\" maxlength=\"400\" class=\"wpcf7-form-control wpcf7-text dd-input\" aria-invalid=\"false\" placeholder=\"Area code\" value=\"\" type=\"text\" name=\"vorwahl\" \/><\/span>\n\t\t\t<\/p>\n\t\t<\/div>\n\t\t<div class=\"dd-col dd-span-4\">\n\t\t\t<p><span class=\"wpcf7-form-control-wrap\" data-name=\"telefon\"><input size=\"40\" maxlength=\"400\" class=\"wpcf7-form-control wpcf7-text dd-input\" aria-invalid=\"false\" placeholder=\"Telephone\" value=\"\" type=\"text\" name=\"telefon\" \/><\/span>\n\t\t\t<\/p>\n\t\t<\/div>\n\t\t<div class=\"dd-col dd-span-4\">\n\t\t\t<p><span class=\"wpcf7-form-control-wrap\" data-name=\"email\"><input size=\"40\" maxlength=\"400\" class=\"wpcf7-form-control wpcf7-email wpcf7-validates-as-required wpcf7-text wpcf7-validates-as-email dd-input\" aria-required=\"true\" aria-invalid=\"false\" placeholder=\"E-mail *\" value=\"\" type=\"email\" name=\"email\" \/><\/span>\n\t\t\t<\/p>\n\t\t<\/div>\n\n <!-- sor 3 -->\n\t\t<div class=\"dd-col dd-span-12\">\n\t\t\t<p><span class=\"wpcf7-form-control-wrap\" data-name=\"ruckruf\"><select class=\"wpcf7-form-control wpcf7-select dd-input\" aria-invalid=\"false\" name=\"ruckruf\"><option value=\"\u2013 Zeitraum f\u00fcr R\u00fcckruf ausw\u00e4hlen \u2013\">- Select period for callback -<\/option><option value=\"Vormittag (9\u201313)\">Morning (9-13)<\/option><option value=\"Nachmittag (13\u201319)\">Afternoon (13-19)<\/option><\/select><\/span>\n\t\t\t<\/p>\n\t\t<\/div>\n\t\t<div style=\"display:none\">\n\t\t\t<p><span class=\"wpcf7-form-control-wrap\" data-name=\"kacsintos\"><input size=\"40\" maxlength=\"400\" class=\"wpcf7-form-control wpcf7-text dd-input\" aria-invalid=\"false\" placeholder=\"kacsintos\" value=\"\" type=\"text\" name=\"kacsintos\" \/><\/span>\n\t\t\t<\/p>\n\t\t<\/div>\n\t\t<p><span id=\"wpcf7-69d9d4d479470-wrapper\" class=\"wpcf7-form-control-wrap honeypot-968-wrap\" style=\"display:none !important; visibility:hidden !important;\"><label for=\"wpcf7-69d9d4d479470-field\" class=\"hp-message\">Please leave this field empty.<\/label><input id=\"wpcf7-69d9d4d479470-field\"  placeholder=\"kacsint\"  class=\"wpcf7-form-control wpcf7-text\" type=\"text\" name=\"honeypot-968\" value=\"\" size=\"40\" tabindex=\"-1\" autocomplete=\"new-password\" \/><\/span>\n\t\t<\/p>\n\n\n <!-- sor 4: GDPR + gomb -->\n\t\t<div class=\"dd-col dd-span-12 dd-row-end\">\n\t\t\t<p><span class=\"dd-accept\"><br \/>\n<span class=\"wpcf7-form-control-wrap\" data-name=\"datenschutz\"><span class=\"wpcf7-form-control wpcf7-acceptance\"><span class=\"wpcf7-list-item\"><label><input type=\"checkbox\" name=\"datenschutz\" value=\"1\" aria-invalid=\"false\" \/><span class=\"wpcf7-list-item-label\">I have the <a href=\"\/en\/datenschutz\/\" target=\"_blank\" rel=\"noopener\">Privacy policy<\/a> and I agree with it.<\/span><\/label><\/span><\/span><\/span><br \/>\n<\/span><br \/>\n<span class=\"dd-actions\"><br \/>\n<input class=\"wpcf7-form-control wpcf7-submit has-spinner\" type=\"submit\" value=\"Download prices\" \/><\/span>\n\t\t\t<\/p>\n\t\t<\/div>\n\t<\/div>\n<\/div><div class=\"wpcf7-response-output\" aria-hidden=\"true\"><\/div>\n<input type=\"hidden\" name=\"trp-form-language\" value=\"en\"\/><\/form>\n<\/div>\n<\/div><\/div><\/div><\/div>\n<\/div>","protected":false},"excerpt":{"rendered":"Knochenaufbau f\u00fcr Zahnimplantate Der Knochenaufbau ist ein Routineeingriff, vor der man keine Angst haben muss.\u00a0Mit zunehmendem Alter,\u00a0bei chronischer Parodontitis (Zahnfleischentz\u00fcndung) aufgrund von Karies, verlieren Menschen ihre Z\u00e4hne,\u00a0und dadurch nimmt die Knochensubstanz des Kieferknochens ab. Die Folge: Die Zahnwurzel findet im zur\u00fcckweichenden Knochen immer weniger Halt - solange bis sie ausf\u00e4llt.\u00a0Ursachen f\u00fcr einen Knochenschwund sind\u00a0beispielsweise\u00a0auch die <div class=\"btn-more-wrapper\"><a href=\"https:\/\/denisdental.com\/en\/behandlungen\/oralchirurgie\/knochenaufbau\/\" class=\"btn btn-sm btn-hover-fill\"><svg class=\"icon icon-right-arrow\" version=\"1.1\" xmlns=\"http:\/\/www.w3.org\/2000\/svg\" width=\"32\" height=\"32\" viewbox=\"0 0 32 32\"><path d=\"M21.548 5.088c-0.436-0.451-1.162-0.451-1.613 0-0.436 0.436-0.436 1.162 0 1.596l8.177 8.177h-26.984c-0.629 0.001-1.129 0.501-1.129 1.13s0.5 1.145 1.129 1.145h26.984l-8.177 8.162c-0.436 0.451-0.436 1.178 0 1.613 0.451 0.451 1.178 0.451 1.613 0l10.113-10.113c0.451-0.436 0.451-1.162 0-1.596l-10.113-10.114z\"><\/path><\/svg>Read More<span class=\"screen-reader-text\"> \"Knochenaufbau\"<\/span><svg class=\"icon icon-right-arrow\" version=\"1.1\" xmlns=\"http:\/\/www.w3.org\/2000\/svg\" width=\"32\" height=\"32\" viewbox=\"0 0 32 32\"><path d=\"M21.548 5.088c-0.436-0.451-1.162-0.451-1.613 0-0.436 0.436-0.436 1.162 0 1.596l8.177 8.177h-26.984c-0.629 0.001-1.129 0.501-1.129 1.13s0.5 1.145 1.129 1.145h26.984l-8.177 8.162c-0.436 0.451-0.436 1.178 0 1.613 0.451 0.451 1.178 0.451 1.613 0l10.113-10.113c0.451-0.436 0.451-1.162 0-1.596l-10.113-10.114z\"><\/path><\/svg><\/a><\/div>","protected":false},"author":1,"featured_media":0,"parent":4121,"menu_order":0,"comment_status":"closed","ping_status":"closed","template":"","meta":{"footnotes":""},"class_list":["post-2160","page","type-page","status-publish","hentry"],"aioseo_notices":[],"_links":{"self":[{"href":"https:\/\/denisdental.com\/en\/wp-json\/wp\/v2\/pages\/2160","targetHints":{"allow":["GET"]}}],"collection":[{"href":"https:\/\/denisdental.com\/en\/wp-json\/wp\/v2\/pages"}],"about":[{"href":"https:\/\/denisdental.com\/en\/wp-json\/wp\/v2\/types\/page"}],"author":[{"embeddable":true,"href":"https:\/\/denisdental.com\/en\/wp-json\/wp\/v2\/users\/1"}],"replies":[{"embeddable":true,"href":"https:\/\/denisdental.com\/en\/wp-json\/wp\/v2\/comments?post=2160"}],"version-history":[{"count":0,"href":"https:\/\/denisdental.com\/en\/wp-json\/wp\/v2\/pages\/2160\/revisions"}],"up":[{"embeddable":true,"href":"https:\/\/denisdental.com\/en\/wp-json\/wp\/v2\/pages\/4121"}],"wp:attachment":[{"href":"https:\/\/denisdental.com\/en\/wp-json\/wp\/v2\/media?parent=2160"}],"curies":[{"name":"wp","href":"https:\/\/api.w.org\/{rel}","templated":true}]}}