{"id":1506,"date":"2025-09-29T14:31:07","date_gmt":"2025-09-29T12:31:07","guid":{"rendered":"http:\/\/192.168.0.134:81\/?page_id=1506"},"modified":"2026-04-09T08:56:57","modified_gmt":"2026-04-09T06:56:57","slug":"shulterpraparation","status":"publish","type":"page","link":"https:\/\/denisdental.com\/en\/behandlungen\/zahnaesthetik\/shulterpraparation\/","title":{"rendered":"Shoulder preparation"},"content":{"rendered":"<div class=\"wpb-content-wrapper\"><div class=\"tt-shortcode_vc_row 8 vc_row wpb_row vc_row-fluid\" class=\"tt-shortcode_vc_row vc_row wpb_row vc_row-fluid\"><div class=\"wpb_column vc_column_container vc_col-sm-12\"><div class=\"tt-shortcode_vc_clmn vc_column-inner \"><div class=\"wpb_wrapper\">\n\t<div class=\"wpb_raw_code wpb_raw_html wpb_content_element\" >\n\t\t<div class=\"wpb_wrapper\">\n\t\t\t<script type=\"application\/ld+json\">\r\n{\"@context\":\"https:\/\/schema.org\",\"@type\":\"FAQPage\",\"mainEntity\":[\r\n  {\"@type\":\"Question\",\"name\":\"Was ist eine Schulterpr\u00e4paration?\",\"acceptedAnswer\":{\"@type\":\"Answer\",\"text\":\"Die Schulterpr\u00e4paration (auch Stufenpr\u00e4paration) ist die modernste und anspruchsvollste Technik der Zahnpr\u00e4paration. Sie ist besonders geeignet f\u00fcr CAD\/CAM digitale Zahners\u00e4tze und gew\u00e4hrleistet optimale Stabilit\u00e4t, \u00c4sthetik, Passgenauigkeit und Retention der Krone.\"}},\r\n  {\"@type\":\"Question\",\"name\":\"Was sind die Vorteile der Schulterpr\u00e4paration?\",\"acceptedAnswer\":{\"@type\":\"Answer\",\"text\":\"Die Schulterpr\u00e4paration tr\u00e4gt zur \u00c4sthetik und optimalen Mundhygiene bei, verhindert graue Zahnfleischr\u00e4nder, sichert eine pr\u00e4zise Randschlussqualit\u00e4t und verl\u00e4ngert die Lebensdauer von Krone und Zahn. Sie gilt als zahnsubstanzschonende Methode.\"}},\r\n  {\"@type\":\"Question\",\"name\":\"Was ist der Unterschied zur Tangentialpr\u00e4paration?\",\"acceptedAnswer\":{\"@type\":\"Answer\",\"text\":\"Die fr\u00fcher verwendete Tangentialpr\u00e4paration entspricht den modernen \u00e4sthetischen Anspr\u00fcchen nicht mehr. Sie f\u00fchrt zu langen und gro\u00dfen Kronen und weist Nachteile bei Passgenauigkeit und marginaler Kontur auf. Die Schulterpr\u00e4paration liefert deutlich bessere \u00e4sthetische und funktionelle Ergebnisse.\"}}\r\n]}\r\n<\/script>\r\n<script type=\"application\/ld+json\">\r\n{\"@context\":\"https:\/\/schema.org\",\"@type\":\"MedicalOrganization\",\"name\":\"Denis-Focus Dental\",\"url\":\"https:\/\/denisdental.com\",\"telephone\":\"0080092009200\",\"email\":\"info@denisdental.com\",\"address\":{\"@type\":\"PostalAddress\",\"streetAddress\":\"K\u00e1roly \u00fat 2.\",\"addressLocality\":\"Mosonmagyar\u00f3v\u00e1r\",\"postalCode\":\"9200\",\"addressCountry\":\"HU\"},\"geo\":{\"@type\":\"GeoCoordinates\",\"latitude\":47.8759,\"longitude\":17.2737},\"aggregateRating\":{\"@type\":\"AggregateRating\",\"ratingValue\":\"4.9\",\"reviewCount\":\"1240\",\"bestRating\":\"5\"},\"medicalSpecialty\":\"Dentistry\",\"availableService\":[{\"@type\":\"MedicalProcedure\",\"name\":\"Schulterpr\u00e4paration\"},{\"@type\":\"MedicalProcedure\",\"name\":\"Stufenpr\u00e4paration\"},{\"@type\":\"MedicalProcedure\",\"name\":\"Zahnpr\u00e4paration\"}],\"employee\":[{\"@type\":\"Physician\",\"name\":\"Dr. Anita Lenzs\u00e9r\",\"jobTitle\":\"Fachzahn\u00e4rztin\"},{\"@type\":\"Physician\",\"name\":\"Dr. Kitti Zimmerer\",\"jobTitle\":\"Fachzahn\u00e4rztin\"},{\"@type\":\"Physician\",\"name\":\"Dr. Attila B\u00e9res\",\"jobTitle\":\"Fachzahnarzt\"},{\"@type\":\"Physician\",\"name\":\"Dr. D\u00f3ra Szab\u00f3-B\u00e1n\",\"jobTitle\":\"Fachzahn\u00e4rztin\"}]}\r\n<\/script>\r\n<link href=\"https:\/\/fonts.googleapis.com\/css2?family=DM+Serif+Display:ital@0;1&family=Roboto:wght@300;400;500;700&display=swap\" rel=\"stylesheet\">\r\n<style>\r\n*,*::before,*::after{box-sizing:border-box;margin:0;padding:0}\r\n:root{--bg:#F2EADD;--ink:#354753;--muted:#6b7f8a;--rule:#ddd5c8;--white:#ffffff}\r\n.sl *{text-align:left}\r\n.sl-trust-item,.sl-cta{text-align:center}\r\n.sl{font-family:'Roboto',sans-serif;font-size:15px;line-height:1.7;color:var(--ink);background:var(--white);text-align:left}\r\n.sl-hero{background:var(--ink);min-height:280px;position:relative;overflow:hidden;display:flex;align-items:flex-end}\r\n.sl-hero::before{content:'';position:absolute;inset:0;background:linear-gradient(150deg,#1e2e38 0%,#354753 60%,#2c4050 100%)}\r\n.sl-hero-inner{position:relative;z-index:1;max-width:820px;margin:0 auto;width:100%;padding:0 40px 48px}\r\n.sl-hero-tag{font-size:11px;font-weight:500;letter-spacing:.2em;text-transform:uppercase;color:rgba(242,234,221,.5);margin-bottom:14px}\r\n.sl-hero h1{font-family:'DM Serif Display',serif;font-weight:400;font-size:clamp(22px,3.5vw,36px);color:#fff;line-height:1.18;margin-bottom:14px}\r\n.sl-hero h1 em{font-style:italic;color:var(--bg)}\r\n.sl-hero-lead{font-size:15px;color:rgba(255,255,255,.6);max-width:520px;line-height:1.75;margin-bottom:24px}\r\n.sl-hero-btn{display:inline-block;background:var(--bg);color:var(--ink);text-decoration:none;font-weight:700;font-size:13px;letter-spacing:.07em;text-transform:uppercase;padding:13px 30px;border-radius:4px;transition:opacity .2s,transform .15s}\r\n.sl-hero-btn:hover{opacity:.88;transform:translateY(-1px);color:var(--ink);text-decoration:none}\r\n.sl-trust{background:var(--bg);border-bottom:1px solid var(--rule)}\r\n.sl-trust-inner{max-width:820px;margin:0 auto;padding:0 40px;display:grid;grid-template-columns:repeat(4,1fr)}\r\n.sl-trust-item{padding:20px 16px;border-right:1px solid var(--rule);text-align:center}\r\n.sl-trust-item:last-child{border-right:none}\r\n.sl-trust-num{font-family:'DM Serif Display',serif;font-size:26px;color:var(--ink);line-height:1;margin-bottom:4px}\r\n.sl-trust-lbl{font-size:12px;color:var(--muted);line-height:1.4}\r\n.sl-eyebrow{font-size:11px;font-weight:700;letter-spacing:.15em;text-transform:uppercase;color:var(--muted);margin-bottom:8px}\r\n.sl-h2{font-family:'DM Serif Display',serif;font-size:23px;font-weight:400;color:var(--ink);line-height:1.28;margin-bottom:18px}\r\n\/* INTRO *\/\r\n.sl-intro{max-width:820px;margin:0 auto;padding:52px 40px}\r\n.sl-intro h2{font-family:'DM Serif Display',serif;font-size:24px;font-weight:400;color:var(--ink);line-height:1.25;margin-bottom:20px}\r\n.sl-intro p{font-size:15px;color:#444;line-height:1.78;margin-bottom:14px}\r\n\/* VERGLEICH *\/\r\n.sl-vgl{background:var(--bg);border-top:1px solid var(--rule);border-bottom:1px solid var(--rule);padding:52px 40px}\r\n.sl-vgl-inner{max-width:820px;margin:0 auto}\r\n.sl-vgl-grid{display:grid;grid-template-columns:1fr 1fr;gap:14px;margin-top:8px}\r\n.sl-vgl-card{background:var(--white);border:1px solid var(--rule);border-radius:8px;padding:22px}\r\n.sl-vgl-card-title{font-size:14px;font-weight:700;color:var(--ink);margin-bottom:12px;display:flex;align-items:center;gap:8px}\r\n.sl-vgl-card ul{list-style:none;display:flex;flex-direction:column;gap:8px}\r\n.sl-vgl-card li{font-size:13.5px;color:#444;line-height:1.55;padding-left:22px;position:relative}\r\n.sl-vgl-card.yes li::before{content:'\u2713';position:absolute;left:0;font-size:11px;font-weight:700;color:#3a7d44;top:2px}\r\n.sl-vgl-card.no li::before{content:'\u2013';position:absolute;left:0;font-size:14px;color:var(--muted);top:0}\r\n\/* VORTEILE *\/\r\n.sl-vorteile{max-width:820px;margin:0 auto;padding:52px 40px}\r\n.sl-vorteile h2{font-family:'DM Serif Display',serif;font-size:23px;font-weight:400;color:var(--ink);line-height:1.28;margin-bottom:18px}\r\n.sl-vort-grid{display:grid;grid-template-columns:1fr 1fr;gap:10px}\r\n.sl-vort-card{background:var(--bg);border:1px solid var(--rule);border-radius:8px;padding:16px 18px;display:flex;gap:12px;align-items:flex-start}\r\n.sl-vort-icon{font-size:16px;flex-shrink:0;margin-top:2px}\r\n.sl-vort-text{font-size:13.5px;color:var(--ink);line-height:1.55}\r\n\/* INFO *\/\r\n.sl-info{background:var(--ink);padding:52px 40px}\r\n.sl-info-inner{max-width:820px;margin:0 auto}\r\n.sl-info .sl-eyebrow{color:rgba(242,234,221,.45)}\r\n.sl-info h2{font-family:'DM Serif Display',serif;font-size:23px;font-weight:400;color:#fff;line-height:1.25;margin-bottom:14px}\r\n.sl-info p{font-size:15px;color:rgba(255,255,255,.6);line-height:1.78;margin-bottom:12px}\r\n\/* FAQ *\/\r\n.sl-faq{border-top:1px solid var(--rule);background:var(--bg);padding:52px 40px}\r\n.sl-faq-inner{max-width:820px;margin:0 auto}\r\n.sl-faq-list{border:1px solid var(--rule);border-radius:8px;overflow:hidden}\r\n.sl-faq-item{border-bottom:1px solid var(--rule);background:var(--white)}\r\n.sl-faq-item:last-child{border-bottom:none}\r\n.sl-faq-btn{width:100%;background:none;border:none;cursor:pointer;padding:18px 22px;display:flex;align-items:center;justify-content:space-between;gap:16px;text-align:left;font-family:'Roboto',sans-serif;font-size:15px;font-weight:500;color:var(--ink);line-height:1.4;transition:background .12s}\r\n.sl-faq-btn:hover{background:#f6f1ea}\r\n.sl-faq-icon{width:24px;height:24px;min-width:24px;border:1px solid var(--rule);border-radius:50%;display:flex;align-items:center;justify-content:center;font-size:18px;line-height:1;color:var(--muted);transition:transform .22s,background .2s,border-color .2s,color .2s}\r\n.sl-faq-item.open .sl-faq-icon{transform:rotate(45deg);background:var(--ink);border-color:var(--ink);color:#fff}\r\n.sl-faq-answer{display:none;padding:14px 22px 18px;border-top:1px solid var(--bg);font-size:14.5px;color:#555;line-height:1.75}\r\n.sl-faq-item.open .sl-faq-answer{display:block}\r\n\/* CTA *\/\r\n.sl-cta{background:var(--ink);padding:52px 40px;text-align:center}\r\n.sl-cta h2{font-family:'DM Serif Display',serif;font-size:26px;font-weight:400;color:#fff;line-height:1.22;margin-bottom:10px}\r\n.sl-cta h2 em{font-style:italic;color:var(--bg)}\r\n.sl-cta-sub{font-size:15px;color:rgba(255,255,255,.55);max-width:420px;margin:0 auto 24px;line-height:1.65}\r\n.sl-cta-btns{display:flex;gap:12px;justify-content:center;flex-wrap:wrap}\r\n.sl-btn-pri{display:inline-block;background:var(--bg);color:var(--ink);text-decoration:none;font-weight:700;font-size:13px;letter-spacing:.07em;text-transform:uppercase;padding:14px 34px;border-radius:4px;transition:opacity .2s,transform .15s}\r\n.sl-btn-pri:hover{opacity:.88;transform:translateY(-1px);color:var(--ink);text-decoration:none}\r\n.sl-btn-sec{display:inline-block;background:transparent;color:rgba(255,255,255,.72);text-decoration:none;font-size:13px;font-weight:400;letter-spacing:.07em;text-transform:uppercase;padding:14px 28px;border-radius:4px;border:1px solid rgba(255,255,255,.22);transition:border-color .2s,color .2s}\r\n.sl-btn-sec:hover{border-color:rgba(255,255,255,.55);color:#fff;text-decoration:none}\r\n@media(max-width:680px){\r\n  .sl-hero-inner,.sl-intro,.sl-vorteile,.sl-faq-inner,.sl-cta{padding-left:22px;padding-right:22px}\r\n  .sl-vgl,.sl-info,.sl-faq{padding-left:22px;padding-right:22px}\r\n  .sl-trust-inner{grid-template-columns:1fr 1fr}\r\n  .sl-trust-item{border-right:none;border-bottom:1px solid var(--rule);padding:16px 10px}\r\n  .sl-vgl-grid,.sl-vort-grid{grid-template-columns:1fr}\r\n  .sl-hero h1{font-size:20px!important}\r\n  .sl-cta h2{font-size:22px}\r\n}\r\n<\/style>\r\n\r\n<div class=\"sl\">\r\n\r\n  <!-- HERO -->\r\n  <div class=\"sl-hero\">\r\n    <div class=\"sl-hero-inner\">\r\n      <div class=\"sl-hero-tag\">Zahnpr\u00e4paration \u00b7 CAD\/CAM \u00b7 Denis-Focus Dental<\/div>\r\n      <h1>Schulterpr\u00e4paration \u2013<br><em>die modernste Technik<\/em><br>f\u00fcr pr\u00e4zisen Zahnersatz.<\/h1>\r\n      <p class=\"sl-hero-lead\">Die <strong>Schulterpr\u00e4paration<\/strong> bei Denis-Focus Dental ist die anspruchsvollste Methode der Zahnpr\u00e4paration \u2013 f\u00fcr optimale \u00c4sthetik, Passgenauigkeit und Langlebigkeit bei CAD\/CAM digitalem Zahnersatz. Ca. 60 km von Wien.<\/p>\r\n      <a href=\"https:\/\/denisdental.com\/kontakt\/\" class=\"sl-hero-btn\">Kostenlose Beratung anfragen<\/a>\r\n    <\/div>\r\n  <\/div>\r\n\r\n  <!-- TRUST -->\r\n  <div class=\"sl-trust\">\r\n    <div class=\"sl-trust-inner\">\r\n      <div class=\"sl-trust-item\"><div class=\"sl-trust-num\">CAD\/CAM<\/div><div class=\"sl-trust-lbl\">Digitaler Zahnersatz auf h\u00f6chstem Niveau<\/div><\/div>\r\n      <div class=\"sl-trust-item\"><div class=\"sl-trust-num\">25+<\/div><div class=\"sl-trust-lbl\">Jahre Erfahrung in der Zahnmedizin<\/div><\/div>\r\n      <div class=\"sl-trust-item\"><div class=\"sl-trust-num\">4,9 \u2605<\/div><div class=\"sl-trust-lbl\">Google-Bewertung \u00b7 1.240+ Bewertungen<\/div><\/div>\r\n      <div class=\"sl-trust-item\"><div class=\"sl-trust-num\">~60 km<\/div><div class=\"sl-trust-lbl\">Von Wien \u2013 ca. 45 Min. via A4\/M1<\/div><\/div>\r\n    <\/div>\r\n  <\/div>\r\n\r\n  <!-- INTRO -->\r\n  <div class=\"sl-intro\">\r\n    <h2>Schulterpr\u00e4paration bei Denis-Focus Dental \u2013 was ist das und warum ist sie wichtig?<\/h2>\r\n    <p>Die <strong>Schulterpr\u00e4paration<\/strong> \u2013 auch Stufenpr\u00e4paration genannt \u2013 ist die modernste und anspruchsvollste Technik der Zahnpr\u00e4paration. Sie ist daher die geeignete Methode bei der Anfertigung von CAD\/CAM digitalen Zahners\u00e4tzen. Stabilit\u00e4t, \u00c4sthetik, Passgenauigkeit und Retention der Krone werden durch diese Technik des Abschleifens optimiert.<\/p>\r\n    <p>Zur Vermeidung partiell zu d\u00fcnn abgeschiedener Schichten des Kronenaufbaus bevorzugen unsere Fachzahn\u00e4rzte und Zahntechniker bei Denis-Focus Dental abgerundete Pr\u00e4parationsformen \u2013 insbesondere die <strong>Schulterpr\u00e4paration mit abgerundeter Innenkante<\/strong>. Sie beansprucht, wie jede Pr\u00e4zisionsarbeit, viel Aufwand beim Abschleifen und Bearbeiten des Zahnes. Dadurch werden eine gute Randschlussqualit\u00e4t und eine gut ersichtliche Pr\u00e4parationsgrenze erzielt. Laut <a href=\"https:\/\/www.kzbv.de\/zahnersatz.241.de.html\" target=\"_blank\" rel=\"noopener noreferrer\">KZBV<\/a> ist die Pr\u00e4parationsqualit\u00e4t entscheidend f\u00fcr die Langlebigkeit von Zahnersatz.<\/p>\r\n  <\/div>\r\n\r\n  <!-- VERGLEICH -->\r\n  <div class=\"sl-vgl\">\r\n    <div class=\"sl-vgl-inner\">\r\n      <div class=\"sl-eyebrow\">Schulterpr\u00e4paration vs. Tangentialpr\u00e4paration<\/div>\r\n      <h2 class=\"sl-h2\">Warum ist die Schulterpr\u00e4paration die bessere Wahl?<\/h2>\r\n      <div class=\"sl-vgl-grid\">\r\n        <div class=\"sl-vgl-card yes\">\r\n          <div class=\"sl-vgl-card-title\">\u2713 Schulterpr\u00e4paration<\/div>\r\n          <ul>\r\n            <li>Optimale Passgenauigkeit und Randschlussqualit\u00e4t<\/li>\r\n            <li>Gut ersichtliche Pr\u00e4parationsgrenze<\/li>\r\n            <li>Krone schlie\u00dft pr\u00e4zise \u2013 keine Infiltrationen<\/li>\r\n            <li>Kein grauer Zahnfleischrand<\/li>\r\n            <li>\u00c4sthetisch und biologisch schleimhautfreundlich<\/li>\r\n            <li>Zahnsubstanz schonend<\/li>\r\n            <li>Optimale Mundhygiene m\u00f6glich<\/li>\r\n          <\/ul>\r\n        <\/div>\r\n        <div class=\"sl-vgl-card no\">\r\n          <div class=\"sl-vgl-card-title\">\u2013 Tangentialpr\u00e4paration (veraltet)<\/div>\r\n          <ul>\r\n            <li>Entspricht modernen \u00c4sthetikanspr\u00fcchen nicht mehr<\/li>\r\n            <li>F\u00fchrt zu langen und gro\u00dfen Kronen<\/li>\r\n            <li>Nachteile bei Passgenauigkeit<\/li>\r\n            <li>Marginale Kontur am Kronenrand problematisch<\/li>\r\n            <li>Erh\u00f6htes Risiko f\u00fcr Zahnfleischprobleme<\/li>\r\n          <\/ul>\r\n        <\/div>\r\n      <\/div>\r\n    <\/div>\r\n  <\/div>\r\n\r\n  <!-- VORTEILE -->\r\n  <div class=\"sl-vorteile\">\r\n    <div class=\"sl-eyebrow\">Alle Vorteile im \u00dcberblick<\/div>\r\n    <h2>Vorteile der Schulterpr\u00e4paration bei Denis-Focus Dental<\/h2>\r\n    <div class=\"sl-vort-grid\">\r\n      <div class=\"sl-vort-card\">\r\n        <span class=\"sl-vort-icon\">\u2713<\/span>\r\n        <div class=\"sl-vort-text\">Tr\u00e4gt zur \u00c4sthetik und zu einer optimalen Mundhygiene bei.<\/div>\r\n      <\/div>\r\n      <div class=\"sl-vort-card\">\r\n        <span class=\"sl-vort-icon\">\u2713<\/span>\r\n        <div class=\"sl-vort-text\">Der Rand der Krone liegt am Zahnstumpf genau an \u2013 Krone und Zahn werden optimal zusammengef\u00fcgt.<\/div>\r\n      <\/div>\r\n      <div class=\"sl-vort-card\">\r\n        <span class=\"sl-vort-icon\">\u2713<\/span>\r\n        <div class=\"sl-vort-text\">Haltbarkeit und Lebensdauer der Krone und des Zahnes werden verl\u00e4ngert.<\/div>\r\n      <\/div>\r\n      <div class=\"sl-vort-card\">\r\n        <span class=\"sl-vort-icon\">\u2713<\/span>\r\n        <div class=\"sl-vort-text\">Gilt als zahnsubstanzschonende Pr\u00e4parationsmethode.<\/div>\r\n      <\/div>\r\n      <div class=\"sl-vort-card\">\r\n        <span class=\"sl-vort-icon\">\u2713<\/span>\r\n        <div class=\"sl-vort-text\">Das Zahnfleisch bleibt gesund und gesch\u00fctzt.<\/div>\r\n      <\/div>\r\n      <div class=\"sl-vort-card\">\r\n        <span class=\"sl-vort-icon\">\u2713<\/span>\r\n        <div class=\"sl-vort-text\">Hilft, graue Zahnfleischr\u00e4nder zu vermeiden.<\/div>\r\n      <\/div>\r\n      <div class=\"sl-vort-card\">\r\n        <span class=\"sl-vort-icon\">\u2713<\/span>\r\n        <div class=\"sl-vort-text\">Die Krone schlie\u00dft besser \u2013 Infiltrationen werden vermieden.<\/div>\r\n      <\/div>\r\n      <div class=\"sl-vort-card\">\r\n        <span class=\"sl-vort-icon\">\u2713<\/span>\r\n        <div class=\"sl-vort-text\">Wesentlich \u00e4sthetischer und biologisch schleimhautfreundlicher als Alternativmethoden.<\/div>\r\n      <\/div>\r\n      <div class=\"sl-vort-card\">\r\n        <span class=\"sl-vort-icon\">\u2713<\/span>\r\n        <div class=\"sl-vort-text\">Erzielt bei Zahnersatz ein langfristiges, dauerhaftes Ergebnis.<\/div>\r\n      <\/div>\r\n      <div class=\"sl-vort-card\">\r\n        <span class=\"sl-vort-icon\">\u2713<\/span>\r\n        <div class=\"sl-vort-text\">Gilt als anspruchsvolle, zeitgerechte Methode der Zahnvorbereitung.<\/div>\r\n      <\/div>\r\n    <\/div>\r\n  <\/div>\r\n\r\n  <!-- INFO -->\r\n  <div class=\"sl-info\">\r\n    <div class=\"sl-info-inner\">\r\n      <div class=\"sl-eyebrow\">Pr\u00e4zision bei Denis-Focus Dental<\/div>\r\n      <h2>Schulterpr\u00e4paration \u2013 Standard bei allen CAD\/CAM Zahners\u00e4tzen<\/h2>\r\n      <p>Bei Denis-Focus Dental ist die <strong>Schulterpr\u00e4paration<\/strong> der Standard bei allen CAD\/CAM digitalen Zahners\u00e4tzen \u2013 von der <a href=\"https:\/\/denisdental.com\/behandlungen\/zahnersatz\/zahnkrone\/\" style=\"color:var(--bg);font-weight:700;text-decoration:none;\">Zahnkrone<\/a> bis zur Br\u00fccke. Unsere Fachzahn\u00e4rzte und Zahntechniker arbeiten dabei eng zusammen, um die bestm\u00f6gliche Randschlussqualit\u00e4t zu erzielen.<\/p>\r\n      <p>Die Schulterpr\u00e4paration sichert den Rand am Zahnfu\u00df und den erforderlichen Platz zur Auflage der Krone. So tr\u00e4gt sie nicht nur zur \u00c4sthetik bei, sondern auch zu einer optimalen Mundhygiene \u2013 denn die Krone schlie\u00dft pr\u00e4zise und Infiltrationen werden dauerhaft vermieden. Unser Ziel ist ein <strong>langfristiges, \u00e4sthetisch \u00fcberzeugendes Ergebnis<\/strong> f\u00fcr jeden Patienten.<\/p>\r\n    <\/div>\r\n  <\/div>\r\n\r\n  <!-- FAQ -->\r\n  <div class=\"sl-faq\">\r\n    <div class=\"sl-faq-inner\">\r\n      <div class=\"sl-eyebrow\">H\u00e4ufige Fragen<\/div>\r\n      <h2 class=\"sl-h2\">H\u00e4ufige Fragen zur Schulterpr\u00e4paration<\/h2>\r\n      <div class=\"sl-faq-list\">\r\n        <div class=\"sl-faq-item\">\r\n          <button class=\"sl-faq-btn\" onclick=\"this.closest('.sl-faq-item').classList.toggle('open')\">Was ist eine Schulterpr\u00e4paration?<span class=\"sl-faq-icon\">+<\/span><\/button>\r\n          <div class=\"sl-faq-answer\">Die <strong>Schulterpr\u00e4paration<\/strong> (auch Stufenpr\u00e4paration) ist die modernste und anspruchsvollste Technik der Zahnpr\u00e4paration. Sie ist besonders geeignet f\u00fcr CAD\/CAM digitale Zahners\u00e4tze und gew\u00e4hrleistet optimale Stabilit\u00e4t, \u00c4sthetik, Passgenauigkeit und Retention der Krone.<\/div>\r\n        <\/div>\r\n        <div class=\"sl-faq-item\">\r\n          <button class=\"sl-faq-btn\" onclick=\"this.closest('.sl-faq-item').classList.toggle('open')\">Was sind die Vorteile der Schulterpr\u00e4paration?<span class=\"sl-faq-icon\">+<\/span><\/button>\r\n          <div class=\"sl-faq-answer\">Die <strong>Schulterpr\u00e4paration<\/strong> tr\u00e4gt zur \u00c4sthetik und optimalen Mundhygiene bei, verhindert graue Zahnfleischr\u00e4nder, sichert eine pr\u00e4zise Randschlussqualit\u00e4t und verl\u00e4ngert die Lebensdauer von Krone und Zahn. Sie gilt au\u00dferdem als zahnsubstanzschonende Methode.<\/div>\r\n        <\/div>\r\n        <div class=\"sl-faq-item\">\r\n          <button class=\"sl-faq-btn\" onclick=\"this.closest('.sl-faq-item').classList.toggle('open')\">Was ist der Unterschied zur Tangentialpr\u00e4paration?<span class=\"sl-faq-icon\">+<\/span><\/button>\r\n          <div class=\"sl-faq-answer\">Die fr\u00fcher verwendete Tangentialpr\u00e4paration entspricht den modernen \u00e4sthetischen Anspr\u00fcchen nicht mehr. Sie f\u00fchrt zu langen und gro\u00dfen Kronen und weist Nachteile bei Passgenauigkeit und marginaler Kontur auf. Die <strong>Schulterpr\u00e4paration<\/strong> liefert deutlich bessere \u00e4sthetische und funktionelle Ergebnisse.<\/div>\r\n        <\/div>\r\n      <\/div>\r\n    <\/div>\r\n  <\/div>\r\n\r\n  <!-- CTA -->\r\n  <div class=\"sl-cta\">\r\n    <h2>Pr\u00e4ziser Zahnersatz beginnt mit der<br><em>richtigen Pr\u00e4paration.<\/em><\/h2>\r\n    <p class=\"sl-cta-sub\">Denis-Focus Dental in Mosonmagyar\u00f3v\u00e1r \u2013 ca. 60 km von Wien. Kostenlose Erstberatung, modernste CAD\/CAM Technologie.<\/p>\r\n    <div class=\"sl-cta-btns\">\r\n      <a href=\"https:\/\/denisdental.com\/kontakt\/\" class=\"sl-btn-pri\">Jetzt Termin anfragen<\/a>\r\n      <a href=\"tel:0080092009200\" class=\"sl-btn-sec\">00 800 9200 9200<\/a>\r\n    <\/div>\r\n  <\/div>\r\n\r\n<\/div>\n\t\t<\/div>\n\t<\/div>\n<\/div><\/div><\/div><\/div>\n<\/div>","protected":false},"excerpt":{"rendered":"Zahnpr\u00e4paration \u00b7 CAD\/CAM \u00b7 Denis-Focus Dental Schulterpr\u00e4paration \u2013die modernste Technikf\u00fcr pr\u00e4zisen Zahnersatz. Die Schulterpr\u00e4paration bei Denis-Focus Dental ist die anspruchsvollste Methode der Zahnpr\u00e4paration \u2013 f\u00fcr optimale \u00c4sthetik, Passgenauigkeit und Langlebigkeit bei CAD\/CAM digitalem Zahnersatz. Ca. 60 km von Wien. Kostenlose Beratung anfragen CAD\/CAMDigitaler Zahnersatz auf h\u00f6chstem Niveau 25+Jahre Erfahrung in der Zahnmedizin 4,9 \u2605Google-Bewertung \u00b7 <div class=\"btn-more-wrapper\"><a href=\"https:\/\/denisdental.com\/en\/behandlungen\/zahnaesthetik\/shulterpraparation\/\" class=\"btn btn-sm btn-hover-fill\"><svg class=\"icon icon-right-arrow\" version=\"1.1\" xmlns=\"http:\/\/www.w3.org\/2000\/svg\" width=\"32\" height=\"32\" viewbox=\"0 0 32 32\"><path d=\"M21.548 5.088c-0.436-0.451-1.162-0.451-1.613 0-0.436 0.436-0.436 1.162 0 1.596l8.177 8.177h-26.984c-0.629 0.001-1.129 0.501-1.129 1.13s0.5 1.145 1.129 1.145h26.984l-8.177 8.162c-0.436 0.451-0.436 1.178 0 1.613 0.451 0.451 1.178 0.451 1.613 0l10.113-10.113c0.451-0.436 0.451-1.162 0-1.596l-10.113-10.114z\"><\/path><\/svg>Read More<span class=\"screen-reader-text\"> \"Schulterpr\u00e4paration\"<\/span><svg class=\"icon icon-right-arrow\" version=\"1.1\" xmlns=\"http:\/\/www.w3.org\/2000\/svg\" width=\"32\" height=\"32\" viewbox=\"0 0 32 32\"><path d=\"M21.548 5.088c-0.436-0.451-1.162-0.451-1.613 0-0.436 0.436-0.436 1.162 0 1.596l8.177 8.177h-26.984c-0.629 0.001-1.129 0.501-1.129 1.13s0.5 1.145 1.129 1.145h26.984l-8.177 8.162c-0.436 0.451-0.436 1.178 0 1.613 0.451 0.451 1.178 0.451 1.613 0l10.113-10.113c0.451-0.436 0.451-1.162 0-1.596l-10.113-10.114z\"><\/path><\/svg><\/a><\/div>","protected":false},"author":1,"featured_media":0,"parent":4131,"menu_order":0,"comment_status":"closed","ping_status":"closed","template":"custompagett.php","meta":{"footnotes":""},"class_list":["post-1506","page","type-page","status-publish","hentry"],"aioseo_notices":[],"_links":{"self":[{"href":"https:\/\/denisdental.com\/en\/wp-json\/wp\/v2\/pages\/1506","targetHints":{"allow":["GET"]}}],"collection":[{"href":"https:\/\/denisdental.com\/en\/wp-json\/wp\/v2\/pages"}],"about":[{"href":"https:\/\/denisdental.com\/en\/wp-json\/wp\/v2\/types\/page"}],"author":[{"embeddable":true,"href":"https:\/\/denisdental.com\/en\/wp-json\/wp\/v2\/users\/1"}],"replies":[{"embeddable":true,"href":"https:\/\/denisdental.com\/en\/wp-json\/wp\/v2\/comments?post=1506"}],"version-history":[{"count":1,"href":"https:\/\/denisdental.com\/en\/wp-json\/wp\/v2\/pages\/1506\/revisions"}],"predecessor-version":[{"id":8693,"href":"https:\/\/denisdental.com\/en\/wp-json\/wp\/v2\/pages\/1506\/revisions\/8693"}],"up":[{"embeddable":true,"href":"https:\/\/denisdental.com\/en\/wp-json\/wp\/v2\/pages\/4131"}],"wp:attachment":[{"href":"https:\/\/denisdental.com\/en\/wp-json\/wp\/v2\/media?parent=1506"}],"curies":[{"name":"wp","href":"https:\/\/api.w.org\/{rel}","templated":true}]}}