{"id":1168,"date":"2019-01-02T12:44:18","date_gmt":"2019-01-02T12:44:18","guid":{"rendered":"\/\/websmirno.site\/wp\/clinic\/demo_import01\/03-quicklinks-request-form\/"},"modified":"2026-03-19T13:35:00","modified_gmt":"2026-03-19T12:35:00","slug":"03-quicklinks-request-form","status":"publish","type":"page","link":"https:\/\/denisdental.com\/en\/03-quicklinks-request-form\/","title":{"rendered":"03 QuickLinks - Request Form"},"content":{"rendered":"<div class=\"tt-shortcode_vc_clmn contact7__custom-form\"><h5 style=\"text-align: left\" class=\"vc_custom_heading link-drop-title\" ><svg class=\"icon icon-pencil-writing-on-notebook\" version=\"1.1\" xmlns=\"http:\/\/www.w3.org\/2000\/svg\" width=\"32\" height=\"32\" viewbox=\"0 0 32 32\"><path d=\"M30.192 14.401c-1.695-1.695-4.453-1.695-6.148 0l-0.322 0.322 6.148 6.148 0.322-0.322c1.695-1.695 1.695-4.453 0-6.148z\"><\/path><path d=\"M23.86 21.633c-0.249 0.248-0.651 0.248-0.9 0s-0.249-0.652 0-0.9l2.389-2.389-2.624-2.624-3.029 3.029c-0.123 0.123-0.201 0.283-0.223 0.456l-0.728 5.768c-0.030 0.24 0.052 0.481 0.223 0.652s0.412 0.254 0.652 0.223l5.768-0.728c0.172-0.022 0.333-0.1 0.456-0.223l3.029-3.029-2.624-2.624-2.389 2.389zM20.37 24.503c-0.077 0.010-0.154-0.017-0.209-0.072s-0.081-0.132-0.072-0.209l0.233-1.846 1.893 1.893-1.845 0.233z\"><\/path><path d=\"M25.025 26.91v1.187h-14.805v-24.194h14.805v8.423c0.711-0.345 1.489-0.544 2.298-0.58v-8.608c0-0.846-0.686-1.532-1.532-1.532h-21.138c-0.846 0-1.532 0.686-1.532 1.532v3.749h-1.129c-0.802 0-1.455 0.653-1.455 1.455s0.653 1.455 1.455 1.455h1.129v4.748h-1.129c-0.802 0-1.455 0.653-1.455 1.455s0.653 1.455 1.455 1.455h1.129v4.748h-1.129c-0.802 0-1.455 0.653-1.455 1.455s0.653 1.455 1.455 1.455h1.129v3.749c0 0.846 0.686 1.532 1.532 1.532h21.138c0.846 0 1.532-0.686 1.532-1.532v-2.67c-0.351 0.32-0.796 0.528-1.269 0.588l-1.029 0.13zM7.755 28.097h-2.336v-2.983h0.364c0.802 0 1.455-0.653 1.455-1.455s-0.653-1.455-1.455-1.455h-0.364v-4.748h0.364c0.802 0 1.455-0.653 1.455-1.455s-0.653-1.455-1.455-1.455h-0.364v-4.748h0.364c0.802 0 1.455-0.653 1.455-1.455s-0.653-1.455-1.455-1.455h-0.364v-2.983h2.336v24.194z\"><\/path><\/svg>Request form<\/h5>\n<div class=\"wpcf7 no-js\" id=\"wpcf7-f245-o1\" lang=\"en-US\" dir=\"ltr\" data-wpcf7-id=\"245\">\n<div class=\"screen-reader-response\"><p role=\"status\" aria-live=\"polite\" aria-atomic=\"true\"><\/p> <ul><\/ul><\/div>\n<form action=\"\/en\/wp-json\/wp\/v2\/pages\/1168\/#wpcf7-f245-o1\" method=\"post\" class=\"wpcf7-form init\" aria-label=\"Contact form\" novalidate=\"novalidate\" data-status=\"init\" data-trp-original-action=\"\/en\/wp-json\/wp\/v2\/pages\/1168\/#wpcf7-f245-o1\">\n<fieldset class=\"hidden-fields-container\"><input type=\"hidden\" name=\"_wpcf7\" value=\"245\" \/><input type=\"hidden\" name=\"_wpcf7_version\" value=\"6.1.5\" \/><input type=\"hidden\" name=\"_wpcf7_locale\" value=\"en_US\" \/><input type=\"hidden\" name=\"_wpcf7_unit_tag\" value=\"wpcf7-f245-o1\" \/><input type=\"hidden\" name=\"_wpcf7_container_post\" value=\"0\" \/><input type=\"hidden\" name=\"_wpcf7_posted_data_hash\" value=\"\" \/>\n<\/fieldset>\n<div class=\"dd-card\">\n\t<div class=\"dd-priceform\">\n\n <!-- sor 1 -->\n\t\t<div class=\"dd-col dd-span-2\">\n\t\t\t<p><span class=\"wpcf7-form-control-wrap\" data-name=\"anrede\"><select class=\"wpcf7-form-control wpcf7-select wpcf7-validates-as-required dd-input\" aria-required=\"true\" aria-invalid=\"false\" name=\"anrede\"><option value=\"Anrede *\">Salutation *<\/option><option value=\"Herr\">Mr.<\/option><option value=\"Frau\">Woman<\/option><\/select><\/span>\n\t\t\t<\/p>\n\t\t<\/div>\n\t\t<div class=\"dd-col dd-span-5\">\n\t\t\t<p><span class=\"wpcf7-form-control-wrap\" data-name=\"vorname\"><input size=\"40\" maxlength=\"400\" class=\"wpcf7-form-control wpcf7-text wpcf7-validates-as-required dd-input\" aria-required=\"true\" aria-invalid=\"false\" placeholder=\"First name *\" value=\"\" type=\"text\" name=\"vorname\" \/><\/span>\n\t\t\t<\/p>\n\t\t<\/div>\n\t\t<div class=\"dd-col dd-span-5\">\n\t\t\t<p><span class=\"wpcf7-form-control-wrap\" data-name=\"nachname\"><input size=\"40\" maxlength=\"400\" class=\"wpcf7-form-control wpcf7-text wpcf7-validates-as-required dd-input\" aria-required=\"true\" aria-invalid=\"false\" placeholder=\"Last name *\" value=\"\" type=\"text\" name=\"nachname\" \/><\/span>\n\t\t\t<\/p>\n\t\t<\/div>\n\n <!-- sor 2 -->\n\t\t<div class=\"dd-col dd-span-2\">\n\t\t\t<p><span class=\"wpcf7-form-control-wrap\" data-name=\"lcode\"><input size=\"40\" maxlength=\"400\" class=\"wpcf7-form-control wpcf7-text dd-input\" aria-invalid=\"false\" placeholder=\"Country code\" value=\"\" type=\"text\" name=\"lcode\" \/><\/span>\n\t\t\t<\/p>\n\t\t<\/div>\n\t\t<div class=\"dd-col dd-span-2\">\n\t\t\t<p><span class=\"wpcf7-form-control-wrap\" data-name=\"vorwahl\"><input size=\"40\" maxlength=\"400\" class=\"wpcf7-form-control wpcf7-text dd-input\" aria-invalid=\"false\" placeholder=\"Area code\" value=\"\" type=\"text\" name=\"vorwahl\" \/><\/span>\n\t\t\t<\/p>\n\t\t<\/div>\n\t\t<div class=\"dd-col dd-span-4\">\n\t\t\t<p><span class=\"wpcf7-form-control-wrap\" data-name=\"telefon\"><input size=\"40\" maxlength=\"400\" class=\"wpcf7-form-control wpcf7-text dd-input\" aria-invalid=\"false\" placeholder=\"Telephone\" value=\"\" type=\"text\" name=\"telefon\" \/><\/span>\n\t\t\t<\/p>\n\t\t<\/div>\n\t\t<div class=\"dd-col dd-span-4\">\n\t\t\t<p><span class=\"wpcf7-form-control-wrap\" data-name=\"email\"><input size=\"40\" maxlength=\"400\" class=\"wpcf7-form-control wpcf7-email wpcf7-validates-as-required wpcf7-text wpcf7-validates-as-email dd-input\" aria-required=\"true\" aria-invalid=\"false\" placeholder=\"E-mail *\" value=\"\" type=\"email\" name=\"email\" \/><\/span>\n\t\t\t<\/p>\n\t\t<\/div>\n\n <!-- sor 3 -->\n\t\t<div class=\"dd-col dd-span-12\">\n\t\t\t<p><span class=\"wpcf7-form-control-wrap\" data-name=\"ruckruf\"><select class=\"wpcf7-form-control wpcf7-select dd-input\" aria-invalid=\"false\" name=\"ruckruf\"><option value=\"\u2013 Zeitraum f\u00fcr R\u00fcckruf ausw\u00e4hlen \u2013\">- Select period for callback -<\/option><option value=\"Vormittag (9\u201313)\">Morning (9-13)<\/option><option value=\"Nachmittag (13\u201319)\">Afternoon (13-19)<\/option><\/select><\/span>\n\t\t\t<\/p>\n\t\t<\/div>\n\t\t<div style=\"display:none\">\n\t\t\t<p><span class=\"wpcf7-form-control-wrap\" data-name=\"kacsintos\"><input size=\"40\" maxlength=\"400\" class=\"wpcf7-form-control wpcf7-text dd-input\" aria-invalid=\"false\" placeholder=\"kacsintos\" value=\"\" type=\"text\" name=\"kacsintos\" \/><\/span>\n\t\t\t<\/p>\n\t\t<\/div>\n\t\t<p><span id=\"wpcf7-69deffbdf330b-wrapper\" class=\"wpcf7-form-control-wrap honeypot-968-wrap\" style=\"display:none !important; visibility:hidden !important;\"><label for=\"wpcf7-69deffbdf330b-field\" class=\"hp-message\">Please leave this field empty.<\/label><input id=\"wpcf7-69deffbdf330b-field\"  placeholder=\"kacsint\"  class=\"wpcf7-form-control wpcf7-text\" type=\"text\" name=\"honeypot-968\" value=\"\" size=\"40\" tabindex=\"-1\" autocomplete=\"new-password\" \/><\/span>\n\t\t<\/p>\n\n\n <!-- sor 4: GDPR + gomb -->\n\t\t<div class=\"dd-col dd-span-12 dd-row-end\">\n\t\t\t<p><span class=\"dd-accept\"><br \/>\n<span class=\"wpcf7-form-control-wrap\" data-name=\"datenschutz\"><span class=\"wpcf7-form-control wpcf7-acceptance\"><span class=\"wpcf7-list-item\"><label><input type=\"checkbox\" name=\"datenschutz\" value=\"1\" aria-invalid=\"false\" \/><span class=\"wpcf7-list-item-label\">I have the <a href=\"\/en\/datenschutz\/\" target=\"_blank\" rel=\"noopener\">Privacy policy<\/a> and I agree with it.<\/span><\/label><\/span><\/span><\/span><br \/>\n<\/span><br \/>\n<span class=\"dd-actions\"><br \/>\n<input class=\"wpcf7-form-control wpcf7-submit has-spinner\" type=\"submit\" value=\"Download prices\" \/><\/span>\n\t\t\t<\/p>\n\t\t<\/div>\n\t<\/div>\n<\/div><div class=\"wpcf7-response-output\" aria-hidden=\"true\"><\/div>\n<input type=\"hidden\" name=\"trp-form-language\" value=\"en\"\/><\/form>\n<\/div>\n<\/div>","protected":false},"excerpt":{"rendered":"Request Form Anrede *HerrFrau \u2013 Zeitraum f\u00fcr R\u00fcckruf ausw\u00e4hlen \u2013Vormittag (9\u201313)Nachmittag (13\u201319) Please leave this field empty. Ich habe die Datenschutzerkl\u00e4rung zur Kenntnis genommen und bin damit einverstanden.","protected":false},"author":1,"featured_media":0,"parent":0,"menu_order":18,"comment_status":"closed","ping_status":"closed","template":"custompagett.php","meta":{"footnotes":""},"class_list":["post-1168","page","type-page","status-publish","hentry"],"aioseo_notices":[],"_links":{"self":[{"href":"https:\/\/denisdental.com\/en\/wp-json\/wp\/v2\/pages\/1168","targetHints":{"allow":["GET"]}}],"collection":[{"href":"https:\/\/denisdental.com\/en\/wp-json\/wp\/v2\/pages"}],"about":[{"href":"https:\/\/denisdental.com\/en\/wp-json\/wp\/v2\/types\/page"}],"author":[{"embeddable":true,"href":"https:\/\/denisdental.com\/en\/wp-json\/wp\/v2\/users\/1"}],"replies":[{"embeddable":true,"href":"https:\/\/denisdental.com\/en\/wp-json\/wp\/v2\/comments?post=1168"}],"version-history":[{"count":0,"href":"https:\/\/denisdental.com\/en\/wp-json\/wp\/v2\/pages\/1168\/revisions"}],"wp:attachment":[{"href":"https:\/\/denisdental.com\/en\/wp-json\/wp\/v2\/media?parent=1168"}],"curies":[{"name":"wp","href":"https:\/\/api.w.org\/{rel}","templated":true}]}}